{"id":1018,"date":"2022-06-14T13:48:52","date_gmt":"2022-06-14T16:48:52","guid":{"rendered":"https:\/\/www.cchla.ufpb.br\/proling\/?page_id=1018"},"modified":"2025-05-28T11:36:45","modified_gmt":"2025-05-28T14:36:45","slug":"cursos","status":"publish","type":"page","link":"https:\/\/www.cchla.ufpb.br\/proling\/cursos\/","title":{"rendered":"Cursos"},"content":{"rendered":"<div class=\"wp-block-ub-content-toggle wp-block-ub-content-toggle-block\" id=\"ub-content-toggle-block-406ea3a4-b616-4a16-b56f-cdcb88ae5361\" data-mobilecollapse=\"false\" data-desktopcollapse=\"false\" data-preventcollapse=\"false\" data-showonlyone=\"false\">\n<div class=\"wp-block-ub-content-toggle-accordion\" style=\"border-color: #cccccc; \" id=\"ub-content-toggle-panel-block-\">\n\t\t\t<div class=\"wp-block-ub-content-toggle-accordion-title-wrap\" style=\"background-color: #cccccc;\" aria-controls=\"ub-content-toggle-panel-0-406ea3a4-b616-4a16-b56f-cdcb88ae5361\" tabindex=\"0\">\n\t\t\t<p class=\"wp-block-ub-content-toggle-accordion-title ub-content-toggle-title-406ea3a4-b616-4a16-b56f-cdcb88ae5361\" style=\"color: #000000; \"><span style=\"font-weight: 600\">DOUTORADO<\/span> <strong>ACAD\u00caMICO<\/strong> <strong>EM LINGU\u00cdSTICA<\/strong><\/p>\n\t\t\t<div class=\"wp-block-ub-content-toggle-accordion-toggle-wrap left\" style=\"color: #000000;\"><span class=\"wp-block-ub-content-toggle-accordion-state-indicator wp-block-ub-math-plus open\"><\/span><\/div>\n\t\t<\/div>\n\t\t\t<div role=\"region\" aria-expanded=\"true\" class=\"wp-block-ub-content-toggle-accordion-content-wrap\" id=\"ub-content-toggle-panel-0-406ea3a4-b616-4a16-b56f-cdcb88ae5361\">\n\n<p class=\"has-background\" style=\"background-color:#f2f2f2\">Curso:  LINGU\u00cdSTICA &#8211; DOUTORADO ACAD\u00caMICO<\/p>\n\n\n\n<p class=\"has-background\" style=\"background-color:#f2f2f2\">C\u00f3digo do Curso:  24001015048D1<\/p>\n\n\n\n<p class=\"has-background\" style=\"background-color:#f2f2f2\">Unidade: PROGRAMA DE P\u00d3S-GRADUA\u00c7\u00c3O EM LINGU\u00cdSTICA<br>Munic\u00edpio: Jo\u00e3o Pessoa<br>Modalidade de Ensino: Presencial<\/p>\n\n\n\n<p class=\"has-background\" style=\"background-color:#f2f2f2\">Coordena\u00e7\u00e3o do Curso:                                                                                                JAN EDSON RODRIGUES LEITE (Coordenador)                                                   MARIANNE CARVALHO BEZERRA CAVALCANTE (Vice-Coordenadora)<\/p>\n\n\n\n<p class=\"has-background\" style=\"background-color:#f2f2f2\">Data de In\u00edcio: 01\/01\/2006<\/p>\n\n\n\n<p class=\"has-background\" style=\"background-color:#f2f2f2\">Telefone\/Ramal(s): (83) 3216.7745 <\/p>\n\n\n\n<p class=\"has-background\" style=\"background-color:#f2f2f2\">E-mail: proling@cchla.ufpb.br<\/p>\n\n\n\n<p class=\"has-background\" style=\"background-color:#f2f2f2\">Conceito: 6<br>Portaria: Port. MEC 609, de 14\/03\/2019, DOU 18\/03\/2019, se\u00e7. 1, p. 63<\/p>\n\n<\/div>\n\t\t<\/div>\n\n<div class=\"wp-block-ub-content-toggle-accordion\" style=\"border-color: #cccccc; \" id=\"ub-content-toggle-panel-block-\">\n\t\t\t<div class=\"wp-block-ub-content-toggle-accordion-title-wrap\" style=\"background-color: #cccccc;\" aria-controls=\"ub-content-toggle-panel-1-406ea3a4-b616-4a16-b56f-cdcb88ae5361\" tabindex=\"0\">\n\t\t\t<p class=\"wp-block-ub-content-toggle-accordion-title ub-content-toggle-title-406ea3a4-b616-4a16-b56f-cdcb88ae5361\" style=\"color: #000000; \"><strong>MESTRADO ACAD\u00caMICO<\/strong> <strong>EM LINGU\u00cdSTICA<\/strong><\/p>\n\t\t\t<div class=\"wp-block-ub-content-toggle-accordion-toggle-wrap left\" style=\"color: #000000;\"><span class=\"wp-block-ub-content-toggle-accordion-state-indicator wp-block-ub-math-plus open\"><\/span><\/div>\n\t\t<\/div>\n\t\t\t<div role=\"region\" aria-expanded=\"true\" class=\"wp-block-ub-content-toggle-accordion-content-wrap\" id=\"ub-content-toggle-panel-1-406ea3a4-b616-4a16-b56f-cdcb88ae5361\">\n\n<p class=\"has-background\" style=\"background-color:#f2f2f2\">Curso:  LINGU\u00cdSTICA &#8211; MESTRADO ACAD\u00caMICO <\/p>\n\n\n\n<p class=\"has-background\" style=\"background-color:#f2f2f2\">C\u00f3digo do Curso:  24001015048M0<\/p>\n\n\n\n<p class=\"has-background\" style=\"background-color:#f2f2f2\">Unidade: PROGRAMA DE P\u00d3S-GRADUA\u00c7\u00c3O EM LINGU\u00cdSTICA<br>Munic\u00edpio: Jo\u00e3o Pessoa<br>Modalidade de Ensino: Presencial<\/p>\n\n\n\n<p class=\"has-background\" style=\"background-color:#f2f2f2\">Coordena\u00e7\u00e3o do Curso:                                                                                                JAN EDSON RODRIGUES LEITE (Coordenador)                                                   MARIANNE CARVALHO BEZERRA CAVALCANTE (Vice-Coordenadora)<\/p>\n\n\n\n<p class=\"has-background\" style=\"background-color:#f2f2f2\">Data de In\u00edcio: 01\/01\/2006<\/p>\n\n\n\n<p class=\"has-background\" style=\"background-color:#f2f2f2\">Telefone\/Ramal(s): (83) 3216.7745 <\/p>\n\n\n\n<p class=\"has-background\" style=\"background-color:#f2f2f2\">E-mail: proling@cchla.ufpb.br<\/p>\n\n\n\n<p class=\"has-background\" style=\"background-color:#f2f2f2\">Conceito: 6<br>Portaria: Port. MEC 609, de 14\/03\/2019, DOU 18\/03\/2019, se\u00e7. 1, p. 63<\/p>\n\n<\/div>\n\t\t<\/div>\n<\/div>\n\n\n<p><\/p>\n","protected":false},"excerpt":{"rendered":"","protected":false},"author":3,"featured_media":0,"parent":0,"menu_order":0,"comment_status":"closed","ping_status":"closed","template":"","meta":{"neve_meta_sidebar":"right","neve_meta_container":"","neve_meta_enable_content_width":"on","neve_meta_content_width":70,"neve_meta_title_alignment":"","neve_meta_author_avatar":"","neve_post_elements_order":"","neve_meta_disable_header":"","neve_meta_disable_footer":"","neve_meta_disable_title":"","footnotes":""},"class_list":["post-1018","page","type-page","status-publish","hentry"],"featured_image_src":null,"_links":{"self":[{"href":"https:\/\/www.cchla.ufpb.br\/proling\/wp-json\/wp\/v2\/pages\/1018","targetHints":{"allow":["GET"]}}],"collection":[{"href":"https:\/\/www.cchla.ufpb.br\/proling\/wp-json\/wp\/v2\/pages"}],"about":[{"href":"https:\/\/www.cchla.ufpb.br\/proling\/wp-json\/wp\/v2\/types\/page"}],"author":[{"embeddable":true,"href":"https:\/\/www.cchla.ufpb.br\/proling\/wp-json\/wp\/v2\/users\/3"}],"replies":[{"embeddable":true,"href":"https:\/\/www.cchla.ufpb.br\/proling\/wp-json\/wp\/v2\/comments?post=1018"}],"version-history":[{"count":12,"href":"https:\/\/www.cchla.ufpb.br\/proling\/wp-json\/wp\/v2\/pages\/1018\/revisions"}],"predecessor-version":[{"id":2234,"href":"https:\/\/www.cchla.ufpb.br\/proling\/wp-json\/wp\/v2\/pages\/1018\/revisions\/2234"}],"wp:attachment":[{"href":"https:\/\/www.cchla.ufpb.br\/proling\/wp-json\/wp\/v2\/media?parent=1018"}],"curies":[{"name":"wp","href":"https:\/\/api.w.org\/{rel}","templated":true}]}}