{"id":1775,"date":"2025-02-17T09:14:16","date_gmt":"2025-02-17T12:14:16","guid":{"rendered":"https:\/\/www.cchla.ufpb.br\/proling\/?page_id=1775"},"modified":"2025-03-07T14:05:33","modified_gmt":"2025-03-07T17:05:33","slug":"laboratorios","status":"publish","type":"page","link":"https:\/\/www.cchla.ufpb.br\/proling\/laboratorios\/","title":{"rendered":"Laborat\u00f3rios"},"content":{"rendered":"<div class=\"wp-block-ub-content-toggle wp-block-ub-content-toggle-block\" id=\"ub-content-toggle-block-f0cadea3-22fa-4e17-8e6e-057c3f8fd2ef\" data-mobilecollapse=\"true\" data-desktopcollapse=\"false\" data-preventcollapse=\"false\" data-showonlyone=\"false\">\n<div class=\"wp-block-ub-content-toggle-accordion\" style=\"border-color: #f1f1f1; \" id=\"ub-content-toggle-panel-block-\">\n\t\t\t<div class=\"wp-block-ub-content-toggle-accordion-title-wrap\" style=\"background-color: #f1f1f1;\" aria-controls=\"ub-content-toggle-panel-0-f0cadea3-22fa-4e17-8e6e-057c3f8fd2ef\" tabindex=\"0\">\n\t\t\t<h4 class=\"wp-block-ub-content-toggle-accordion-title ub-content-toggle-title-f0cadea3-22fa-4e17-8e6e-057c3f8fd2ef\" style=\"color: #000000; \">Laborat\u00f3rio de Compreens\u00e3o Neurocognitiva da Linguagem &#8211; LACON<\/h4>\n\t\t\t<div class=\"wp-block-ub-content-toggle-accordion-toggle-wrap left\" style=\"color: #000000;\"><span class=\"wp-block-ub-content-toggle-accordion-state-indicator wp-block-ub-chevron-down open\"><\/span><\/div>\n\t\t<\/div>\n\t\t\t<div role=\"region\" aria-expanded=\"true\" class=\"wp-block-ub-content-toggle-accordion-content-wrap\" id=\"ub-content-toggle-panel-0-f0cadea3-22fa-4e17-8e6e-057c3f8fd2ef\">\n<div class=\"wp-block-image\">\n<figure class=\"alignright size-medium is-resized\"><a href=\"https:\/\/www.cchla.ufpb.br\/proling\/laboratorios\/lacon-lab\/\"><img loading=\"lazy\" decoding=\"async\" width=\"300\" height=\"81\" src=\"https:\/\/www.cchla.ufpb.br\/proling\/wp-content\/uploads\/2025\/03\/lacon-300x81.png\" alt=\"\" class=\"wp-image-2047\" style=\"width:150px\" srcset=\"https:\/\/www.cchla.ufpb.br\/proling\/wp-content\/uploads\/2025\/03\/lacon-300x81.png 300w, https:\/\/www.cchla.ufpb.br\/proling\/wp-content\/uploads\/2025\/03\/lacon-1024x276.png 1024w, https:\/\/www.cchla.ufpb.br\/proling\/wp-content\/uploads\/2025\/03\/lacon-768x207.png 768w, https:\/\/www.cchla.ufpb.br\/proling\/wp-content\/uploads\/2025\/03\/lacon-1536x414.png 1536w, https:\/\/www.cchla.ufpb.br\/proling\/wp-content\/uploads\/2025\/03\/lacon-2048x552.png 2048w\" sizes=\"auto, (max-width: 300px) 100vw, 300px\" \/><\/a><\/figure>\n<\/div>\n\n\n<p>O LACON &#8211; O Laborat\u00f3rio de Compreens\u00e3o Neurocognitiva da Linguagem foi fundado em 2009 e re\u00fane pesquisas de cunho te\u00f3rico, experimental e aplicado que investigam os processos de compreens\u00e3o e significa\u00e7\u00e3o da linguagem humana \u00e0 luz dos pressupostos te\u00f3rico-metodol\u00f3gicos das Ci\u00eancias Cognitivas, das Neuroci\u00eancias e da Lingu\u00edstica e que procuram explicar processos sem\u00e2ntico-conceptuais nas atividades de linguagem e pensamento de indiv\u00edduos com ou sem comprometimentos cognitivos.<br><strong><a href=\"https:\/\/www.cchla.ufpb.br\/proling\/laboratorios\/lacon-lab\/\" data-type=\"page\" data-id=\"2049\">Saiba mais&#8230;<\/a><\/strong><\/p>\n\n<\/div>\n\t\t<\/div>\n\n<div class=\"wp-block-ub-content-toggle-accordion\" style=\"border-color: #f1f1f1; \" id=\"ub-content-toggle-panel-block-\">\n\t\t\t<div class=\"wp-block-ub-content-toggle-accordion-title-wrap\" style=\"background-color: #f1f1f1;\" aria-controls=\"ub-content-toggle-panel-1-f0cadea3-22fa-4e17-8e6e-057c3f8fd2ef\" tabindex=\"0\">\n\t\t\t<h4 class=\"wp-block-ub-content-toggle-accordion-title ub-content-toggle-title-f0cadea3-22fa-4e17-8e6e-057c3f8fd2ef\" style=\"color: #000000; \">LAPROL &#8211; Laborat\u00f3rio de Processamento Lingu\u00edstico<\/h4>\n\t\t\t<div class=\"wp-block-ub-content-toggle-accordion-toggle-wrap left\" style=\"color: #000000;\"><span class=\"wp-block-ub-content-toggle-accordion-state-indicator wp-block-ub-chevron-down open\"><\/span><\/div>\n\t\t<\/div>\n\t\t\t<div role=\"region\" aria-expanded=\"true\" class=\"wp-block-ub-content-toggle-accordion-content-wrap\" id=\"ub-content-toggle-panel-1-f0cadea3-22fa-4e17-8e6e-057c3f8fd2ef\">\n<div class=\"wp-block-image\">\n<figure class=\"alignright size-medium is-resized\"><a href=\"https:\/\/www.cchla.ufpb.br\/proling\/laboratorios\/laprol-lab\/\"><img loading=\"lazy\" decoding=\"async\" width=\"300\" height=\"114\" src=\"https:\/\/www.cchla.ufpb.br\/proling\/wp-content\/uploads\/2025\/03\/laprol-300x114.jpg\" alt=\"\" class=\"wp-image-2045\" style=\"width:150px\" srcset=\"https:\/\/www.cchla.ufpb.br\/proling\/wp-content\/uploads\/2025\/03\/laprol-300x114.jpg 300w, https:\/\/www.cchla.ufpb.br\/proling\/wp-content\/uploads\/2025\/03\/laprol.jpg 527w\" sizes=\"auto, (max-width: 300px) 100vw, 300px\" \/><\/a><\/figure>\n<\/div>\n\n\n<p>O LAPROL-UFPB foi fundado em 2007, sendo pioneiro nos estudos do Processamento Lingu\u00edsitco utilizando metodologia experimental (Leitura automonitorada, Priming, Rastreamento Ocular, EEG, entre outras t\u00e9cnicas) e tem como objetivo pesquisar a linguagem humana na perspectiva da Psicolingu\u00edstica Experimental, investigando os processos mentais relacionados \u00e0 compreens\u00e3o e \u00e0 produ\u00e7\u00e3o de linguagem. Os temas focalizados nas pesquisas do LAPROL dizem respeito ao Processamento lingu\u00edstico em adultos sem transtornos ou d\u00e9ficits, processamento lingu\u00edstico em aprendizes de L2 (bilinguismo), e ao processamento lingu\u00edstico em indiv\u00edduos com algum transtorno ou d\u00e9ficit relacionado \u00e0 linguagem. Al\u00e9m disso, investigamos tamb\u00e9m fen\u00f4menos referentes \u00e0s interfaces com a Aquisi\u00e7\u00e3o da Linguagem, a Neuroci\u00eancia da Linguagem e Educa\u00e7\u00e3o. Estudamos fen\u00f4menos nas sub\u00e1reas de acesso lexical, processamento morfol\u00f3gico, sint\u00e1tico e processamento correferencial.<br><strong><a href=\"https:\/\/www.cchla.ufpb.br\/proling\/laboratorios\/laprol-lab\/\" data-type=\"page\" data-id=\"2056\">Saiba mais\u2026<\/a><\/strong><\/p>\n\n<\/div>\n\t\t<\/div>\n\n<div class=\"wp-block-ub-content-toggle-accordion\" style=\"border-color: #f1f1f1; \" id=\"ub-content-toggle-panel-block-\">\n\t\t\t<div class=\"wp-block-ub-content-toggle-accordion-title-wrap\" style=\"background-color: #f1f1f1;\" aria-controls=\"ub-content-toggle-panel-2-f0cadea3-22fa-4e17-8e6e-057c3f8fd2ef\" tabindex=\"0\">\n\t\t\t<h4 class=\"wp-block-ub-content-toggle-accordion-title ub-content-toggle-title-f0cadea3-22fa-4e17-8e6e-057c3f8fd2ef\" style=\"color: #000000; \">NELIN\/LAFE- Nucleo de Estudos Lingu\u00edsticos e Interacionais\/Laborat\u00f3rio de Aquisi\u00e7\u00e3o da Fala e da Escrita<\/h4>\n\t\t\t<div class=\"wp-block-ub-content-toggle-accordion-toggle-wrap left\" style=\"color: #000000;\"><span class=\"wp-block-ub-content-toggle-accordion-state-indicator wp-block-ub-chevron-down open\"><\/span><\/div>\n\t\t<\/div>\n\t\t\t<div role=\"region\" aria-expanded=\"true\" class=\"wp-block-ub-content-toggle-accordion-content-wrap\" id=\"ub-content-toggle-panel-2-f0cadea3-22fa-4e17-8e6e-057c3f8fd2ef\">\n<div class=\"wp-block-image\">\n<figure class=\"alignright size-medium is-resized\"><a href=\"https:\/\/www.cchla.ufpb.br\/proling\/laboratorios\/nelin-lafe\/\"><img loading=\"lazy\" decoding=\"async\" width=\"300\" height=\"91\" src=\"https:\/\/www.cchla.ufpb.br\/proling\/wp-content\/uploads\/2025\/03\/lafe-300x91.jpg\" alt=\"\" class=\"wp-image-2041\" style=\"width:150px\" srcset=\"https:\/\/www.cchla.ufpb.br\/proling\/wp-content\/uploads\/2025\/03\/lafe-300x91.jpg 300w, https:\/\/www.cchla.ufpb.br\/proling\/wp-content\/uploads\/2025\/03\/lafe-768x232.jpg 768w, https:\/\/www.cchla.ufpb.br\/proling\/wp-content\/uploads\/2025\/03\/lafe.jpg 810w\" sizes=\"auto, (max-width: 300px) 100vw, 300px\" \/><\/a><\/figure>\n<\/div>\n\n\n<p>Desenvolver pesquisas com foco na perspectiva interacionista e multimodal em Aquisi\u00e7\u00e3o da Linguagem.<br><strong><a href=\"https:\/\/www.cchla.ufpb.br\/proling\/laboratorios\/nelin-lafe\/\" data-type=\"page\" data-id=\"2061\">Saiba mais\u2026<\/a><\/strong><\/p>\n\n<\/div>\n\t\t<\/div>\n<\/div>","protected":false},"excerpt":{"rendered":"","protected":false},"author":3,"featured_media":0,"parent":0,"menu_order":0,"comment_status":"closed","ping_status":"closed","template":"","meta":{"neve_meta_sidebar":"","neve_meta_container":"","neve_meta_enable_content_width":"","neve_meta_content_width":0,"neve_meta_title_alignment":"","neve_meta_author_avatar":"","neve_post_elements_order":"","neve_meta_disable_header":"","neve_meta_disable_footer":"","neve_meta_disable_title":"","footnotes":""},"class_list":["post-1775","page","type-page","status-publish","hentry"],"featured_image_src":null,"_links":{"self":[{"href":"https:\/\/www.cchla.ufpb.br\/proling\/wp-json\/wp\/v2\/pages\/1775","targetHints":{"allow":["GET"]}}],"collection":[{"href":"https:\/\/www.cchla.ufpb.br\/proling\/wp-json\/wp\/v2\/pages"}],"about":[{"href":"https:\/\/www.cchla.ufpb.br\/proling\/wp-json\/wp\/v2\/types\/page"}],"author":[{"embeddable":true,"href":"https:\/\/www.cchla.ufpb.br\/proling\/wp-json\/wp\/v2\/users\/3"}],"replies":[{"embeddable":true,"href":"https:\/\/www.cchla.ufpb.br\/proling\/wp-json\/wp\/v2\/comments?post=1775"}],"version-history":[{"count":9,"href":"https:\/\/www.cchla.ufpb.br\/proling\/wp-json\/wp\/v2\/pages\/1775\/revisions"}],"predecessor-version":[{"id":2063,"href":"https:\/\/www.cchla.ufpb.br\/proling\/wp-json\/wp\/v2\/pages\/1775\/revisions\/2063"}],"wp:attachment":[{"href":"https:\/\/www.cchla.ufpb.br\/proling\/wp-json\/wp\/v2\/media?parent=1775"}],"curies":[{"name":"wp","href":"https:\/\/api.w.org\/{rel}","templated":true}]}}