{"id":2001,"date":"2025-03-06T13:37:17","date_gmt":"2025-03-06T16:37:17","guid":{"rendered":"https:\/\/www.cchla.ufpb.br\/proling\/?page_id=2001"},"modified":"2025-03-06T14:24:49","modified_gmt":"2025-03-06T17:24:49","slug":"gplei-proling","status":"publish","type":"page","link":"https:\/\/www.cchla.ufpb.br\/proling\/grupos-de-pesquisa\/gplei-proling\/","title":{"rendered":"Grupo de Pesquisa em Linguagem, Enuncia\u00e7\u00e3o e Intera\u00e7\u00e3o \u2013 GPLEI"},"content":{"rendered":"<div class=\"wp-block-image\">\n<figure class=\"alignright size-full\"><img loading=\"lazy\" decoding=\"async\" width=\"184\" height=\"93\" src=\"https:\/\/www.cchla.ufpb.br\/proling\/wp-content\/uploads\/2025\/03\/gplei.jpg\" alt=\"\" class=\"wp-image-1947\"\/><\/figure>\n<\/div>\n\n\n<p>O Grupo de Pesquisa em Linguagem, Enuncia\u00e7\u00e3o e Intera\u00e7\u00e3o \u2013 GPLEI re\u00fane linhas de pesquisa voltadas para a abordagem dial\u00f3gica dos estudos da linguagem, procurando descrever e analisar seu funcionamento em diversos g\u00eaneros discursivos verbais, n\u00e3o verbais e\/ou verbo-visuais. Objetiva desenvolver pesquisas sobre a linguagem e(m) seus multifacetados usos e sobre os m\u00faltiplos e variados processos de intera\u00e7\u00e3o discursiva que envolvem os sujeitos falantes em suas atividades humanas.<\/p>\n\n\n\n<p><strong>\u00c1rea ou Linha<\/strong><br>Lingu\u00edstica e Pr\u00e1ticas Sociais\/Discurso e Sociedade<\/p>\n\n\n\n<p><strong>Pesquisadores<\/strong><br>10 pesquisadores (professores doutores), 10 estudantes de doutorado, 5 estudantes de mestrado e 1 t\u00e9cnico graduado<br>L\u00edderes do grupo: profs. Maria de F\u00e1tima Almeida e Pedro Farias Francelino<\/p>\n\n\n<div style=\"gap: 20px;\" class=\"align-button-left ub-buttons orientation-button-row ub-flex-wrap wp-block-ub-button\" id=\"ub-button-cae6f473-45cd-4e27-bb18-4b7ef3723f81\"><div class=\"ub-button-container\">\n\t\t\t<a href=\"http:\/\/dgp.cnpq.br\/dgp\/espelhogrupo\/778826#recursosHumanos\" target=\"_blank\" rel=\"noopener noreferrer\" class=\"ub-button-block-main   ub-button-flex\" role=\"button\" style=\"--ub-button-background-color: #999999; --ub-button-color: #000000; --ub-button-border: none; --ub-button-hover-background-color: #313131; --ub-button-hover-color: #ffffff; --ub-button-hover-border: none; padding-top: 10px; padding-right: 10px; padding-bottom: 10px; padding-left: 10px; border-top-left-radius: 10px;; border-top-right-radius: 10px;; border-bottom-left-radius: 10px;; border-bottom-right-radius: 10px;; \">\n\t\t\t\t<div class=\"ub-button-content-holder\" style=\"flex-direction: row\">\n\t\t\t\t\t<span class=\"ub-button-icon-holder\">\n\t\t\t\t<svg xmlns=\"http:\/\/www.w3.org\/2000\/svg\" height=\"25\" width=\"25\" viewbox=\"0 0 640 512\">\n\t\t\t\t\t<path fill=\"currentColor\" d=\"M72 88a56 56 0 1 1 112 0A56 56 0 1 1 72 88zM64 245.7C54 256.9 48 271.8 48 288s6 31.1 16 42.3V245.7zm144.4-49.3C178.7 222.7 160 261.2 160 304c0 34.3 12 65.8 32 90.5V416c0 17.7-14.3 32-32 32H96c-17.7 0-32-14.3-32-32V389.2C26.2 371.2 0 332.7 0 288c0-61.9 50.1-112 112-112h32c24 0 46.2 7.5 64.4 20.3zM448 416V394.5c20-24.7 32-56.2 32-90.5c0-42.8-18.7-81.3-48.4-107.7C449.8 183.5 472 176 496 176h32c61.9 0 112 50.1 112 112c0 44.7-26.2 83.2-64 101.2V416c0 17.7-14.3 32-32 32H480c-17.7 0-32-14.3-32-32zm8-328a56 56 0 1 1 112 0A56 56 0 1 1 456 88zM576 245.7v84.7c10-11.3 16-26.1 16-42.3s-6-31.1-16-42.3zM320 32a64 64 0 1 1 0 128 64 64 0 1 1 0-128zM240 304c0 16.2 6 31 16 42.3V261.7c-10 11.3-16 26.1-16 42.3zm144-42.3v84.7c10-11.3 16-26.1 16-42.3s-6-31.1-16-42.3zM448 304c0 44.7-26.2 83.2-64 101.2V448c0 17.7-14.3 32-32 32H288c-17.7 0-32-14.3-32-32V405.2c-37.8-18-64-56.5-64-101.2c0-61.9 50.1-112 112-112h32c61.9 0 112 50.1 112 112z\">\n\t\t\t\t<\/path><\/svg>\n\t\t\t<\/span><span class=\"ub-button-block-btn\">Pesquisadores e Estudantes<\/span>\n\t\t\t\t<\/div>\n\t\t\t<\/a>\n\t\t<\/div><\/div>\n\n\n<p class=\"has-neve-link-color-color has-text-color has-link-color wp-elements-34707f4e03a031c835b5ae0a8c1f1572\"><strong>Link do DGP junto ao CNPq<\/strong><br><a href=\"http:\/\/dgp.cnpq.br\/dgp\/espelhogrupo\/778826\" target=\"_blank\" rel=\"noreferrer noopener\">http:\/\/dgp.cnpq.br\/dgp\/espelhogrupo\/778826<\/a><\/p>\n\n\n\n<p><strong>GPLEI nas redes<\/strong><br>Instagram: @gpleiufpb<\/p>\n\n\n\n<p><strong>Principais publica\u00e7\u00f5es<\/strong><br>FRANCELINO, PEDRO FARIAS. No(s) (des\/re)encontro(s) das vozes, a constru\u00e7\u00e3o dial\u00f3gica da pol\u00eamica em enunciados de tem\u00e1tica pol\u00edtico-religiosa. BAKHTINIANA &#8211; REVISTA DE ESTUDOS DO DISCURSO, v. 16, p. 200-220, 2021<\/p>\n\n\n\n<p>FRANCELINO, PEDRO FARIAS; SANTANA, Wilder. K. F. ; VALENTIM, Danielyson Y. Q. . Aspectos discursivos e socioideol\u00f3gicos no poema &#8216;Prometeu&#8217;, de Goethe: uma contrapalavra \u00e0 trag\u00e9dia grega. ALFA: REVISTA DE LINGU\u00cdSTICA (UNESP. ONLINE), v. 66, p. 1-15, 2022.<\/p>\n\n\n\n<p>ALMEIDA, Maria de F\u00e1tima; XAVIER, M. M. . O TOM VALORATIVO EM ARTIGOS DE OPINI\u00c3O. REVISTA DA ABRALIN, v. 16, p. 1-15, 2017.<\/p>\n\n\n\n<p>ALMEIDA, Maria de F\u00e1tima. Perspectiva dial\u00f3gica e ensino de l\u00ednguas: quest\u00f5es de Estilo. In: Beth Brait, Maria Helena Cruz Pistori, Pedro Farias Francelino. (Org.). Linguagem e Conhecimento (Bakhtin, Voloch\u00ednov e Medvi\u00e9dev). &#8216;ed.Campinas &#8211; SP: Pontes Editores, 2019, v. 1, p. 207-232.<\/p>\n\n\n\n<p>KEMIAC, LUDMILA. Sobre as ci\u00eancias humanas: di\u00e1logos entre Ernst Cassirer e Mikhail Bakhtin. BAKHTINIANA &#8211; REVISTA DE ESTUDOS DO DISCURSO, v. 19, p. 25-65, 2024.<\/p>\n\n\n\n<p>NASCIMENTO, Ilderl\u00e2ndio A. A.. A diatribe na constru\u00e7\u00e3o de sentidos da Carta de Paulo aos Romanos. BAKHTINIANA &#8211; REVISTA DE ESTUDOS DO DISCURSO, v. 16, p. 134-159, 2021.<\/p>\n\n\n\n<p><strong>Parcerias interinstitucionais ou internacionais<\/strong><br>A pesquisadora Eliete Correia dos Santos, membro do grupo e docente da UEPB, tem parceria com a Universidade do Porto, com o Instituto Polit\u00e9cnico do Porto e com a Universidade de Coimbra.<\/p>\n","protected":false},"excerpt":{"rendered":"<p>O Grupo de Pesquisa em Linguagem, Enuncia\u00e7\u00e3o e Intera\u00e7\u00e3o \u2013 GPLEI re\u00fane linhas de pesquisa voltadas para a abordagem dial\u00f3gica dos estudos da linguagem, procurando descrever e analisar seu funcionamento em diversos g\u00eaneros discursivos verbais, n\u00e3o verbais e\/ou verbo-visuais. Objetiva desenvolver pesquisas sobre a linguagem e(m) seus multifacetados usos e sobre os m\u00faltiplos e variados&hellip;&nbsp;<a href=\"https:\/\/www.cchla.ufpb.br\/proling\/grupos-de-pesquisa\/gplei-proling\/\" rel=\"bookmark\">Continue a ler &raquo;<span class=\"screen-reader-text\">Grupo de Pesquisa em Linguagem, Enuncia\u00e7\u00e3o e Intera\u00e7\u00e3o \u2013 GPLEI<\/span><\/a><\/p>\n","protected":false},"author":3,"featured_media":0,"parent":1772,"menu_order":0,"comment_status":"closed","ping_status":"closed","template":"","meta":{"neve_meta_sidebar":"","neve_meta_container":"","neve_meta_enable_content_width":"","neve_meta_content_width":0,"neve_meta_title_alignment":"","neve_meta_author_avatar":"","neve_post_elements_order":"","neve_meta_disable_header":"","neve_meta_disable_footer":"","neve_meta_disable_title":"","footnotes":""},"class_list":["post-2001","page","type-page","status-publish","hentry"],"featured_image_src":null,"_links":{"self":[{"href":"https:\/\/www.cchla.ufpb.br\/proling\/wp-json\/wp\/v2\/pages\/2001","targetHints":{"allow":["GET"]}}],"collection":[{"href":"https:\/\/www.cchla.ufpb.br\/proling\/wp-json\/wp\/v2\/pages"}],"about":[{"href":"https:\/\/www.cchla.ufpb.br\/proling\/wp-json\/wp\/v2\/types\/page"}],"author":[{"embeddable":true,"href":"https:\/\/www.cchla.ufpb.br\/proling\/wp-json\/wp\/v2\/users\/3"}],"replies":[{"embeddable":true,"href":"https:\/\/www.cchla.ufpb.br\/proling\/wp-json\/wp\/v2\/comments?post=2001"}],"version-history":[{"count":4,"href":"https:\/\/www.cchla.ufpb.br\/proling\/wp-json\/wp\/v2\/pages\/2001\/revisions"}],"predecessor-version":[{"id":2012,"href":"https:\/\/www.cchla.ufpb.br\/proling\/wp-json\/wp\/v2\/pages\/2001\/revisions\/2012"}],"up":[{"embeddable":true,"href":"https:\/\/www.cchla.ufpb.br\/proling\/wp-json\/wp\/v2\/pages\/1772"}],"wp:attachment":[{"href":"https:\/\/www.cchla.ufpb.br\/proling\/wp-json\/wp\/v2\/media?parent=2001"}],"curies":[{"name":"wp","href":"https:\/\/api.w.org\/{rel}","templated":true}]}}