{"id":2026,"date":"2025-03-07T07:21:01","date_gmt":"2025-03-07T10:21:01","guid":{"rendered":"https:\/\/www.cchla.ufpb.br\/proling\/?page_id=2026"},"modified":"2025-03-07T07:21:59","modified_gmt":"2025-03-07T10:21:59","slug":"observatorio-do-discurso","status":"publish","type":"page","link":"https:\/\/www.cchla.ufpb.br\/proling\/grupos-de-pesquisa\/observatorio-do-discurso\/","title":{"rendered":"Observat\u00f3rio do discurso"},"content":{"rendered":"\n\n<div class=\"wp-block-image\">\n<figure class=\"alignright size-medium is-resized\"><img loading=\"lazy\" decoding=\"async\" width=\"300\" height=\"92\" src=\"https:\/\/www.cchla.ufpb.br\/proling\/wp-content\/uploads\/2025\/03\/obs-discurso-300x92.jpg\" alt=\"\" class=\"wp-image-1962\" style=\"width:150px\" srcset=\"https:\/\/www.cchla.ufpb.br\/proling\/wp-content\/uploads\/2025\/03\/obs-discurso-300x92.jpg 300w, https:\/\/www.cchla.ufpb.br\/proling\/wp-content\/uploads\/2025\/03\/obs-discurso-768x234.jpg 768w, https:\/\/www.cchla.ufpb.br\/proling\/wp-content\/uploads\/2025\/03\/obs-discurso.jpg 806w\" sizes=\"auto, (max-width: 300px) 100vw, 300px\" \/><\/figure>\n<\/div>\n\n\n<p>O Observat\u00f3rio do Discurso \u00e9 um grupo de pesquisa constitu\u00eddo por pesquisadores(as) da Universidade Federal da Para\u00edba \u2013 docentes e discentes, da gradua\u00e7\u00e3o e da p\u00f3s-gradua\u00e7\u00e3o \u2013, que trabalham em constante di\u00e1logo com pesquisadores(as) de outros grupos, sediados em diversas institui\u00e7\u00f5es do pa\u00eds. Dedicado aos Estudos Discursivos Foucaultianos, o Observat\u00f3rio do Discurso re\u00fane pesquisas que consideram uma perspectiva arquegeneal\u00f3gica de an\u00e1lise, contemplando, portanto, tanto a abordagem arqueol\u00f3gica na an\u00e1lise dos enunciados e de suas rela\u00e7\u00f5es no interior do arquivo, quanto a abordagem geneal\u00f3gica na an\u00e1lise dos poderes que os controlam, os ordenam, os distribuem e que, al\u00e9m disso, produzem e governam os sujeitos. Atualmente, as pesquisas desenvolvidas por suas integrantes podem ser organizadas em dois eixos. O primeiro deles congrega trabalhos que tematizam recortes de g\u00eanero e suas intersec\u00e7\u00f5es, problematizando a espessura hist\u00f3rica dos discursos e o funcionamento dos poderes que subjetivam as mulheres nos campos da maternagem, da pol\u00edtica, da publicidade e do esporte. O segundo eixo, por seu turno, congrega trabalhos que tematizam os discursos que veiculam a governamentalidade como instrumento de poder, no exerc\u00edcio de um controle que contempla o corpo e a vida dos sujeitos. Trata-se de um grupo que tem boa parte de suas pesquisas financiadas pela Capes ou pelo CNPq; que integra redes interinstitucionais de pesquisa; que tem intensa participa\u00e7\u00e3o em eventos nacionais e internacionais; que organizou eventos nacionais como os \u201cDebates Foucaultianos\u201d (2021) e o \u201cCartografias do Contempor\u00e2neo VI\u201d (2023); e que publica regularmente em peri\u00f3dicos e livros qualificados. Al\u00e9m disso, suas integrantes j\u00e1 receberam pr\u00eamios como \u201cMelhor Artigo publicado na Revista da Abralin\u201d (Abralin, 2021), \u201cANPOLL Integra categoria Doutorado\u201d (Anpoll, 2023), \u201cMestres da Educa\u00e7\u00e3o\u201d (Governo da Para\u00edba, 2023) e \u201cDestaques do ano\u201d (Governo da Para\u00edba, 2023).<\/p>\n\n\n\n<p><strong>\u00c1rea ou Linha<\/strong><br>Lingu\u00edstica e Pr\u00e1ticas Sociais\/Discurso e Sociedade<\/p>\n\n\n\n<p><strong>Pesquisadores<\/strong><br>2 professoras doutoras; 4 doutorandas, 1 mestranda; 2 graduandos de Inicia\u00e7\u00e3o Cient\u00edfica<br>L\u00edder do grupo: prof\u00aa. Amanda Braga<\/p>\n\n\n<div style=\"gap: 20px;margin-top: var(--wp--preset--spacing--50); margin-bottom: var(--wp--preset--spacing--50); \" class=\"align-button-left ub-buttons orientation-button-row ub-flex-wrap wp-block-ub-button\" id=\"ub-button-b9870eb5-a416-41fa-a235-c2d611451941\"><div class=\"ub-button-container\">\n\t\t\t<a href=\"http:\/\/dgp.cnpq.br\/dgp\/espelhogrupo\/4071229429953483#recursosHumanos\" target=\"_blank\" rel=\"noopener noreferrer\" class=\"ub-button-block-main   ub-button-flex\" role=\"button\" style=\"--ub-button-background-color: #999999; --ub-button-color: #000000; --ub-button-border: none; --ub-button-hover-background-color: #313131; --ub-button-hover-color: #ffffff; --ub-button-hover-border: none; padding-top: 10px; padding-right: 10px; padding-bottom: 10px; padding-left: 10px; border-radius: 10px; \">\n\t\t\t\t<div class=\"ub-button-content-holder\" style=\"flex-direction: row\">\n\t\t\t\t\t<span class=\"ub-button-icon-holder\">\n\t\t\t\t<svg xmlns=\"http:\/\/www.w3.org\/2000\/svg\" height=\"25\" width=\"25\" viewbox=\"0 0 640 512\">\n\t\t\t\t\t<path fill=\"currentColor\" d=\"M72 88a56 56 0 1 1 112 0A56 56 0 1 1 72 88zM64 245.7C54 256.9 48 271.8 48 288s6 31.1 16 42.3V245.7zm144.4-49.3C178.7 222.7 160 261.2 160 304c0 34.3 12 65.8 32 90.5V416c0 17.7-14.3 32-32 32H96c-17.7 0-32-14.3-32-32V389.2C26.2 371.2 0 332.7 0 288c0-61.9 50.1-112 112-112h32c24 0 46.2 7.5 64.4 20.3zM448 416V394.5c20-24.7 32-56.2 32-90.5c0-42.8-18.7-81.3-48.4-107.7C449.8 183.5 472 176 496 176h32c61.9 0 112 50.1 112 112c0 44.7-26.2 83.2-64 101.2V416c0 17.7-14.3 32-32 32H480c-17.7 0-32-14.3-32-32zm8-328a56 56 0 1 1 112 0A56 56 0 1 1 456 88zM576 245.7v84.7c10-11.3 16-26.1 16-42.3s-6-31.1-16-42.3zM320 32a64 64 0 1 1 0 128 64 64 0 1 1 0-128zM240 304c0 16.2 6 31 16 42.3V261.7c-10 11.3-16 26.1-16 42.3zm144-42.3v84.7c10-11.3 16-26.1 16-42.3s-6-31.1-16-42.3zM448 304c0 44.7-26.2 83.2-64 101.2V448c0 17.7-14.3 32-32 32H288c-17.7 0-32-14.3-32-32V405.2c-37.8-18-64-56.5-64-101.2c0-61.9 50.1-112 112-112h32c61.9 0 112 50.1 112 112z\">\n\t\t\t\t<\/path><\/svg>\n\t\t\t<\/span><span class=\"ub-button-block-btn\">Pesquisadores e Estudantes<\/span>\n\t\t\t\t<\/div>\n\t\t\t<\/a>\n\t\t<\/div><\/div>\n\n\n<p><strong>Link do DGP junto ao CNPq<\/strong><br><a href=\"http:\/\/dgp.cnpq.br\/dgp\/espelhogrupo\/4071229429953483\" target=\"_blank\" rel=\"noreferrer noopener\">http:\/\/dgp.cnpq.br\/dgp\/espelhogrupo\/4071229429953483<\/a><\/p>\n\n\n\n<p><strong>Observat\u00f3rio do Discurso nas Redes<\/strong><br>Instagram: @observatoriododiscurso<\/p>\n\n\n\n<p><strong>Principais publica\u00e7\u00f5es<\/strong><br>&#8220;Falar como uma mulher: um dispositivo de silenciamento da fala p\u00fablica feminina&#8221; (Profa. Dra. Amanda Braga)<\/p>\n\n\n\n<p>&#8220;&#8216;Eles dizem que \u00e9 amor. N\u00f3s dizemos que \u00e9 trabalho n\u00e3o remunerado&#8217;: o funcionamento do dispositivo da maternidade e a feminiza\u00e7\u00e3o das tarefas de cuidado (Doutoranda Thain\u00e1 da Costa Lima)<\/p>\n\n\n\n<p>&#8220;Discurso, neoliberalismo e governo dos vivos na gest\u00e3o do sofrimento ps\u00edquico&#8221; (Doutoranda Bruna Maria de Sousa Santos)<\/p>\n\n\n\n<p>&#8220;Emo\u00e7\u00f5es e (des)continuidades hist\u00f3ricas: uma an\u00e1lise discursiva do futebol de mulheres no brasil&#8221; ( Doutoranda Jacyane Sousa)<\/p>\n\n\n\n<p>&#8220;Feminina ou feminista? Silenciamento, subjetividade e embates entre vontades de verdade sobre a mulher no discurso pol\u00edtico brasileiro&#8221; (Doutoranda Marcela Rebou\u00e7as)<\/p>\n\n\n\n<p>&#8220;Discurso, (p\u00f3s)verdade e emo\u00e7\u00f5es durante a pandemia pela covid-19&#8221; (Mestranda Rayane Medeiros)<\/p>\n\n\n\n<p><strong>Parcerias interinstitucionais ou internacionais<\/strong><br>Universidade Federal de S\u00e3o Carlos<br>Universidade Federal de Uberl\u00e2ndia<br>Universidade Federal de Catal\u00e3o<br>Universidade Estadual do Centro Oeste<br>Universidade Federal de Sergipe<br>Universidade Federal de Maring\u00e1<br>Universidade Federal de Goi\u00e1s<br>Universidade de Buenos Aires (Argentina)<br>Universidade de Palermo (Argentina)<\/p>\n\n\n\n<p><\/p>\n","protected":false},"excerpt":{"rendered":"<p>O Observat\u00f3rio do Discurso \u00e9 um grupo de pesquisa constitu\u00eddo por pesquisadores(as) da Universidade Federal da Para\u00edba \u2013 docentes e discentes, da gradua\u00e7\u00e3o e da p\u00f3s-gradua\u00e7\u00e3o \u2013, que trabalham em constante di\u00e1logo com pesquisadores(as) de outros grupos, sediados em diversas institui\u00e7\u00f5es do pa\u00eds. Dedicado aos Estudos Discursivos Foucaultianos, o Observat\u00f3rio do Discurso re\u00fane pesquisas que&hellip;&nbsp;<a href=\"https:\/\/www.cchla.ufpb.br\/proling\/grupos-de-pesquisa\/observatorio-do-discurso\/\" rel=\"bookmark\">Continue a ler &raquo;<span class=\"screen-reader-text\">Observat\u00f3rio do discurso<\/span><\/a><\/p>\n","protected":false},"author":3,"featured_media":0,"parent":1772,"menu_order":0,"comment_status":"closed","ping_status":"closed","template":"","meta":{"neve_meta_sidebar":"","neve_meta_container":"","neve_meta_enable_content_width":"","neve_meta_content_width":0,"neve_meta_title_alignment":"","neve_meta_author_avatar":"","neve_post_elements_order":"","neve_meta_disable_header":"","neve_meta_disable_footer":"","neve_meta_disable_title":"","footnotes":""},"class_list":["post-2026","page","type-page","status-publish","hentry"],"featured_image_src":null,"_links":{"self":[{"href":"https:\/\/www.cchla.ufpb.br\/proling\/wp-json\/wp\/v2\/pages\/2026","targetHints":{"allow":["GET"]}}],"collection":[{"href":"https:\/\/www.cchla.ufpb.br\/proling\/wp-json\/wp\/v2\/pages"}],"about":[{"href":"https:\/\/www.cchla.ufpb.br\/proling\/wp-json\/wp\/v2\/types\/page"}],"author":[{"embeddable":true,"href":"https:\/\/www.cchla.ufpb.br\/proling\/wp-json\/wp\/v2\/users\/3"}],"replies":[{"embeddable":true,"href":"https:\/\/www.cchla.ufpb.br\/proling\/wp-json\/wp\/v2\/comments?post=2026"}],"version-history":[{"count":1,"href":"https:\/\/www.cchla.ufpb.br\/proling\/wp-json\/wp\/v2\/pages\/2026\/revisions"}],"predecessor-version":[{"id":2027,"href":"https:\/\/www.cchla.ufpb.br\/proling\/wp-json\/wp\/v2\/pages\/2026\/revisions\/2027"}],"up":[{"embeddable":true,"href":"https:\/\/www.cchla.ufpb.br\/proling\/wp-json\/wp\/v2\/pages\/1772"}],"wp:attachment":[{"href":"https:\/\/www.cchla.ufpb.br\/proling\/wp-json\/wp\/v2\/media?parent=2026"}],"curies":[{"name":"wp","href":"https:\/\/api.w.org\/{rel}","templated":true}]}}