{"id":2049,"date":"2025-03-07T09:14:36","date_gmt":"2025-03-07T12:14:36","guid":{"rendered":"https:\/\/www.cchla.ufpb.br\/proling\/?page_id=2049"},"modified":"2025-03-07T09:23:21","modified_gmt":"2025-03-07T12:23:21","slug":"lacon-lab","status":"publish","type":"page","link":"https:\/\/www.cchla.ufpb.br\/proling\/laboratorios\/lacon-lab\/","title":{"rendered":"LACON"},"content":{"rendered":"\n\n\n\n\n<h2 class=\"wp-block-heading\">Laborat\u00f3rio de Compreens\u00e3o Neurocognitiva da Linguagem<\/h2>\n\n\n<div class=\"wp-block-image\">\n<figure class=\"alignright size-medium is-resized\"><img loading=\"lazy\" decoding=\"async\" width=\"300\" height=\"81\" src=\"https:\/\/www.cchla.ufpb.br\/proling\/wp-content\/uploads\/2025\/03\/lacon-300x81.png\" alt=\"\" class=\"wp-image-2047\" style=\"width:150px\" srcset=\"https:\/\/www.cchla.ufpb.br\/proling\/wp-content\/uploads\/2025\/03\/lacon-300x81.png 300w, https:\/\/www.cchla.ufpb.br\/proling\/wp-content\/uploads\/2025\/03\/lacon-1024x276.png 1024w, https:\/\/www.cchla.ufpb.br\/proling\/wp-content\/uploads\/2025\/03\/lacon-768x207.png 768w, https:\/\/www.cchla.ufpb.br\/proling\/wp-content\/uploads\/2025\/03\/lacon-1536x414.png 1536w, https:\/\/www.cchla.ufpb.br\/proling\/wp-content\/uploads\/2025\/03\/lacon-2048x552.png 2048w\" sizes=\"auto, (max-width: 300px) 100vw, 300px\" \/><\/figure>\n<\/div>\n\n\n<p>O LACON \u2013 O Laborat\u00f3rio de Compreens\u00e3o Neurocognitiva da Linguagem foi fundado em 2009 e re\u00fane pesquisas de cunho te\u00f3rico, experimental e aplicado que investigam os processos de compreens\u00e3o e significa\u00e7\u00e3o da linguagem humana \u00e0 luz dos pressupostos te\u00f3rico-metodol\u00f3gicos das Ci\u00eancias Cognitivas, das Neuroci\u00eancias e da Lingu\u00edstica e que procuram explicar processos sem\u00e2ntico-conceptuais nas atividades de linguagem e pensamento de indiv\u00edduos com ou sem comprometimentos cognitivos.<\/p>\n\n\n\n<p><strong>\u00c1rea ou Linha<\/strong><br>Teoria e An\u00e1lise Lingu\u00edstica\/Linguagem, Sentido e Cogni\u00e7\u00e3o<\/p>\n\n\n\n<p><strong>Pesquisadores<\/strong><br>13 doutores; Pesquisadores Discentes \u2013 08 Gradua\u00e7\u00e3o; 06 P\u00f3s Gradua\u00e7\u00e3o<br>L\u00edder do lab: prof. Jan Edson Rodrigues Leite<\/p>\n\n\n<div style=\"gap: 20px;margin-top: var(--wp--preset--spacing--50); margin-bottom: var(--wp--preset--spacing--50); \" class=\"align-button-left ub-buttons orientation-button-row ub-flex-wrap wp-block-ub-button\" id=\"ub-button-4fc2f35b-da94-4203-a464-f2628e2faf7b\"><div class=\"ub-button-container\">\n\t\t\t<a href=\"http:\/\/dgp.cnpq.br\/dgp\/espelhogrupo\/253323#recursosHumanos\" target=\"_blank\" rel=\"noopener noreferrer\" class=\"ub-button-block-main   ub-button-flex\" role=\"button\" style=\"--ub-button-background-color: #999999; --ub-button-color: #000000; --ub-button-border: none; --ub-button-hover-background-color: #313131; --ub-button-hover-color: #ffffff; --ub-button-hover-border: none; padding-top: 10px; padding-right: 10px; padding-bottom: 10px; padding-left: 10px; border-top-left-radius: 10px;; border-top-right-radius: 10px;; border-bottom-left-radius: 10px;; border-bottom-right-radius: 10px;; \">\n\t\t\t\t<div class=\"ub-button-content-holder\" style=\"flex-direction: row\">\n\t\t\t\t\t<span class=\"ub-button-icon-holder\">\n\t\t\t\t<svg xmlns=\"http:\/\/www.w3.org\/2000\/svg\" height=\"25\" width=\"25\" viewbox=\"0 0 640 512\">\n\t\t\t\t\t<path fill=\"currentColor\" d=\"M72 88a56 56 0 1 1 112 0A56 56 0 1 1 72 88zM64 245.7C54 256.9 48 271.8 48 288s6 31.1 16 42.3V245.7zm144.4-49.3C178.7 222.7 160 261.2 160 304c0 34.3 12 65.8 32 90.5V416c0 17.7-14.3 32-32 32H96c-17.7 0-32-14.3-32-32V389.2C26.2 371.2 0 332.7 0 288c0-61.9 50.1-112 112-112h32c24 0 46.2 7.5 64.4 20.3zM448 416V394.5c20-24.7 32-56.2 32-90.5c0-42.8-18.7-81.3-48.4-107.7C449.8 183.5 472 176 496 176h32c61.9 0 112 50.1 112 112c0 44.7-26.2 83.2-64 101.2V416c0 17.7-14.3 32-32 32H480c-17.7 0-32-14.3-32-32zm8-328a56 56 0 1 1 112 0A56 56 0 1 1 456 88zM576 245.7v84.7c10-11.3 16-26.1 16-42.3s-6-31.1-16-42.3zM320 32a64 64 0 1 1 0 128 64 64 0 1 1 0-128zM240 304c0 16.2 6 31 16 42.3V261.7c-10 11.3-16 26.1-16 42.3zm144-42.3v84.7c10-11.3 16-26.1 16-42.3s-6-31.1-16-42.3zM448 304c0 44.7-26.2 83.2-64 101.2V448c0 17.7-14.3 32-32 32H288c-17.7 0-32-14.3-32-32V405.2c-37.8-18-64-56.5-64-101.2c0-61.9 50.1-112 112-112h32c61.9 0 112 50.1 112 112z\">\n\t\t\t\t<\/path><\/svg>\n\t\t\t<\/span><span class=\"ub-button-block-btn\">Pesquisadores e Estudantes<\/span>\n\t\t\t\t<\/div>\n\t\t\t<\/a>\n\t\t<\/div><\/div>\n\n\n<p><strong>Link do DGP junto ao CNPq<\/strong><br><a href=\"http:\/\/dgp.cnpq.br\/dgp\/espelhogrupo\/253323\" target=\"_blank\" rel=\"noreferrer noopener\">http:\/\/dgp.cnpq.br\/dgp\/espelhogrupo\/253323<\/a><\/p>\n\n\n\n<p><strong>Site do lab<\/strong><br><a href=\"https:\/\/www.cchla.ufpb.br\/lacon\/\" target=\"_blank\" rel=\"noreferrer noopener\">www.cchla.ufpb.br\/lacon<\/a><\/p>\n\n\n\n<p><strong>LACON nas Redes<\/strong><br>Instagram: @lacon.ufpb<\/p>\n\n\n\n<p><strong>Principais publica\u00e7\u00f5es<\/strong><br>RODRIGUES LEITE, JAN EDSON; \u00c1VILA-N\u00d3BREGA, PAULO VIN\u00cdCIUS ; CAVALCANTE, Marianne Carvalho Bezerra . Processos intersubjetivos de conceptualiza\u00e7\u00e3o da refer\u00eancia espacial na intera\u00e7\u00e3o entre crian\u00e7a com trissomia do 21 e terapeutas. REVISTA LINGU\u00cdSTICA, v. 20, p. 218-237, 2024.<\/p>\n\n\n\n<p>LEITE, JAN EDSON RODRIGUES; LUNA, MORGANA FARIAS DE . A leitura compartilhada como instrumento de desenvolvimento da compreens\u00e3o textual de alunos do 3\u00ba ano do Ensino Fundamental. Signo, v. 49, p. 34-50, 2024.<\/p>\n\n\n\n<p>EHLE, D. T. ; LEITE, JAN EDSON RODRIGUES . MOTIVA\u00c7\u00d5ES CONCEPTUAIS DA MORAL CONSERVADORA: UMA AN\u00c1LISE SEM\u00c2NTICO-COGNITIVA. PROL\u00cdNGUA (JO\u00c3O PESSOA), v. 17, p. 86-102, 2023.<\/p>\n\n\n\n<p>LEITE, JAN EDSON RODRIGUES. Framing Space: Alzheimer&#8217;s Disease and Object Location in Brazilian Portuguese. Annual Meeting of the Cognitive Science Society, v. 45, p. 1341-1348, 2023.<\/p>\n\n\n\n<p>Nascimento, E. P. (Org.) ; LEITE, JAN EDSON RODRIGUES (Org.) ; ARAGAO NETO, M. M. (Org.) . Sem\u00e2ntica: fen\u00f4menos, conceitos e percursos. 1. ed. Campinas, SP: Mercado de Letras, 2023. v. 1. 236p .<\/p>\n\n\n\n<p><strong>Parcerias interinstitucionais ou internacionais<\/strong><br>University of Louisiana at Lafayette &#8211; EUA<br>Harvard University &#8211; EUA<br>Universidade Cat\u00f3lica Portuguesa &#8211; Portugal<br>Universidade Cat\u00f3lica de Pernambuco &#8211; Brasil<br>Universidade de Santa Cruz do Sul &#8211; Brasil<br>Instituto Federal do Amap\u00e1 &#8211; Brasil<br>Instituto Federal do Tocantins &#8211; Brasil<\/p>\n","protected":false},"excerpt":{"rendered":"<p>Laborat\u00f3rio de Compreens\u00e3o Neurocognitiva da Linguagem O LACON \u2013 O Laborat\u00f3rio de Compreens\u00e3o Neurocognitiva da Linguagem foi fundado em 2009 e re\u00fane pesquisas de cunho te\u00f3rico, experimental e aplicado que investigam os processos de compreens\u00e3o e significa\u00e7\u00e3o da linguagem humana \u00e0 luz dos pressupostos te\u00f3rico-metodol\u00f3gicos das Ci\u00eancias Cognitivas, das Neuroci\u00eancias e da Lingu\u00edstica e que&hellip;&nbsp;<a href=\"https:\/\/www.cchla.ufpb.br\/proling\/laboratorios\/lacon-lab\/\" rel=\"bookmark\">Continue a ler &raquo;<span class=\"screen-reader-text\">LACON<\/span><\/a><\/p>\n","protected":false},"author":3,"featured_media":0,"parent":1775,"menu_order":0,"comment_status":"closed","ping_status":"closed","template":"","meta":{"neve_meta_sidebar":"","neve_meta_container":"","neve_meta_enable_content_width":"","neve_meta_content_width":0,"neve_meta_title_alignment":"","neve_meta_author_avatar":"","neve_post_elements_order":"","neve_meta_disable_header":"","neve_meta_disable_footer":"","neve_meta_disable_title":"","footnotes":""},"class_list":["post-2049","page","type-page","status-publish","hentry"],"featured_image_src":null,"_links":{"self":[{"href":"https:\/\/www.cchla.ufpb.br\/proling\/wp-json\/wp\/v2\/pages\/2049","targetHints":{"allow":["GET"]}}],"collection":[{"href":"https:\/\/www.cchla.ufpb.br\/proling\/wp-json\/wp\/v2\/pages"}],"about":[{"href":"https:\/\/www.cchla.ufpb.br\/proling\/wp-json\/wp\/v2\/types\/page"}],"author":[{"embeddable":true,"href":"https:\/\/www.cchla.ufpb.br\/proling\/wp-json\/wp\/v2\/users\/3"}],"replies":[{"embeddable":true,"href":"https:\/\/www.cchla.ufpb.br\/proling\/wp-json\/wp\/v2\/comments?post=2049"}],"version-history":[{"count":3,"href":"https:\/\/www.cchla.ufpb.br\/proling\/wp-json\/wp\/v2\/pages\/2049\/revisions"}],"predecessor-version":[{"id":2054,"href":"https:\/\/www.cchla.ufpb.br\/proling\/wp-json\/wp\/v2\/pages\/2049\/revisions\/2054"}],"up":[{"embeddable":true,"href":"https:\/\/www.cchla.ufpb.br\/proling\/wp-json\/wp\/v2\/pages\/1775"}],"wp:attachment":[{"href":"https:\/\/www.cchla.ufpb.br\/proling\/wp-json\/wp\/v2\/media?parent=2049"}],"curies":[{"name":"wp","href":"https:\/\/api.w.org\/{rel}","templated":true}]}}