{"id":2284,"date":"2025-06-05T05:41:15","date_gmt":"2025-06-05T08:41:15","guid":{"rendered":"https:\/\/www.cchla.ufpb.br\/proling\/?page_id=2284"},"modified":"2025-08-18T14:44:11","modified_gmt":"2025-08-18T17:44:11","slug":"autoavaliacao","status":"publish","type":"page","link":"https:\/\/www.cchla.ufpb.br\/proling\/autoavaliacao\/","title":{"rendered":"Autoavalia\u00e7\u00e3o"},"content":{"rendered":"\n<h3 class=\"wp-block-heading\"><strong>Hist\u00f3rico da Autoavalia\u00e7\u00e3o de 2019 at\u00e9 2024<\/strong><\/h3>\n\n\n\n<p>A indica\u00e7\u00e3o mais expl\u00edcita da necessidade de formaliza\u00e7\u00e3o de uma pol\u00edtica e uma pr\u00e1tica autoavaliativa a partir do ano de 2018 foi uma oportunidade para discuss\u00e3o e um esfor\u00e7o maior que se tornou um mecanismo de aprendizado e melhoria do Programa, mesmo tendo sido oriunda de um incentivo externo (quando a CAPES especificou essa necessidade; cf. CAPES. Autoavalia\u00e7\u00e3o de Programas de P\u00f3s-Gradua\u00e7\u00e3o. Relat\u00f3rio de Grupo de Trabalho, 2018. Dispon\u00edvel em: &lt;<a href=\"https:\/\/abrir.link\/DrPrK\" target=\"_blank\" rel=\"noreferrer noopener\"><u>https:\/\/abrir.link\/DrPrK<\/u><\/a>>. Acesso em: 15 dez. 2024).<\/p>\n\n\n\n<h3 class=\"wp-block-heading\"><strong>Pol\u00edtica e Princ\u00edpios de Autoavalia\u00e7\u00e3o<\/strong><\/h3>\n\n\n\n<p>O Programa estabeleceu como base de refer\u00eancia as pol\u00edticas sugeridas pela CAPES (no documento \u201cAutoavalia\u00e7\u00e3o de Programas de P\u00f3s-Gradua\u00e7\u00e3o\u201d acima citado) e as que foram amadurecendo no debate em n\u00edvel de Gest\u00e3o Superior da UFPB e do pr\u00f3prio Programa. Foram bases relevantes definidas pelo Programa:<\/p>\n\n\n\n<p>\u25cf Conceito ampliado: no Programa, s\u00e3o consideradas pr\u00e1ticas e conte\u00fado de autoavalia\u00e7\u00e3o tanto as opini\u00f5es e atitudes de docentes e discentes, assim como conte\u00fados oriundos de evid\u00eancias de efeitos e impactos do Programa (incluindo desempenho de docentes e discentes, assim como trajet\u00f3ria dos egressos).<\/p>\n\n\n\n<p>\u25cf Processo continuado: as pr\u00e1ticas de recep\u00e7\u00e3o de conte\u00fado peri\u00f3dicas s\u00e3o fontes de informa\u00e7\u00f5es relevantes, que se complementam com a aprecia\u00e7\u00e3o regular e cotidiana, estimulada pelas pr\u00e1ticas correntes do Programa.<\/p>\n\n\n\n<p>\u25cf Previs\u00e3o formal: as principais atividades de autoavalia\u00e7\u00e3o precisam ter previs\u00e3o formal com indica\u00e7\u00e3o de m\u00e9todos e pr\u00e1ticas. Por exemplo, as normas de avalia\u00e7\u00e3o do desempenho docente para efeito de recredenciamento tem resolu\u00e7\u00e3o\/norma espec\u00edfica. No PROLING, a <a href=\"https:\/\/sig-arq.ufpb.br\/arquivos\/202200903966e6460206343033bfa7a8b\/Resoluo_RE-CREDENCIAMENTO_12032014.pdf\" target=\"_blank\" rel=\"noreferrer noopener\"><u>Resolu\u00e7\u00e3o 01\/2014<\/u><\/a> de Credenciamento Docente; a <a href=\"https:\/\/www.cchla.ufpb.br\/proling\/wp-content\/uploads\/2019\/07\/Resolu%C3%A7%C3%A3o-n%C2%B0.-0032018_Crit%C3%A9rios-de-atua%C3%A7%C3%A3o-dos-docentes_22102018-1.doc\" target=\"_blank\" rel=\"noreferrer noopener\"><u>Resolu\u00e7\u00e3o 03\/2018<\/u><\/a> de atua\u00e7\u00e3o Docente e a <a href=\"https:\/\/www.cchla.ufpb.br\/proling\/wp-content\/uploads\/2018\/09\/Resolu%C3%A7%C3%A3o-N%C2%B0-002_2014-PROLING-%E2%80%93-Bolsas-de-24022014.pdf\" target=\"_blank\" rel=\"noreferrer noopener\"><u>Resolu\u00e7\u00e3o 02\/2014<\/u><\/a> de Acompanhamento do Bolsista e N\u00e3o-Bolsista, j\u00e1 estabelecem crit\u00e9rios de autoavalia\u00e7\u00e3o das atividades do corpo docente e do corpo discente.<\/p>\n\n\n\n<p>\u25cf Instrumenta\u00e7\u00e3o direcionada: nas pr\u00e1ticas regulares do Programa, a op\u00e7\u00e3o geralmente \u00e9 de utilizar, nas avalia\u00e7\u00f5es peri\u00f3dicas, instrumentos fixos e medidas padronizadas, com possibilidade de aprecia\u00e7\u00e3o ao longo do tempo. Nas pr\u00e1ticas eventuais, os instrumentos geralmente s\u00e3o definidos segundo a finalidade.<\/p>\n\n\n\n<p>\u25cf Alinhamento institucional: ficou definido que o Programa teria suas pr\u00f3prias pr\u00e1ticas, mas que se alinharia \u00e0s diretrizes \u00e0s pr\u00e1ticas mais amplas da Universidade, a exemplo da Resolu\u00e7\u00e3o N\u00ba 10\/2025 do Conselho Superior de Ensino, Pesquisa e Extens\u00e3o que estabelece a pol\u00edtica de melhoria dos Programas de P\u00f3s-Gradua\u00e7\u00e3o Stricto Sensu da Universidade Federal da Para\u00edba e dos processos de autoavalia\u00e7\u00e3o e planejamento institucional na P\u00f3s-Gradua\u00e7\u00e3o.<\/p>\n\n\n\n<h3 class=\"wp-block-heading\"><strong><a href=\"https:\/\/www.cchla.ufpb.br\/proling\/wp-content\/uploads\/2025\/06\/Projeto-de-Autoavaliacao-do-PROLING.pdf\" target=\"_blank\" rel=\"noreferrer noopener\">Projeto de Autoavalia\u00e7\u00e3o do Programa<\/a><\/strong><\/h3>\n\n\n\n<p>Neste sentido, o Programa aprovou em 2023, o Projeto de Autoavalia\u00e7\u00e3o do PROLING, ancorado nos seguintes objetivos:<\/p>\n\n\n\n<ul class=\"wp-block-list\">\n<li>Avaliar o alinhamento do Programa de P\u00f3s-Gradua\u00e7\u00e3o em Lingu\u00edstica (Proling) com a miss\u00e3o, vis\u00e3o e valores estabelecidos no Plano de Desenvolvimento Institucional (PDI) da UFPB;<\/li>\n\n\n\n<li>Analisar o desempenho do Proling na consecu\u00e7\u00e3o de seus objetivos espec\u00edficos, conforme estabelecido em seu regulamento;<\/li>\n\n\n\n<li>Avaliar o impacto do Proling na forma\u00e7\u00e3o dos alunos, tanto no n\u00edvel de mestrado quanto de doutorado, considerando o desenvolvimento de compet\u00eancias acad\u00eamicas e profissionais;<\/li>\n\n\n\n<li>Examinar as condi\u00e7\u00f5es oferecidas ao Proling para o desenvolvimento de atividades de ensino, pesquisa e extens\u00e3o, visando \u00e0 consolida\u00e7\u00e3o e amplia\u00e7\u00e3o das linhas de pesquisa do programa;<\/li>\n\n\n\n<li>Identificar pontos fortes e pontos fracos do Proling com base na autoavalia\u00e7\u00e3o, visando aprimorar a qualidade do programa;<\/li>\n\n\n\n<li>Utilizar os resultados da autoavalia\u00e7\u00e3o como ferramenta de aprendizado e tomada de decis\u00e3o, com o objetivo de implementar melhorias e aprimorar o desempenho do Proling.<\/li>\n\n\n\n<li>Estabelecer um ciclo de avalia\u00e7\u00e3o cont\u00ednua que permita acompanhar a evolu\u00e7\u00e3o do programa ao longo do tempo e garantir que ele esteja sempre alinhado com os princ\u00edpios, valores e objetivos institucionais da UFPB.<\/li>\n<\/ul>\n\n\n\n<p>Os projetos e as pr\u00e1ticas do Programa foram incentivados, segundo esta proposi\u00e7\u00e3o, considerando as especificidades e as prioridades da unidade. De posse ent\u00e3o desses delineamentos, h\u00e1 condi\u00e7\u00f5es de enunciar pr\u00e1ticas e conte\u00fados operacionalizados no Programa.<\/p>\n\n\n\n<h3 class=\"wp-block-heading\"><strong>Comiss\u00e3o de Autoavalia\u00e7\u00e3o do Programa<\/strong><\/h3>\n\n\n\n<p>A Comiss\u00e3o de Autoavalia\u00e7\u00e3o do Programa, aprovada em fevereiro\/2022, foi recomposta pelo Colegiado do PROLING em novembro\/2023, quando passou a ter a seguinte composi\u00e7\u00e3o, designada por Portaria Conjunta da Coordena\u00e7\u00e3o do Programa e da Pr\u00f3-Reitoria de P\u00f3s Gradua\u00e7\u00e3o em Pesquisa (01\/2024):<\/p>\n\n\n\n<ul style=\"padding-right:var(--wp--preset--spacing--60);padding-left:var(--wp--preset--spacing--60)\" class=\"wp-block-list\">\n<li>DERMEVAL DA HORA OLIVEIRA, do Quadro Docente do PROLING, Presidente da Comiss\u00e3o;<\/li>\n\n\n\n<li>GIORVAN ANDERSON DOS SANTOS ALVES, representante docente do Programa;<\/li>\n\n\n\n<li>PEDRO FARIAS FRANCELINO, representante docente do Programa;<\/li>\n\n\n\n<li>VALBERTO CARDOSO DA SILVA, representante dos T\u00e9cnicos em Assuntos Educacionais do Programa;<\/li>\n\n\n\n<li>THIAGO MAGNO DE CARVALHO COSTA, representante dos T\u00e9cnicos em Assuntos Educacionais do CCHLA;<\/li>\n\n\n\n<li>FRANCISCO EBSON GOMES SOUSA, representante do Corpo Discente do PROLING;<\/li>\n\n\n\n<li>PAULO VINICIUS AVILA NOBREGA representante dos discentes Egressos do PROLING;<\/li>\n\n\n\n<li>F\u00c1BIA SOUSA DE SENA COSTA, representante da comunidade externa ao Programa.<br><\/li>\n<\/ul>\n\n\n\n<div style=\"height:20px\" aria-hidden=\"true\" class=\"wp-block-spacer\"><\/div>\n\n\n\n<h3 class=\"wp-block-heading\"><img loading=\"lazy\" decoding=\"async\" width=\"25\" height=\"25\" class=\"wp-image-637\" style=\"width: 25px;\" src=\"https:\/\/www.cchla.ufpb.br\/proling\/wp-content\/uploads\/2022\/05\/pdf-icon.png\" alt=\"PDF\"> Documentos<\/h3>\n\n\n<div style=\"gap: 20px;\" class=\"align-button-left ub-buttons orientation-button-row ub-flex-wrap wp-block-ub-button\" id=\"ub-button-2c3659fb-7030-47f2-9497-e53de44aaba3\"><div class=\"ub-button-container\">\n\t\t\t<a href=\"https:\/\/www.cchla.ufpb.br\/proling\/wp-content\/uploads\/2025\/06\/Projeto-de-Autoavaliacao-do-PROLING.pdf\" target=\"_blank\" rel=\"noopener noreferrer\" class=\"ub-button-block-main   ub-button-flex\" role=\"button\" style=\"--ub-button-background-color: #7bdcb5; --ub-button-color: #000000; --ub-button-border: none; --ub-button-hover-background-color: #313131; --ub-button-hover-color: #ffffff; --ub-button-hover-border: none; padding-top: 10px; padding-right: 10px; padding-bottom: 10px; padding-left: 10px; border-top-left-radius: 10px;; border-top-right-radius: 10px;; border-bottom-left-radius: 10px;; border-bottom-right-radius: 10px;; \">\n\t\t\t\t<div class=\"ub-button-content-holder\" style=\"flex-direction: row\">\n\t\t\t\t\t<span class=\"ub-button-block-btn\">Projeto de Autoavalia\u00e7\u00e3o<\/span>\n\t\t\t\t<\/div>\n\t\t\t<\/a>\n\t\t<\/div><div class=\"ub-button-container\">\n\t\t\t<a href=\"https:\/\/www.cchla.ufpb.br\/proling\/wp-content\/uploads\/2025\/06\/Articulacao-de-conteudos-da-autoavaliacao.pdf\" target=\"_blank\" rel=\"noopener noreferrer\" class=\"ub-button-block-main   ub-button-flex\" role=\"button\" style=\"--ub-button-background-color: #7bdcb5; --ub-button-color: #000000; --ub-button-border: none; --ub-button-hover-background-color: #313131; --ub-button-hover-color: #ffffff; --ub-button-hover-border: none; padding-top: 10px; padding-right: 10px; padding-bottom: 10px; padding-left: 10px; border-top-left-radius: 10px;; border-top-right-radius: 10px;; border-bottom-left-radius: 10px;; border-bottom-right-radius: 10px;; \">\n\t\t\t\t<div class=\"ub-button-content-holder\" style=\"flex-direction: row\">\n\t\t\t\t\t<span class=\"ub-button-block-btn\">Articula\u00e7\u00e3o de conte\u00fados da autoavalia\u00e7\u00e3o<\/span>\n\t\t\t\t<\/div>\n\t\t\t<\/a>\n\t\t<\/div><div class=\"ub-button-container\">\n\t\t\t<a href=\"https:\/\/www.cchla.ufpb.br\/proling\/wp-content\/uploads\/2025\/06\/Fases-da-Autoavaliacao-do-Programa.pdf\" target=\"_blank\" rel=\"noopener noreferrer\" class=\"ub-button-block-main   ub-button-flex\" role=\"button\" style=\"--ub-button-background-color: #7bdcb5; --ub-button-color: #000000; --ub-button-border: none; --ub-button-hover-background-color: #313131; --ub-button-hover-color: #ffffff; --ub-button-hover-border: none; padding-top: 10px; padding-right: 10px; padding-bottom: 10px; padding-left: 10px; border-top-left-radius: 10px;; border-top-right-radius: 10px;; border-bottom-left-radius: 10px;; border-bottom-right-radius: 10px;; \">\n\t\t\t\t<div class=\"ub-button-content-holder\" style=\"flex-direction: row\">\n\t\t\t\t\t<span class=\"ub-button-block-btn\">Fases da Autoavalia\u00e7\u00e3o do Programa<\/span>\n\t\t\t\t<\/div>\n\t\t\t<\/a>\n\t\t<\/div><div class=\"ub-button-container\">\n\t\t\t<a href=\"https:\/\/www.cchla.ufpb.br\/proling\/wp-content\/uploads\/2025\/06\/Sumario-e-Metas-da-Autoavaliacao.pdf\" target=\"_blank\" rel=\"noopener noreferrer\" class=\"ub-button-block-main   ub-button-flex\" role=\"button\" style=\"--ub-button-background-color: #7bdcb5; --ub-button-color: #000000; --ub-button-border: none; --ub-button-hover-background-color: #313131; --ub-button-hover-color: #ffffff; --ub-button-hover-border: none; padding-top: 10px; padding-right: 10px; padding-bottom: 10px; padding-left: 10px; border-top-left-radius: 10px;; border-top-right-radius: 10px;; border-bottom-left-radius: 10px;; border-bottom-right-radius: 10px;; \">\n\t\t\t\t<div class=\"ub-button-content-holder\" style=\"flex-direction: row\">\n\t\t\t\t\t<span class=\"ub-button-block-btn\">Sum\u00e1rio e Metas da Autoavalia\u00e7\u00e3o<\/span>\n\t\t\t\t<\/div>\n\t\t\t<\/a>\n\t\t<\/div><\/div>\n\n\n<h3 class=\"wp-block-heading\">Relat\u00f3rios de Autoavalia\u00e7\u00e3o<\/h3>\n\n\n<div style=\"gap: 20px;\" class=\"align-button-left ub-buttons orientation-button-row ub-flex-wrap wp-block-ub-button\" id=\"ub-button-0250d2ec-5408-4912-8fd0-9100e2bf3b67\"><div class=\"ub-button-container\">\n\t\t\t<a href=\"https:\/\/www.cchla.ufpb.br\/proling\/wp-content\/uploads\/2025\/06\/Avaliacao-de-Egressos.pdf\" target=\"_blank\" rel=\"noopener noreferrer\" class=\"ub-button-block-main   ub-button-flex\" role=\"button\" style=\"--ub-button-background-color: #7bdcb5; --ub-button-color: #000000; --ub-button-border: none; --ub-button-hover-background-color: #313131; --ub-button-hover-color: #ffffff; --ub-button-hover-border: none; padding-top: 10px; padding-right: 10px; padding-bottom: 10px; padding-left: 10px; border-top-left-radius: 10px;; border-top-right-radius: 10px;; border-bottom-left-radius: 10px;; border-bottom-right-radius: 10px;; \">\n\t\t\t\t<div class=\"ub-button-content-holder\" style=\"flex-direction: row\">\n\t\t\t\t\t<span class=\"ub-button-block-btn\">Avalia\u00e7\u00e3o do Egresso<\/span>\n\t\t\t\t<\/div>\n\t\t\t<\/a>\n\t\t<\/div><div class=\"ub-button-container\">\n\t\t\t<a href=\"https:\/\/www.cchla.ufpb.br\/proling\/wp-content\/uploads\/2025\/06\/Instrumento_Autoavaliacao-PROLING-2021-a-2024-piloto-Formularios-Google.pdf\" target=\"_blank\" rel=\"noopener noreferrer\" class=\"ub-button-block-main   ub-button-flex\" role=\"button\" style=\"--ub-button-background-color: #7bdcb5; --ub-button-color: #000000; --ub-button-border: none; --ub-button-hover-background-color: #313131; --ub-button-hover-color: #ffffff; --ub-button-hover-border: none; padding-top: 10px; padding-right: 10px; padding-bottom: 10px; padding-left: 10px; border-top-left-radius: 10px;; border-top-right-radius: 10px;; border-bottom-left-radius: 10px;; border-bottom-right-radius: 10px;; \">\n\t\t\t\t<div class=\"ub-button-content-holder\" style=\"flex-direction: row\">\n\t\t\t\t\t<span class=\"ub-button-block-btn\">Instrumentos de Autoavalia\u00e7\u00e3o<\/span>\n\t\t\t\t<\/div>\n\t\t\t<\/a>\n\t\t<\/div><div class=\"ub-button-container\">\n\t\t\t<a href=\"https:\/\/www.cchla.ufpb.br\/proling\/wp-content\/uploads\/2025\/06\/Relatorio-2024-da-Autoavaliacao-do-PROLING.pdf\" target=\"_blank\" rel=\"noopener noreferrer\" class=\"ub-button-block-main   ub-button-flex\" role=\"button\" style=\"--ub-button-background-color: #7bdcb5; --ub-button-color: #000000; --ub-button-border: none; --ub-button-hover-background-color: #313131; --ub-button-hover-color: #ffffff; --ub-button-hover-border: none; padding-top: 10px; padding-right: 10px; padding-bottom: 10px; padding-left: 10px; border-top-left-radius: 10px;; border-top-right-radius: 10px;; border-bottom-left-radius: 10px;; border-bottom-right-radius: 10px;; \">\n\t\t\t\t<div class=\"ub-button-content-holder\" style=\"flex-direction: row\">\n\t\t\t\t\t<span class=\"ub-button-block-btn\">Relat\u00f3rio 2024<\/span>\n\t\t\t\t<\/div>\n\t\t\t<\/a>\n\t\t<\/div><\/div>\n\n\n<p><\/p>\n","protected":false},"excerpt":{"rendered":"<p>Hist\u00f3rico da Autoavalia\u00e7\u00e3o de 2019 at\u00e9 2024 A indica\u00e7\u00e3o mais expl\u00edcita da necessidade de formaliza\u00e7\u00e3o de uma pol\u00edtica e uma pr\u00e1tica autoavaliativa a partir do ano de 2018 foi uma oportunidade para discuss\u00e3o e um esfor\u00e7o maior que se tornou um mecanismo de aprendizado e melhoria do Programa, mesmo tendo sido oriunda de um incentivo&hellip;&nbsp;<a href=\"https:\/\/www.cchla.ufpb.br\/proling\/autoavaliacao\/\" rel=\"bookmark\">Continue a ler &raquo;<span class=\"screen-reader-text\">Autoavalia\u00e7\u00e3o<\/span><\/a><\/p>\n","protected":false},"author":3,"featured_media":0,"parent":0,"menu_order":0,"comment_status":"closed","ping_status":"closed","template":"","meta":{"neve_meta_sidebar":"","neve_meta_container":"","neve_meta_enable_content_width":"","neve_meta_content_width":0,"neve_meta_title_alignment":"","neve_meta_author_avatar":"","neve_post_elements_order":"","neve_meta_disable_header":"","neve_meta_disable_footer":"","neve_meta_disable_title":"","footnotes":""},"class_list":["post-2284","page","type-page","status-publish","hentry"],"featured_image_src":null,"_links":{"self":[{"href":"https:\/\/www.cchla.ufpb.br\/proling\/wp-json\/wp\/v2\/pages\/2284","targetHints":{"allow":["GET"]}}],"collection":[{"href":"https:\/\/www.cchla.ufpb.br\/proling\/wp-json\/wp\/v2\/pages"}],"about":[{"href":"https:\/\/www.cchla.ufpb.br\/proling\/wp-json\/wp\/v2\/types\/page"}],"author":[{"embeddable":true,"href":"https:\/\/www.cchla.ufpb.br\/proling\/wp-json\/wp\/v2\/users\/3"}],"replies":[{"embeddable":true,"href":"https:\/\/www.cchla.ufpb.br\/proling\/wp-json\/wp\/v2\/comments?post=2284"}],"version-history":[{"count":14,"href":"https:\/\/www.cchla.ufpb.br\/proling\/wp-json\/wp\/v2\/pages\/2284\/revisions"}],"predecessor-version":[{"id":2629,"href":"https:\/\/www.cchla.ufpb.br\/proling\/wp-json\/wp\/v2\/pages\/2284\/revisions\/2629"}],"wp:attachment":[{"href":"https:\/\/www.cchla.ufpb.br\/proling\/wp-json\/wp\/v2\/media?parent=2284"}],"curies":[{"name":"wp","href":"https:\/\/api.w.org\/{rel}","templated":true}]}}