{"id":394,"date":"2022-04-23T09:14:11","date_gmt":"2022-04-23T12:14:11","guid":{"rendered":"http:\/\/www.cchla.ufpb.br\/proling3\/?page_id=394"},"modified":"2025-06-05T10:49:16","modified_gmt":"2025-06-05T13:49:16","slug":"abertura","status":"publish","type":"page","link":"https:\/\/www.cchla.ufpb.br\/proling\/","title":{"rendered":"Abertura"},"content":{"rendered":"<div class=\"wp-block-image\">\n<figure class=\"alignright size-full is-resized\"><img loading=\"lazy\" decoding=\"async\" width=\"683\" height=\"388\" src=\"https:\/\/www.cchla.ufpb.br\/proling\/wp-content\/uploads\/2022\/05\/entrada-ufpb.jpeg\" alt=\"Port\u00e3o principal da UFPB\" class=\"wp-image-735\" style=\"width:450px\" srcset=\"https:\/\/www.cchla.ufpb.br\/proling\/wp-content\/uploads\/2022\/05\/entrada-ufpb.jpeg 683w, https:\/\/www.cchla.ufpb.br\/proling\/wp-content\/uploads\/2022\/05\/entrada-ufpb-300x170.jpeg 300w\" sizes=\"auto, (max-width: 683px) 100vw, 683px\" \/><\/figure>\n<\/div>\n\n\n<p>O Programa de P\u00f3s-Gradua\u00e7\u00e3o em Lingu\u00edstica da UFPB tem como finalidade formar profissionais qualificados para o exerc\u00edcio de atividades de ensino, pesquisa e extens\u00e3o na \u00e1rea de Lingu\u00edstica nos n\u00edveis de Mestrado e Doutorado [&#8230;]<\/p>\n\n\n\n<div class=\"wp-block-buttons is-layout-flex wp-block-buttons-is-layout-flex\">\n<div class=\"wp-block-button\"><a class=\"wp-block-button__link wp-element-button\" href=\"https:\/\/www.cchla.ufpb.br\/proling\/apresentacao-do-programa\/\">Apresenta\u00e7\u00e3o<\/a><\/div>\n<\/div>\n\n\n\n<div style=\"height:30px\" aria-hidden=\"true\" class=\"wp-block-spacer\"><\/div>\n\n\n\n<div class=\"wp-block-columns is-layout-flex wp-container-core-columns-is-layout-ed5226f6 wp-block-columns-is-layout-flex\" style=\"padding-right:0;padding-left:0\">\n<div class=\"wp-block-column has-background is-layout-flow wp-block-column-is-layout-flow\" style=\"background-color:#497c18;padding-right:0;padding-left:0\"><div class=\"wp-block-image\">\n<figure class=\"aligncenter size-full is-resized\"><a href=\"https:\/\/www.cchla.ufpb.br\/proling\/matricula\/\"><img loading=\"lazy\" decoding=\"async\" width=\"880\" height=\"980\" src=\"https:\/\/www.cchla.ufpb.br\/proling\/wp-content\/uploads\/2022\/07\/destaque_icon-matricula.png\" alt=\"Matr\u00edcula\" class=\"wp-image-1083\" style=\"aspect-ratio:0.9166666666666666;width:55px;height:auto\" srcset=\"https:\/\/www.cchla.ufpb.br\/proling\/wp-content\/uploads\/2022\/07\/destaque_icon-matricula.png 880w, https:\/\/www.cchla.ufpb.br\/proling\/wp-content\/uploads\/2022\/07\/destaque_icon-matricula-269x300.png 269w, https:\/\/www.cchla.ufpb.br\/proling\/wp-content\/uploads\/2022\/07\/destaque_icon-matricula-768x855.png 768w\" sizes=\"auto, (max-width: 880px) 100vw, 880px\" \/><\/a><\/figure>\n<\/div>\n\n\n<div style=\"height:10px\" aria-hidden=\"true\" class=\"wp-block-spacer\"><\/div>\n\n\n\n<p class=\"has-text-align-center\"><a href=\"https:\/\/www.cchla.ufpb.br\/proling\/matricula\/\">Matr\u00edcula<\/a><\/p>\n<\/div>\n\n\n\n<div class=\"wp-block-column has-background is-layout-flow wp-block-column-is-layout-flow\" style=\"background-color:#497c18;padding-right:0;padding-left:0\"><div class=\"wp-block-image\">\n<figure class=\"aligncenter size-full is-resized\"><a href=\"https:\/\/sigaa.ufpb.br\/sigaa\/public\/programa\/processo_seletivo.jsf?lc=pt_BR&amp;id=1901\" target=\"_blank\" rel=\" noreferrer noopener\"><img loading=\"lazy\" decoding=\"async\" width=\"880\" height=\"980\" src=\"https:\/\/www.cchla.ufpb.br\/proling3\/wp-content\/uploads\/2022\/05\/destaque_icon-processos_seletivos-1.png\" alt=\"Processos Seletivos\" class=\"wp-image-607\" style=\"width:55px;height:60px\" srcset=\"https:\/\/www.cchla.ufpb.br\/proling\/wp-content\/uploads\/2022\/05\/destaque_icon-processos_seletivos-1.png 880w, https:\/\/www.cchla.ufpb.br\/proling\/wp-content\/uploads\/2022\/05\/destaque_icon-processos_seletivos-1-269x300.png 269w, https:\/\/www.cchla.ufpb.br\/proling\/wp-content\/uploads\/2022\/05\/destaque_icon-processos_seletivos-1-768x855.png 768w\" sizes=\"auto, (max-width: 880px) 100vw, 880px\" \/><\/a><\/figure>\n<\/div>\n\n\n<div style=\"height:10px\" aria-hidden=\"true\" class=\"wp-block-spacer\"><\/div>\n\n\n\n<p class=\"has-text-align-center\"><a href=\"https:\/\/sigaa.ufpb.br\/sigaa\/public\/programa\/processo_seletivo.jsf?lc=pt_BR&amp;id=1901\" target=\"_blank\" rel=\"noreferrer noopener\">Processos<br>Seletivos<\/a><\/p>\n<\/div>\n\n\n\n<div class=\"wp-block-column has-background is-layout-flow wp-block-column-is-layout-flow\" style=\"background-color:#497c18;padding-right:0;padding-left:0\"><div class=\"wp-block-image\">\n<figure class=\"aligncenter size-full is-resized\"><a href=\"https:\/\/www.cchla.ufpb.br\/proling\/?s=formularios\" target=\"_blank\" rel=\" noreferrer noopener\"><img loading=\"lazy\" decoding=\"async\" width=\"880\" height=\"980\" src=\"https:\/\/www.cchla.ufpb.br\/proling3\/wp-content\/uploads\/2022\/05\/destaque_icon-forms-1.png\" alt=\"Formul\u00e1rios\" class=\"wp-image-615\" style=\"aspect-ratio:0.9166666666666666;width:55px;height:auto\" srcset=\"https:\/\/www.cchla.ufpb.br\/proling\/wp-content\/uploads\/2022\/05\/destaque_icon-forms-1.png 880w, https:\/\/www.cchla.ufpb.br\/proling\/wp-content\/uploads\/2022\/05\/destaque_icon-forms-1-269x300.png 269w, https:\/\/www.cchla.ufpb.br\/proling\/wp-content\/uploads\/2022\/05\/destaque_icon-forms-1-768x855.png 768w\" sizes=\"auto, (max-width: 880px) 100vw, 880px\" \/><\/a><\/figure>\n<\/div>\n\n\n<div style=\"height:10px\" aria-hidden=\"true\" class=\"wp-block-spacer\"><\/div>\n\n\n\n<p class=\"has-text-align-center\"><a href=\"https:\/\/www.cchla.ufpb.br\/proling\/?s=formularios\">Formul\u00e1rios e<br>documentos<\/a><\/p>\n<\/div>\n\n\n\n<div class=\"wp-block-column is-vertically-aligned-stretch has-background is-layout-flow wp-block-column-is-layout-flow\" style=\"background-color:#497c18;padding-right:0;padding-left:0\"><div class=\"wp-block-image\">\n<figure class=\"aligncenter size-full is-resized\"><img loading=\"lazy\" decoding=\"async\" width=\"880\" height=\"980\" src=\"https:\/\/www.cchla.ufpb.br\/proling\/wp-content\/uploads\/2025\/02\/destaque_icon_autoaval.png\" alt=\"Autoavaliac\u0327\u00e3o e Planejamento Estrate\u0301gico\" class=\"wp-image-1841\" style=\"width:55px\" srcset=\"https:\/\/www.cchla.ufpb.br\/proling\/wp-content\/uploads\/2025\/02\/destaque_icon_autoaval.png 880w, https:\/\/www.cchla.ufpb.br\/proling\/wp-content\/uploads\/2025\/02\/destaque_icon_autoaval-269x300.png 269w, https:\/\/www.cchla.ufpb.br\/proling\/wp-content\/uploads\/2025\/02\/destaque_icon_autoaval-768x855.png 768w\" sizes=\"auto, (max-width: 880px) 100vw, 880px\" \/><\/figure>\n<\/div>\n\n\n<div style=\"height:5px\" aria-hidden=\"true\" class=\"wp-block-spacer\"><\/div>\n\n\n\n<ul style=\"padding-top:0;padding-right:0;padding-bottom:0;padding-left:var(--wp--preset--spacing--50)\" class=\"wp-block-list\">\n<li><a href=\"https:\/\/www.cchla.ufpb.br\/proling\/autoavaliacao\/\">Autoavaliac\u0327\u00e3o<\/a><\/li>\n\n\n\n<li><a href=\"https:\/\/www.cchla.ufpb.br\/proling\/planejamento-estrategico\/\" data-type=\"page\" data-id=\"2282\">Planejamento\u00a0<br>Estrate\u0301gico<\/a><\/li>\n<\/ul>\n<\/div>\n<\/div>\n\n\n\n<hr class=\"wp-block-separator has-text-color has-css-opacity has-background is-style-wide\" style=\"background-color:#497c18;color:#497c18\"\/>\n\n\n\n<h3 class=\"wp-block-heading\" id=\"0-destaques\">Destaques:<\/h3>\n\n\n<style>.wp-show-posts-columns#wpsp-489 {margin-left: -2em; }.wp-show-posts-columns#wpsp-489 .wp-show-posts-inner {margin: 0 0 2em 2em; }<\/style><section id=\"wpsp-489\" class=\" wp-show-posts-columns wp-show-posts\" style=\"\"><article class=\" wp-show-posts-single post-2740 post type-post status-publish format-standard hentry category-destaques category-noticia category-selecao-proling-2026 wpsp-col-4\" itemtype=\"http:\/\/schema.org\/CreativeWork\" itemscope><div class=\"wp-show-posts-inner\" style=\"\">\t\t\t\t\t\t<header class=\"wp-show-posts-entry-header\">\n\t\t\t\t\t\t\t<h4 class=\"wp-show-posts-entry-title\" itemprop=\"headline\"><a href=\"https:\/\/www.cchla.ufpb.br\/proling\/noticia\/processo-seletivo-simplificado-professor-visitante-2026\/\" rel=\"bookmark\">Processo Seletivo Simplificado Professor Visitante 2026<\/a><\/h4>\t\t\t\t\t\t<\/header><!-- .entry-header -->\n\t\t\t\t\t\t\t\t\t\t\t<div class=\"wp-show-posts-entry-summary\" itemprop=\"text\">\n\t\t\t\t\t\t\t<p>Encontram-se abertas, no per\u00edodo de 10 a 27 de abril de 2026, as inscri\u00e7\u00f5es para o Processo Seletivo de Contrata\u00e7\u00e3o&#8230;<\/p>\n\t\t\t\t\t\t<\/div><!-- .entry-summary -->\n\t\t\t\t\t<div class=\"wpsp-read-more\"><a title=\"Processo Seletivo Simplificado Professor Visitante 2026\" class=\"wp-show-posts-read-more\" href=\"https:\/\/www.cchla.ufpb.br\/proling\/noticia\/processo-seletivo-simplificado-professor-visitante-2026\/\">Leia +<\/a><\/div><\/div><!-- wp-show-posts-inner --><\/article><article class=\" wp-show-posts-single post-2697 post type-post status-publish format-standard has-post-thumbnail hentry category-destaques category-noticia category-pos-doutorado wpsp-col-4\" itemtype=\"http:\/\/schema.org\/CreativeWork\" itemscope><div class=\"wp-show-posts-inner\" style=\"\">\t\t<div class=\"wp-show-posts-image  wpsp-image-center \">\n\t\t\t<a href=\"https:\/\/www.cchla.ufpb.br\/proling\/noticia\/edital-04-2026-processo-seletivo-de-candidatos-a-bolsa-de-pos-doutorado\/\"  title=\"EDITAL 04\/2026 &#8211; Processo Seletivo de Candidatos a Bolsa de P\u00f3s-Doutorado\"><img loading=\"lazy\" decoding=\"async\" width=\"1080\" height=\"1080\" src=\"https:\/\/www.cchla.ufpb.br\/proling\/wp-content\/uploads\/2026\/02\/posdoc.png\" class=\"attachment-full size-full wp-post-image\" alt=\"\" itemprop=\"image\" srcset=\"https:\/\/www.cchla.ufpb.br\/proling\/wp-content\/uploads\/2026\/02\/posdoc.png 1080w, https:\/\/www.cchla.ufpb.br\/proling\/wp-content\/uploads\/2026\/02\/posdoc-300x300.png 300w, https:\/\/www.cchla.ufpb.br\/proling\/wp-content\/uploads\/2026\/02\/posdoc-1024x1024.png 1024w, https:\/\/www.cchla.ufpb.br\/proling\/wp-content\/uploads\/2026\/02\/posdoc-150x150.png 150w, https:\/\/www.cchla.ufpb.br\/proling\/wp-content\/uploads\/2026\/02\/posdoc-768x768.png 768w\" sizes=\"auto, (max-width: 1080px) 100vw, 1080px\" \/><\/a>\t\t<\/div>\n\t\t\t\t\t\t\t\t<header class=\"wp-show-posts-entry-header\">\n\t\t\t\t\t\t\t<h4 class=\"wp-show-posts-entry-title\" itemprop=\"headline\"><a href=\"https:\/\/www.cchla.ufpb.br\/proling\/noticia\/edital-04-2026-processo-seletivo-de-candidatos-a-bolsa-de-pos-doutorado\/\" rel=\"bookmark\">EDITAL 04\/2026 &#8211; Processo Seletivo de Candidatos a Bolsa de P\u00f3s-Doutorado<\/a><\/h4>\t\t\t\t\t\t<\/header><!-- .entry-header -->\n\t\t\t\t\t\t\t\t\t\t\t<div class=\"wp-show-posts-entry-summary\" itemprop=\"text\">\n\t\t\t\t\t\t\t<p>O Programa de P\u00f3s-Gradua\u00e7\u00e3o em Lingu\u00edstica (PROLING) da Universidade Federal da Para\u00edba (UFPB), torna p\u00fablico o presente Edital para abertura&#8230;<\/p>\n\t\t\t\t\t\t<\/div><!-- .entry-summary -->\n\t\t\t\t\t<div class=\"wpsp-read-more\"><a title=\"EDITAL 04\/2026 &#8211; Processo Seletivo de Candidatos a Bolsa de P\u00f3s-Doutorado\" class=\"wp-show-posts-read-more\" href=\"https:\/\/www.cchla.ufpb.br\/proling\/noticia\/edital-04-2026-processo-seletivo-de-candidatos-a-bolsa-de-pos-doutorado\/\">Leia +<\/a><\/div><\/div><!-- wp-show-posts-inner --><\/article><article class=\" wp-show-posts-single post-2685 post type-post status-publish format-standard has-post-thumbnail hentry category-destaques category-processos-seletivos wpsp-col-4\" itemtype=\"http:\/\/schema.org\/CreativeWork\" itemscope><div class=\"wp-show-posts-inner\" style=\"\">\t\t<div class=\"wp-show-posts-image  wpsp-image-center \">\n\t\t\t<a href=\"https:\/\/www.cchla.ufpb.br\/proling\/destaques\/edital-02-2026-selecao-simplificada-para-matricula-de-alunosas-especiais-2026-1\/\"  title=\"Edital 02\/2026 &#8211; Sele\u00e7\u00e3o Simplificada para Matr\u00edcula de Alunos(as) Especiais 2026.1\"><img loading=\"lazy\" decoding=\"async\" width=\"1080\" height=\"1080\" src=\"https:\/\/www.cchla.ufpb.br\/proling\/wp-content\/uploads\/2026\/01\/proling.png\" class=\"attachment-full size-full wp-post-image\" alt=\"\" itemprop=\"image\" srcset=\"https:\/\/www.cchla.ufpb.br\/proling\/wp-content\/uploads\/2026\/01\/proling.png 1080w, https:\/\/www.cchla.ufpb.br\/proling\/wp-content\/uploads\/2026\/01\/proling-300x300.png 300w, https:\/\/www.cchla.ufpb.br\/proling\/wp-content\/uploads\/2026\/01\/proling-1024x1024.png 1024w, https:\/\/www.cchla.ufpb.br\/proling\/wp-content\/uploads\/2026\/01\/proling-150x150.png 150w, https:\/\/www.cchla.ufpb.br\/proling\/wp-content\/uploads\/2026\/01\/proling-768x768.png 768w\" sizes=\"auto, (max-width: 1080px) 100vw, 1080px\" \/><\/a>\t\t<\/div>\n\t\t\t\t\t\t\t\t<header class=\"wp-show-posts-entry-header\">\n\t\t\t\t\t\t\t<h4 class=\"wp-show-posts-entry-title\" itemprop=\"headline\"><a href=\"https:\/\/www.cchla.ufpb.br\/proling\/destaques\/edital-02-2026-selecao-simplificada-para-matricula-de-alunosas-especiais-2026-1\/\" rel=\"bookmark\">Edital 02\/2026 &#8211; Sele\u00e7\u00e3o Simplificada para Matr\u00edcula de Alunos(as) Especiais 2026.1<\/a><\/h4>\t\t\t\t\t\t<\/header><!-- .entry-header -->\n\t\t\t\t\t\t\t\t\t\t\t<div class=\"wp-show-posts-entry-summary\" itemprop=\"text\">\n\t\t\t\t\t\t\t<p>Nota: Excepcionalmente, devido ao per\u00edodo de carnaval, os pedidos de recurso do Resultado Preliminar dever\u00e3o ser feitos atrav\u00e9s do e-mail&#8230;<\/p>\n\t\t\t\t\t\t<\/div><!-- .entry-summary -->\n\t\t\t\t\t<div class=\"wpsp-read-more\"><a title=\"Edital 02\/2026 &#8211; Sele\u00e7\u00e3o Simplificada para Matr\u00edcula de Alunos(as) Especiais 2026.1\" class=\"wp-show-posts-read-more\" href=\"https:\/\/www.cchla.ufpb.br\/proling\/destaques\/edital-02-2026-selecao-simplificada-para-matricula-de-alunosas-especiais-2026-1\/\">Leia +<\/a><\/div><\/div><!-- wp-show-posts-inner --><\/article><div class=\"wpsp-clear\"><\/div><\/section><!-- .wp-show-posts -->\n","protected":false},"excerpt":{"rendered":"<p>O Programa de P\u00f3s-Gradua\u00e7\u00e3o em Lingu\u00edstica da UFPB tem como finalidade formar profissionais qualificados para o exerc\u00edcio de atividades de ensino, pesquisa e extens\u00e3o na \u00e1rea de Lingu\u00edstica nos n\u00edveis de Mestrado e Doutorado [&#8230;] Matr\u00edcula ProcessosSeletivos Formul\u00e1rios edocumentos Destaques:<\/p>\n","protected":false},"author":3,"featured_media":0,"parent":0,"menu_order":0,"comment_status":"closed","ping_status":"closed","template":"","meta":{"neve_meta_sidebar":"right","neve_meta_container":"","neve_meta_enable_content_width":"on","neve_meta_content_width":70,"neve_meta_title_alignment":"","neve_meta_author_avatar":"","neve_post_elements_order":"","neve_meta_disable_header":"","neve_meta_disable_footer":"","neve_meta_disable_title":"on","footnotes":""},"class_list":["post-394","page","type-page","status-publish","hentry"],"featured_image_src":null,"_links":{"self":[{"href":"https:\/\/www.cchla.ufpb.br\/proling\/wp-json\/wp\/v2\/pages\/394","targetHints":{"allow":["GET"]}}],"collection":[{"href":"https:\/\/www.cchla.ufpb.br\/proling\/wp-json\/wp\/v2\/pages"}],"about":[{"href":"https:\/\/www.cchla.ufpb.br\/proling\/wp-json\/wp\/v2\/types\/page"}],"author":[{"embeddable":true,"href":"https:\/\/www.cchla.ufpb.br\/proling\/wp-json\/wp\/v2\/users\/3"}],"replies":[{"embeddable":true,"href":"https:\/\/www.cchla.ufpb.br\/proling\/wp-json\/wp\/v2\/comments?post=394"}],"version-history":[{"count":64,"href":"https:\/\/www.cchla.ufpb.br\/proling\/wp-json\/wp\/v2\/pages\/394\/revisions"}],"predecessor-version":[{"id":2306,"href":"https:\/\/www.cchla.ufpb.br\/proling\/wp-json\/wp\/v2\/pages\/394\/revisions\/2306"}],"wp:attachment":[{"href":"https:\/\/www.cchla.ufpb.br\/proling\/wp-json\/wp\/v2\/media?parent=394"}],"curies":[{"name":"wp","href":"https:\/\/api.w.org\/{rel}","templated":true}]}}