{"id":675,"date":"2022-05-04T09:49:38","date_gmt":"2022-05-04T12:49:38","guid":{"rendered":"http:\/\/www.cchla.ufpb.br\/proling3\/?page_id=675"},"modified":"2025-02-21T11:03:07","modified_gmt":"2025-02-21T14:03:07","slug":"formularios-para-discentes","status":"publish","type":"page","link":"https:\/\/www.cchla.ufpb.br\/proling\/formularios-para-discentes\/","title":{"rendered":"Formul\u00e1rios para discentes"},"content":{"rendered":"\n<h3 class=\"wp-block-heading\">Escolha o assunto e selecione o formul\u00e1rio apropriado<\/h3>\n\n\n\n<p class=\"has-text-align-left\">Todas as solicita\u00e7\u00f5es dirigidas ao PROLING (formul\u00e1rios, pedidos de declara\u00e7\u00e3o, documenta\u00e7\u00e3o de bolsa, solicita\u00e7\u00f5es de matr\u00edcula, ajuda de custo, presta\u00e7\u00e3o de contas, relat\u00f3rios etc.)&nbsp;<strong>dever\u00e3o ser formalizada<\/strong>s por meio de processo&nbsp;administrativo.<\/p>\n\n\n\n<h4 class=\"wp-block-heading\">Orientamos que o solicitante utilize a plataforma de envio de documentos externos do SIPAC:<\/h4>\n\n\n<div style=\"gap: 20px;\" class=\"align-button-center ub-buttons orientation-button-row  wp-block-ub-button\" id=\"ub-button-937e4199-cc7d-471c-8a41-13129110a35e\"><div class=\"ub-button-container\">\n\t\t\t<a href=\"https:\/\/sipac.ufpb.br\/public\/jsp\/processos\/solicitar_processo.jsp\" target=\"_blank\" rel=\"noopener noreferrer\" class=\"ub-button-block-main   ub-button-flex\" role=\"button\" style=\"--ub-button-background-color: #7bdcb5; --ub-button-color: #ffffff; --ub-button-border: none; --ub-button-hover-background-color: #abb8c3; --ub-button-hover-color: #ffffff; --ub-button-hover-border: none; padding-top: 10px; padding-right: 10px; padding-bottom: 10px; padding-left: 10px; border-top-left-radius: 10px;; border-top-right-radius: 10px;; border-bottom-left-radius: 10px;; border-bottom-right-radius: 10px;; \">\n\t\t\t\t<div class=\"ub-button-content-holder\" style=\"flex-direction: row\">\n\t\t\t\t\t<span class=\"ub-button-block-btn\"><strong>Cadastro na Plataforma de Envio de Documentos<\/strong><\/span>\n\t\t\t\t<\/div>\n\t\t\t<\/a>\n\t\t<\/div><\/div>\n\n\n<p><\/p>\n\n\n\n<h4 class=\"wp-block-heading\">Ap\u00f3s realizar o cadastro no sistema, utilizar o formul\u00e1rio:<\/h4>\n\n\n<div style=\"gap: 20px;\" class=\"align-button-center ub-buttons orientation-button-row ub-flex-wrap wp-block-ub-button\" id=\"ub-button-ca50a04d-1807-4b7a-8edc-a5675157b96c\"><div class=\"ub-button-container\">\n\t\t\t<a href=\"https:\/\/sipac.ufpb.br\/public\/cadastraSolicitacao.do\" target=\"_blank\" rel=\"noopener noreferrer\" class=\"ub-button-block-main   ub-button-flex\" role=\"button\" style=\"--ub-button-background-color: #7bdcb5; --ub-button-color: #ffffff; --ub-button-border: none; --ub-button-hover-background-color: #abb8c3; --ub-button-hover-color: #ffffff; --ub-button-hover-border: none; padding-top: 10px; padding-right: 10px; padding-bottom: 10px; padding-left: 10px; border-top-left-radius: 10px;; border-top-right-radius: 10px;; border-bottom-left-radius: 10px;; border-bottom-right-radius: 10px;; \">\n\t\t\t\t<div class=\"ub-button-content-holder\" style=\"flex-direction: row\">\n\t\t\t\t\t<span class=\"ub-button-block-btn\"><strong>Formul\u00e1rio de protocolo de solicita\u00e7\u00f5es<\/strong><\/span>\n\t\t\t\t<\/div>\n\t\t\t<\/a>\n\t\t<\/div><\/div>\n\n\n<p><\/p>\n\n\n\n<h4 class=\"wp-block-heading\">O acompanhamento dos processos e solicita\u00e7\u00f5es feitas via Protocolo (SIPAC) deve ser feito via link:<\/h4>\n\n\n<div style=\"gap: 20px;\" class=\"align-button-center ub-buttons orientation-button-row ub-flex-wrap wp-block-ub-button\" id=\"ub-button-b142d139-3335-4326-830a-0e856d0f214d\"><div class=\"ub-button-container\">\n\t\t\t<a href=\"https:\/\/sipac.ufpb.br\/public\/jsp\/portal.jsf\" target=\"_blank\" rel=\"noopener noreferrer\" class=\"ub-button-block-main   ub-button-flex\" role=\"button\" style=\"--ub-button-background-color: #7bdcb5; --ub-button-color: #ffffff; --ub-button-border: none; --ub-button-hover-background-color: #abb8c3; --ub-button-hover-color: #ffffff; --ub-button-hover-border: none; padding-top: 10px; padding-right: 10px; padding-bottom: 10px; padding-left: 10px; border-top-left-radius: 10px;; border-top-right-radius: 10px;; border-bottom-left-radius: 10px;; border-bottom-right-radius: 10px;; \">\n\t\t\t\t<div class=\"ub-button-content-holder\" style=\"flex-direction: row\">\n\t\t\t\t\t<span class=\"ub-button-block-btn\"><strong>Acompanhamento de processos ostensivos (n\u00e3o restritos)<\/strong><\/span>\n\t\t\t\t<\/div>\n\t\t\t<\/a>\n\t\t<\/div><\/div>\n\n\n<p><\/p>\n\n\n\n<h3 class=\"wp-block-heading\"><a href=\"http:\/\/plone.ufpb.br\/arquivocentral\/contents\/videos\/orientacao-para-abrir-e-protocolar-processos-administrativos-ufpb-via-web\">Veja tutorial de cadastro de processo<\/a><\/h3>\n\n\n\n<p><\/p>\n\n\n\n<p>Apenas dados <strong>ostensivos<\/strong> podem ser publicamente consultados. <\/p>\n\n\n\n<p><\/p>\n\n\n\n<p>Os dados <strong>restritos<\/strong> s\u00f3 podem ser acessados pelo pr\u00f3prio interessado na Secretaria do PROLING.<\/p>\n\n\n\n<p><\/p>\n\n\n<div style=\"gap: 20px;\" class=\"align-button-center ub-buttons orientation-button-row ub-flex-wrap wp-block-ub-button\" id=\"ub-button-c64154a0-73da-4c4b-ae49-7751dd335ab8\"><div class=\"ub-button-container ub-button-full-container\">\n\t\t\t<a href=\"\" target=\"_blank\" rel=\"noopener noreferrer\" class=\"ub-button-block-main  ub-button-full-width \" role=\"button\" style=\"--ub-button-background-color: #abb8c3; --ub-button-color: #ffffff; --ub-button-border: none; --ub-button-hover-background-color: #313131; --ub-button-hover-color: #ffffff; --ub-button-hover-border: none; padding-top: 10px; padding-right: 10px; padding-bottom: 10px; padding-left: 10px; border-top-left-radius: 10px;; border-top-right-radius: 10px;; border-bottom-left-radius: 10px;; border-bottom-right-radius: 10px;; \">\n\t\t\t\t<div class=\"ub-button-content-holder\" style=\"flex-direction: row\">\n\t\t\t\t\t<span class=\"ub-button-block-btn\"><strong>Formul\u00e1rios por Assuntos<\/strong><\/span>\n\t\t\t\t<\/div>\n\t\t\t<\/a>\n\t\t<\/div><\/div>\n\n<div class=\"wp-block-ub-content-toggle wp-block-ub-content-toggle-block\" id=\"ub-content-toggle-block-d1a0292a-0f22-42d1-aeab-1639f32499bb\" data-mobilecollapse=\"false\" data-desktopcollapse=\"false\" data-preventcollapse=\"false\" data-showonlyone=\"false\">\n<div class=\"wp-block-ub-content-toggle-accordion\" style=\"border-color: #f1f1f1; \" id=\"ub-content-toggle-panel-block-\">\n\t\t\t<div class=\"wp-block-ub-content-toggle-accordion-title-wrap\" style=\"background-color: #f1f1f1;\" aria-controls=\"ub-content-toggle-panel-0-d1a0292a-0f22-42d1-aeab-1639f32499bb\" tabindex=\"0\">\n\t\t\t<p class=\"wp-block-ub-content-toggle-accordion-title ub-content-toggle-title-d1a0292a-0f22-42d1-aeab-1639f32499bb\" style=\"color: #000000; \"><strong>Ajuda de Custo<\/strong><\/p>\n\t\t\t<div class=\"wp-block-ub-content-toggle-accordion-toggle-wrap right\" style=\"color: #000000;\"><span class=\"wp-block-ub-content-toggle-accordion-state-indicator wp-block-ub-chevron-down open\"><\/span><\/div>\n\t\t<\/div>\n\t\t\t<div role=\"region\" aria-expanded=\"true\" class=\"wp-block-ub-content-toggle-accordion-content-wrap\" id=\"ub-content-toggle-panel-0-d1a0292a-0f22-42d1-aeab-1639f32499bb\">\n\n<p><a href=\"http:\/\/www.pra.ufpb.br\/pra\/contents\/formularios\/formularios\/formulario-ajuda-de-custo\/view\" target=\"_blank\" rel=\"noreferrer noopener\">Formul\u00e1rio de Solicita\u00e7\u00e3o de Ajuda de Custo<\/a><\/p>\n\n\n\n<p><a href=\"http:\/\/www.pra.ufpb.br\/pra\/contents\/formularios\/formularios\/formulario-pesquisa-de-campo\/view\" target=\"_blank\" rel=\"noreferrer noopener\">Formul\u00e1rio de Solicita\u00e7\u00e3o de Pesquisa de Campo<\/a><\/p>\n\n<\/div>\n\t\t<\/div>\n\n<div class=\"wp-block-ub-content-toggle-accordion\" style=\"border-color: #f1f1f1; \" id=\"ub-content-toggle-panel-block-\">\n\t\t\t<div class=\"wp-block-ub-content-toggle-accordion-title-wrap\" style=\"background-color: #f1f1f1;\" aria-controls=\"ub-content-toggle-panel-1-d1a0292a-0f22-42d1-aeab-1639f32499bb\" tabindex=\"0\">\n\t\t\t<p class=\"wp-block-ub-content-toggle-accordion-title ub-content-toggle-title-d1a0292a-0f22-42d1-aeab-1639f32499bb\" style=\"color: #000000; \"><strong>Bolsas de Estudos<\/strong><\/p>\n\t\t\t<div class=\"wp-block-ub-content-toggle-accordion-toggle-wrap right\" style=\"color: #000000;\"><span class=\"wp-block-ub-content-toggle-accordion-state-indicator wp-block-ub-chevron-down open\"><\/span><\/div>\n\t\t<\/div>\n\t\t\t<div role=\"region\" aria-expanded=\"true\" class=\"wp-block-ub-content-toggle-accordion-content-wrap\" id=\"ub-content-toggle-panel-1-d1a0292a-0f22-42d1-aeab-1639f32499bb\">\n\n<p><a href=\"https:\/\/www.cchla.ufpb.br\/proling\/wp-content\/uploads\/2016\/04\/Declarao_de_desist%C3%AAnncia_de_bolsa_de_estudos.doc\" target=\"_blank\" rel=\"noreferrer noopener\">Declara\u00e7\u00e3o de desist\u00eancia de bolsa de estudos<\/a><\/p>\n\n\n\n<p><a href=\"https:\/\/www.cchla.ufpb.br\/proling\/wp-content\/uploads\/2016\/04\/Declarao_de_no_realiza%C3%A7%C3%A3o_de_atividade_laboral_06042016.doc\" target=\"_blank\" rel=\"noreferrer noopener\">Declara\u00e7\u00e3o atividade remunerada<\/a><\/p>\n\n\n\n<p><a href=\"https:\/\/www.cchla.ufpb.br\/proling\/wp-content\/uploads\/2019\/10\/Bolsa-de-Estudos_Documenta%C3%A7%C3%A3o-necess%C3%A1ria.doc\" target=\"_blank\" rel=\"noreferrer noopener\">Documenta\u00e7\u00e3o para implementa\u00e7\u00e3o de Bolsas CAPES<\/a><\/p>\n\n\n\n<p><a href=\"https:\/\/www.cchla.ufpb.br\/proling\/wp-content\/uploads\/2016\/04\/Cadastro-de-Bolsista.jpg\" target=\"_blank\" rel=\"noreferrer noopener\">Formul\u00e1rio de cadastro de bolsista<\/a><\/p>\n\n\n\n<p><a href=\"https:\/\/www.cchla.ufpb.br\/proling\/wp-content\/uploads\/2022\/02\/Formulario-de-prorrogacao-de-bolsa-capes-2.docx\" target=\"_blank\" rel=\"noreferrer noopener\">Formul\u00e1rio de prorroga\u00e7\u00e3o de Bolsa Capes (Pandemia de Covid<\/a>)<\/p>\n\n\n\n<p><a href=\"https:\/\/forms.gle\/cdgB6ogq5jnoW939A\">Relat\u00f3rio Semestral de Bolsista<\/a><\/p>\n\n\n\n<p><a href=\"https:\/\/www.cchla.ufpb.br\/proling\/wp-content\/uploads\/2016\/04\/TERMO_DE_COMPROMISSO-_Bolsistas.doc\" target=\"_blank\" rel=\"noreferrer noopener\">Termo de Compromisso de Bolsista CAPES\/Demanda Social<\/a> <\/p>\n\n\n\n<p><a href=\"https:\/\/www.cchla.ufpb.br\/proling\/wp-content\/uploads\/2022\/07\/01122017-anexo-ii-termo-de-compromisso-do-proex-pdf.pdf\" target=\"_blank\" rel=\"noreferrer noopener\">Termo de Compromisso de Bolsista CAPES\/PROEX<\/a><\/p>\n\n<\/div>\n\t\t<\/div>\n\n<div class=\"wp-block-ub-content-toggle-accordion\" style=\"border-color: #f1f1f1; \" id=\"ub-content-toggle-panel-block-\">\n\t\t\t<div class=\"wp-block-ub-content-toggle-accordion-title-wrap\" style=\"background-color: #f1f1f1;\" aria-controls=\"ub-content-toggle-panel-2-d1a0292a-0f22-42d1-aeab-1639f32499bb\" tabindex=\"0\">\n\t\t\t<p class=\"wp-block-ub-content-toggle-accordion-title ub-content-toggle-title-d1a0292a-0f22-42d1-aeab-1639f32499bb\" style=\"color: #000000; \"><strong>Defesa de Tese\/Disserta\u00e7\u00e3o<\/strong><\/p>\n\t\t\t<div class=\"wp-block-ub-content-toggle-accordion-toggle-wrap right\" style=\"color: #000000;\"><span class=\"wp-block-ub-content-toggle-accordion-state-indicator wp-block-ub-chevron-down open\"><\/span><\/div>\n\t\t<\/div>\n\t\t\t<div role=\"region\" aria-expanded=\"true\" class=\"wp-block-ub-content-toggle-accordion-content-wrap\" id=\"ub-content-toggle-panel-2-d1a0292a-0f22-42d1-aeab-1639f32499bb\">\n\n<p><a href=\"https:\/\/www.cchla.ufpb.br\/proling\/wp-content\/uploads\/2014\/04\/Formul%C3%A1rio-de-COMPROVA%C3%87%C3%83O-DE-PUBLICA%C3%87%C3%95ES-PAR-ALUNOS-DO-DOUTORADO-Resolu%C3%A7%C3%A3o-022015-entrantes-de-2015.doc\" target=\"_blank\" rel=\"noreferrer noopener\">Comprova\u00e7\u00e3o de publica\u00e7\u00f5es para alunos do doutorado \u2013 Ingresso at\u00e9 2015<\/a><\/p>\n\n\n\n<p><a href=\"https:\/\/www.cchla.ufpb.br\/proling\/wp-content\/uploads\/2014\/04\/Formul%C3%A1rio-de-COMPROVA%C3%87%C3%83O-DE-PUBLICA%C3%87%C3%95ES-PAR-ALUNOS-DO-DOUTORADO-Resolu%C3%A7%C3%A3o-0652015-a-partir-de-2016.doc\" target=\"_blank\" rel=\"noreferrer noopener\">Comprova\u00e7\u00e3o de publica\u00e7\u00f5es para alunos do doutorado \u2013 Ingresso at\u00e9 2015 partir de 2016<\/a><\/p>\n\n\n\n<p><a href=\"https:\/\/www.cchla.ufpb.br\/proling\/wp-content\/uploads\/2014\/04\/Participa%C3%A7%C3%A3o-em-defesas-de-disserta%C3%A7%C3%B5es-e-teses.doc\" target=\"_blank\" rel=\"noreferrer noopener\">Participa\u00e7\u00e3o em defesas de disserta\u00e7\u00f5es e teses<\/a><\/p>\n\n\n\n<p><a href=\"https:\/\/www.cchla.ufpb.br\/proling\/wp-content\/uploads\/2016\/04\/Requerimento_de_Diploma.doc\" target=\"_blank\" rel=\"noreferrer noopener\">Requerimento de Diploma<\/a><\/p>\n\n<\/div>\n\t\t<\/div>\n\n<div class=\"wp-block-ub-content-toggle-accordion\" style=\"border-color: #f1f1f1; \" id=\"ub-content-toggle-panel-block-\">\n\t\t\t<div class=\"wp-block-ub-content-toggle-accordion-title-wrap\" style=\"background-color: #f1f1f1;\" aria-controls=\"ub-content-toggle-panel-3-d1a0292a-0f22-42d1-aeab-1639f32499bb\" tabindex=\"0\">\n\t\t\t<p class=\"wp-block-ub-content-toggle-accordion-title ub-content-toggle-title-d1a0292a-0f22-42d1-aeab-1639f32499bb\" style=\"color: #000000; \"><strong>Est\u00e1gio de Doc\u00eancia e Matr\u00edcula em Atividades Individuais<\/strong><\/p>\n\t\t\t<div class=\"wp-block-ub-content-toggle-accordion-toggle-wrap right\" style=\"color: #000000;\"><span class=\"wp-block-ub-content-toggle-accordion-state-indicator wp-block-ub-chevron-down open\"><\/span><\/div>\n\t\t<\/div>\n\t\t\t<div role=\"region\" aria-expanded=\"true\" class=\"wp-block-ub-content-toggle-accordion-content-wrap\" id=\"ub-content-toggle-panel-3-d1a0292a-0f22-42d1-aeab-1639f32499bb\">\n\n<p><a href=\"https:\/\/www.cchla.ufpb.br\/proling\/wp-content\/uploads\/2014\/04\/Aproveitamento-de-cr%C3%A9ditos_atualizado-em-14062016.doc\" target=\"_blank\" rel=\"noreferrer noopener\">Formul\u00e1rio de Solicita\u00e7\u00e3o de Aproveitamento de cr\u00e9ditos<\/a><\/p>\n\n\n\n<p><a href=\"https:\/\/www.cchla.ufpb.br\/proling\/wp-content\/uploads\/2014\/04\/FORMUL%C3%81RIO-INICIAL-DO-EST%C3%81GIO-DOC%C3%8ANCIA.doc\" target=\"_blank\" rel=\"noreferrer noopener\">Formul\u00e1rio de Matr\u00edcula em Est\u00e1gio de Doc\u00eancia<\/a><\/p>\n\n\n\n<p><a href=\"https:\/\/www.cchla.ufpb.br\/proling\/wp-content\/uploads\/2014\/04\/FORMUL%C3%81RIO-FINAL-DO-EST%C3%81GIO-DOC%C3%8ANCIA.doc\" target=\"_blank\" rel=\"noreferrer noopener\">Relat\u00f3rio Final de Est\u00e1gio de Doc\u00eancia<\/a><\/p>\n\n\n\n<p><a href=\"https:\/\/sig-arq.ufpb.br\/arquivos\/202408723001616187956e4ebcb9436c7\/Formula769rio_de_Matri769cula_em_Atividades_Individuais.pdf\" target=\"_blank\" rel=\"noreferrer noopener\">Requerimento de matr\u00edcula em atividade individual \u2013 Aluno(a) Regular<\/a><\/p>\n\n<\/div>\n\t\t<\/div>\n\n<div class=\"wp-block-ub-content-toggle-accordion\" style=\"border-color: #f1f1f1; \" id=\"ub-content-toggle-panel-block-\">\n\t\t\t<div class=\"wp-block-ub-content-toggle-accordion-title-wrap\" style=\"background-color: #f1f1f1;\" aria-controls=\"ub-content-toggle-panel-4-d1a0292a-0f22-42d1-aeab-1639f32499bb\" tabindex=\"0\">\n\t\t\t<p class=\"wp-block-ub-content-toggle-accordion-title ub-content-toggle-title-d1a0292a-0f22-42d1-aeab-1639f32499bb\" style=\"color: #000000; \"><strong>Integridade na Pesquisa<\/strong><\/p>\n\t\t\t<div class=\"wp-block-ub-content-toggle-accordion-toggle-wrap right\" style=\"color: #000000;\"><span class=\"wp-block-ub-content-toggle-accordion-state-indicator wp-block-ub-chevron-down open\"><\/span><\/div>\n\t\t<\/div>\n\t\t\t<div role=\"region\" aria-expanded=\"true\" class=\"wp-block-ub-content-toggle-accordion-content-wrap\" id=\"ub-content-toggle-panel-4-d1a0292a-0f22-42d1-aeab-1639f32499bb\">\n\n<p><a href=\"https:\/\/www.cchla.ufpb.br\/proling\/wp-content\/uploads\/2014\/04\/Declara%C3%A7%C3%A3o-de-Integridade-de-Pesquisa-do-CNPq_13102016b.doc\" target=\"_blank\" rel=\"noreferrer noopener\">Declara\u00e7\u00e3o de Integridade de Pesquisa do CNPq<\/a><\/p>\n\n\n\n<p><a href=\"https:\/\/www.cchla.ufpb.br\/proling\/wp-content\/uploads\/2016\/04\/Termo_de_Compromisso_Pl%C3%A1gio_-Aluno_Especial.pdf\" target=\"_blank\" rel=\"noreferrer noopener\">Termo de Compromisso Pl\u00e1gio Aluno Especial<\/a><\/p>\n\n\n\n<p><a href=\"https:\/\/www.cchla.ufpb.br\/proling\/wp-content\/uploads\/2016\/04\/Termo-de-Compromisso-Pl%C3%A1gio-Aluno-Regular.pdf\" target=\"_blank\" rel=\"noreferrer noopener\">Termo de Compromisso Pl\u00e1gio Aluno Regular<\/a><\/p>\n\n<\/div>\n\t\t<\/div>\n\n<div class=\"wp-block-ub-content-toggle-accordion\" style=\"border-color: #f1f1f1; \" id=\"ub-content-toggle-panel-block-\">\n\t\t\t<div class=\"wp-block-ub-content-toggle-accordion-title-wrap\" style=\"background-color: #f1f1f1;\" aria-controls=\"ub-content-toggle-panel-5-d1a0292a-0f22-42d1-aeab-1639f32499bb\" tabindex=\"0\">\n\t\t\t<p class=\"wp-block-ub-content-toggle-accordion-title ub-content-toggle-title-d1a0292a-0f22-42d1-aeab-1639f32499bb\" style=\"color: #000000; \"><strong>Mudan\u00e7a de Orienta\u00e7\u00e3o e de Regulamento<\/strong><\/p>\n\t\t\t<div class=\"wp-block-ub-content-toggle-accordion-toggle-wrap right\" style=\"color: #000000;\"><span class=\"wp-block-ub-content-toggle-accordion-state-indicator wp-block-ub-chevron-down open\"><\/span><\/div>\n\t\t<\/div>\n\t\t\t<div role=\"region\" aria-expanded=\"true\" class=\"wp-block-ub-content-toggle-accordion-content-wrap\" id=\"ub-content-toggle-panel-5-d1a0292a-0f22-42d1-aeab-1639f32499bb\">\n\n<p><a href=\"https:\/\/www.cchla.ufpb.br\/proling\/wp-content\/uploads\/2014\/04\/REQUERIMENTO-MUDAN%C3%87A-REGULAMENTO_14062016.doc\" target=\"_blank\" rel=\"noreferrer noopener\">Requerimento de migra\u00e7\u00e3o para o Regulamento Atual<\/a><\/p>\n\n\n\n<p><a href=\"https:\/\/www.cchla.ufpb.br\/proling\/wp-content\/uploads\/2014\/04\/Solicita%C3%A7%C3%A3o-de-Coorientador_03122015.doc\" target=\"_blank\" rel=\"noreferrer noopener\">Solicita\u00e7\u00e3o de Indica\u00e7\u00e3o de Coorienta\u00e7\u00e3o<\/a><\/p>\n\n\n\n<p><a href=\"https:\/\/www.cchla.ufpb.br\/proling\/wp-content\/uploads\/2016\/04\/SOLICITAO_DE_MUDAN%C3%87A_DE_ORIENTADOR.doc\" target=\"_blank\" rel=\"noreferrer noopener\">Solicita\u00e7\u00e3o de mudan\u00e7a de orienta\u00e7\u00e3o principal<\/a> <\/p>\n\n<\/div>\n\t\t<\/div>\n\n<div class=\"wp-block-ub-content-toggle-accordion\" style=\"border-color: #f1f1f1; \" id=\"ub-content-toggle-panel-block-\">\n\t\t\t<div class=\"wp-block-ub-content-toggle-accordion-title-wrap\" style=\"background-color: #f1f1f1;\" aria-controls=\"ub-content-toggle-panel-6-d1a0292a-0f22-42d1-aeab-1639f32499bb\" tabindex=\"0\">\n\t\t\t<p class=\"wp-block-ub-content-toggle-accordion-title ub-content-toggle-title-d1a0292a-0f22-42d1-aeab-1639f32499bb\" style=\"color: #000000; \"><strong>Prorroga\u00e7\u00e3o de prazos e trancamento<\/strong><\/p>\n\t\t\t<div class=\"wp-block-ub-content-toggle-accordion-toggle-wrap right\" style=\"color: #000000;\"><span class=\"wp-block-ub-content-toggle-accordion-state-indicator wp-block-ub-chevron-down open\"><\/span><\/div>\n\t\t<\/div>\n\t\t\t<div role=\"region\" aria-expanded=\"true\" class=\"wp-block-ub-content-toggle-accordion-content-wrap\" id=\"ub-content-toggle-panel-6-d1a0292a-0f22-42d1-aeab-1639f32499bb\">\n\n<p><a href=\"https:\/\/www.cchla.ufpb.br\/proling\/wp-content\/uploads\/2014\/04\/Trancamento-e-Remanejamento-de-disciplinas_-Aluno-Regular_05052015.doc\" target=\"_blank\" rel=\"noreferrer noopener\">Requerimento de trancamento e remanejamento de disciplinas \u2013 Aluno(a) Regular<\/a><\/p>\n\n\n\n<p><a href=\"https:\/\/www.cchla.ufpb.br\/proling\/wp-content\/uploads\/2014\/04\/SOLICITA%C3%87%C3%83O-DE-PRORROGA%C3%87%C3%83O-DE-PRAZO-PARA-DEFESA-FINAL.doc\" target=\"_blank\" rel=\"noreferrer noopener\">Solicita\u00e7\u00e3o de prorroga\u00e7\u00e3o de prazo para defesa de tese\/disserta\u00e7\u00e3o<\/a><\/p>\n\n\n\n<p><a href=\"https:\/\/www.cchla.ufpb.br\/proling\/wp-content\/uploads\/2016\/04\/SOLICITAO_DE_TRANCAMENTO_TOTAL_DE_PER%C3%8DODO.doc\" target=\"_blank\" rel=\"noreferrer noopener\">Solicita\u00e7\u00e3o de trancamento total de per\u00edodo<\/a><\/p>\n\n<\/div>\n\t\t<\/div>\n\n<div class=\"wp-block-ub-content-toggle-accordion\" style=\"border-color: #f1f1f1; \" id=\"ub-content-toggle-panel-block-\">\n\t\t\t<div class=\"wp-block-ub-content-toggle-accordion-title-wrap\" style=\"background-color: #f1f1f1;\" aria-controls=\"ub-content-toggle-panel-7-d1a0292a-0f22-42d1-aeab-1639f32499bb\" tabindex=\"0\">\n\t\t\t<p class=\"wp-block-ub-content-toggle-accordion-title ub-content-toggle-title-d1a0292a-0f22-42d1-aeab-1639f32499bb\" style=\"color: #000000; \"><strong>Requerimentos<\/strong><\/p>\n\t\t\t<div class=\"wp-block-ub-content-toggle-accordion-toggle-wrap right\" style=\"color: #000000;\"><span class=\"wp-block-ub-content-toggle-accordion-state-indicator wp-block-ub-chevron-down open\"><\/span><\/div>\n\t\t<\/div>\n\t\t\t<div role=\"region\" aria-expanded=\"true\" class=\"wp-block-ub-content-toggle-accordion-content-wrap\" id=\"ub-content-toggle-panel-7-d1a0292a-0f22-42d1-aeab-1639f32499bb\">\n\n<p><a href=\"https:\/\/www.cchla.ufpb.br\/proling\/wp-content\/uploads\/2025\/01\/FORMULARIO-DE-REQUERIMENTO.docx\">Modelo de Requerimento<\/a><\/p>\n\n<\/div>\n\t\t<\/div>\n<\/div>\n\n\n<p><\/p>\n\n\n\n<p><\/p>\n","protected":false},"excerpt":{"rendered":"<p>Escolha o assunto e selecione o formul\u00e1rio apropriado Todas as solicita\u00e7\u00f5es dirigidas ao PROLING (formul\u00e1rios, pedidos de declara\u00e7\u00e3o, documenta\u00e7\u00e3o de bolsa, solicita\u00e7\u00f5es de matr\u00edcula, ajuda de custo, presta\u00e7\u00e3o de contas, relat\u00f3rios etc.)&nbsp;dever\u00e3o ser formalizadas por meio de processo&nbsp;administrativo. Orientamos que o solicitante utilize a plataforma de envio de documentos externos do SIPAC: Ap\u00f3s realizar o&hellip;&nbsp;<a href=\"https:\/\/www.cchla.ufpb.br\/proling\/formularios-para-discentes\/\" rel=\"bookmark\">Continue a ler &raquo;<span class=\"screen-reader-text\">Formul\u00e1rios para discentes<\/span><\/a><\/p>\n","protected":false},"author":3,"featured_media":0,"parent":0,"menu_order":0,"comment_status":"closed","ping_status":"closed","template":"","meta":{"neve_meta_sidebar":"right","neve_meta_container":"","neve_meta_enable_content_width":"on","neve_meta_content_width":70,"neve_meta_title_alignment":"","neve_meta_author_avatar":"","neve_post_elements_order":"","neve_meta_disable_header":"","neve_meta_disable_footer":"","neve_meta_disable_title":"","footnotes":""},"class_list":["post-675","page","type-page","status-publish","hentry"],"featured_image_src":null,"_links":{"self":[{"href":"https:\/\/www.cchla.ufpb.br\/proling\/wp-json\/wp\/v2\/pages\/675","targetHints":{"allow":["GET"]}}],"collection":[{"href":"https:\/\/www.cchla.ufpb.br\/proling\/wp-json\/wp\/v2\/pages"}],"about":[{"href":"https:\/\/www.cchla.ufpb.br\/proling\/wp-json\/wp\/v2\/types\/page"}],"author":[{"embeddable":true,"href":"https:\/\/www.cchla.ufpb.br\/proling\/wp-json\/wp\/v2\/users\/3"}],"replies":[{"embeddable":true,"href":"https:\/\/www.cchla.ufpb.br\/proling\/wp-json\/wp\/v2\/comments?post=675"}],"version-history":[{"count":19,"href":"https:\/\/www.cchla.ufpb.br\/proling\/wp-json\/wp\/v2\/pages\/675\/revisions"}],"predecessor-version":[{"id":1827,"href":"https:\/\/www.cchla.ufpb.br\/proling\/wp-json\/wp\/v2\/pages\/675\/revisions\/1827"}],"wp:attachment":[{"href":"https:\/\/www.cchla.ufpb.br\/proling\/wp-json\/wp\/v2\/media?parent=675"}],"curies":[{"name":"wp","href":"https:\/\/api.w.org\/{rel}","templated":true}]}}