{"id":677,"date":"2022-05-04T09:49:42","date_gmt":"2022-05-04T12:49:42","guid":{"rendered":"http:\/\/www.cchla.ufpb.br\/proling3\/?page_id=677"},"modified":"2025-04-01T06:52:38","modified_gmt":"2025-04-01T09:52:38","slug":"formularios-para-docentes","status":"publish","type":"page","link":"https:\/\/www.cchla.ufpb.br\/proling\/formularios-para-docentes\/","title":{"rendered":"Formul\u00e1rios para docentes"},"content":{"rendered":"\n<h4 class=\"wp-block-heading\">Lista de formul\u00e1rios e modelos \u00fateis para as solicita\u00e7\u00f5es dos professores.<\/h4>\n\n\n\n<ul class=\"wp-block-list\">\n<li><a rel=\"noreferrer noopener\" href=\"https:\/\/www.cchla.ufpb.br\/proling\/wp-content\/uploads\/2016\/04\/Cadastro-Avaliadores-Externos.doc\" target=\"_blank\">Cadastro Avaliadores Externos<\/a><\/li>\n\n\n\n<li><a rel=\"noreferrer noopener\" href=\"https:\/\/www.cchla.ufpb.br\/proling\/wp-content\/uploads\/2014\/04\/Formul\u00e1rio-de-aproveitamento-DE-ESTUDOS-do-mestrado-vers\u00e3o-Bet\u00e2nia.doc\" target=\"_blank\">Formul\u00e1rio de aproveitamento DE ESTUDOS do mestrado<\/a><\/li>\n\n\n\n<li><a rel=\"noreferrer noopener\" href=\"https:\/\/sigaa.ufpb.br\/sigaa\/public\/programa\/documentos.jsf?lc=pt_BR&amp;id=1901&amp;idTipo=4\" target=\"_blank\">Formul\u00e1rio de Solicita\u00e7\u00e3o de (Re)Credenciamento<\/a><\/li>\n\n\n\n<li><a href=\"https:\/\/cchla.ufpb.br\/cchla\/contents\/menu\/servicos\/formularios-1\" target=\"_blank\" rel=\"noreferrer noopener\">Formul\u00e1rios de Solicita\u00e7\u00e3o de Passagens, Di\u00e1rias e Presta\u00e7\u00e3o de Contas<\/a><\/li>\n\n\n\n<li><a href=\"http:\/\/www.pra.ufpb.br\/pra\/contents\/formularios\/formularios\" target=\"_blank\" rel=\"noreferrer noopener\">Formul\u00e1rios e Modelos PRA (ajuda de custo, pesquisa de campo etc.)<\/a><\/li>\n\n\n\n<li><a rel=\"noreferrer noopener\" href=\"https:\/\/www.cchla.ufpb.br\/proling\/wp-content\/uploads\/2016\/04\/Marca\u00e7\u00e3o-de-Defesa-de-Disserta\u00e7\u00e3o.doc\" target=\"_blank\">Marca\u00e7\u00e3o Defesa Disserta\u00e7\u00e3o<\/a><\/li>\n\n\n\n<li><a rel=\"noreferrer noopener\" href=\"https:\/\/www.cchla.ufpb.br\/proling\/wp-content\/uploads\/2016\/04\/Marca\u00e7\u00e3o-de-Exame-de-Qualifica\u00e7\u00e3o-de-Mestrado-e-Doutorado.doc\" target=\"_blank\">Marca\u00e7\u00e3o Defesa Qualifica\u00e7\u00e3o Mestrado e Doutorado para entrantes at\u00e9 2014<\/a><\/li>\n\n\n\n<li><a rel=\"noreferrer noopener\" href=\"https:\/\/www.cchla.ufpb.br\/proling\/wp-content\/uploads\/2014\/04\/Marca\u00e7\u00e3o_Exame-de-Pr\u00e9-Banca_Mestrado_08072016_2.doc\" target=\"_blank\">Marca\u00e7\u00e3o Exame de Pr\u00e9-Banca Mestrado para entrantes a partir de 2015<\/a><\/li>\n\n\n\n<li><a rel=\"noreferrer noopener\" href=\"https:\/\/www.cchla.ufpb.br\/proling\/wp-content\/uploads\/2014\/04\/Marca\u00e7\u00e3o-Exame-de-Qualifica\u00e7\u00e3o_Doutorado_08072016.doc\" target=\"_blank\">Marca\u00e7\u00e3o Exame de Qualifica\u00e7\u00e3o_Doutorado para entrantes a partir de 2015<\/a><\/li>\n\n\n\n<li><a rel=\"noreferrer noopener\" href=\"https:\/\/www.cchla.ufpb.br\/proling\/wp-content\/uploads\/2016\/04\/Marca\u00e7\u00e3o-de-Defesa-de-Tese.doc\" target=\"_blank\">Marca\u00e7\u00e3o Defesa Tese<\/a><\/li>\n\n\n\n<li><a rel=\"noreferrer noopener\" href=\"https:\/\/www.cchla.ufpb.br\/proling\/wp-content\/uploads\/2016\/04\/Plano-de-trabalho-para-credenciamento-docente.doc\" target=\"_blank\">Plano de Trabalho para Credenciamento<\/a><\/li>\n\n\n\n<li><a rel=\"noreferrer noopener\" href=\"https:\/\/www.cchla.ufpb.br\/proling\/wp-content\/uploads\/2016\/04\/Relat\u00f3rio-Trienal-e-Plano-de-Trabalho.doc\" target=\"_blank\">Relat\u00f3rio Trienal e Plano de Trabalho<\/a><\/li>\n\n\n\n<li><a rel=\"noreferrer noopener\" href=\"https:\/\/www.cchla.ufpb.br\/proling\/wp-content\/uploads\/2016\/04\/Termo-de-Compromisso-de-Utiliza\u00e7\u00e3o-de-Ve\u00edculo-Pr\u00f3prio.doc\" target=\"_blank\">Termo de compromisso para utiliza\u00e7\u00e3o de ve\u00edculo pr\u00f3prio<\/a><\/li>\n<\/ul>\n","protected":false},"excerpt":{"rendered":"<p>Lista de formul\u00e1rios e modelos \u00fateis para as solicita\u00e7\u00f5es dos professores.<\/p>\n","protected":false},"author":3,"featured_media":0,"parent":0,"menu_order":0,"comment_status":"closed","ping_status":"closed","template":"","meta":{"neve_meta_sidebar":"right","neve_meta_container":"","neve_meta_enable_content_width":"on","neve_meta_content_width":70,"neve_meta_title_alignment":"","neve_meta_author_avatar":"","neve_post_elements_order":"","neve_meta_disable_header":"","neve_meta_disable_footer":"","neve_meta_disable_title":"","footnotes":""},"class_list":["post-677","page","type-page","status-publish","hentry"],"featured_image_src":null,"_links":{"self":[{"href":"https:\/\/www.cchla.ufpb.br\/proling\/wp-json\/wp\/v2\/pages\/677","targetHints":{"allow":["GET"]}}],"collection":[{"href":"https:\/\/www.cchla.ufpb.br\/proling\/wp-json\/wp\/v2\/pages"}],"about":[{"href":"https:\/\/www.cchla.ufpb.br\/proling\/wp-json\/wp\/v2\/types\/page"}],"author":[{"embeddable":true,"href":"https:\/\/www.cchla.ufpb.br\/proling\/wp-json\/wp\/v2\/users\/3"}],"replies":[{"embeddable":true,"href":"https:\/\/www.cchla.ufpb.br\/proling\/wp-json\/wp\/v2\/comments?post=677"}],"version-history":[{"count":7,"href":"https:\/\/www.cchla.ufpb.br\/proling\/wp-json\/wp\/v2\/pages\/677\/revisions"}],"predecessor-version":[{"id":2185,"href":"https:\/\/www.cchla.ufpb.br\/proling\/wp-json\/wp\/v2\/pages\/677\/revisions\/2185"}],"wp:attachment":[{"href":"https:\/\/www.cchla.ufpb.br\/proling\/wp-json\/wp\/v2\/media?parent=677"}],"curies":[{"name":"wp","href":"https:\/\/api.w.org\/{rel}","templated":true}]}}