{"id":692,"date":"2025-06-11T10:35:15","date_gmt":"2025-06-11T13:35:15","guid":{"rendered":"http:\/\/www.cchla.ufpb.br\/proling3\/?page_id=692"},"modified":"2025-06-11T15:31:44","modified_gmt":"2025-06-11T18:31:44","slug":"regulamentos","status":"publish","type":"page","link":"https:\/\/www.cchla.ufpb.br\/proling\/regulamentos\/","title":{"rendered":"Regulamentos"},"content":{"rendered":"\n<p><\/p>\n\n\n\n<h4 class=\"wp-block-heading\">Regulamento e <strong>Estrutura Acad\u00eamica 2024<\/strong><\/h4>\n\n\n\n<ul class=\"wp-block-list\">\n<li><a href=\"https:\/\/sig-arq.ufpb.br\/arquivos\/2025243046c23e71502130e40ec6b2c51\/Resoluo_54.2024._Consuni.pdf\">Resolu\u00e7\u00e3o 54\/2024<\/a> &#8211; Regulamento Geral dos PPGs da UFPB<\/li>\n<\/ul>\n\n\n\n<ul class=\"wp-block-list\">\n<li><a href=\"https:\/\/sig-arq.ufpb.br\/arquivos\/20251880521dd571502093316f58f5e85\/Resoluo_n_55.2024_-_Consepe.pdf\">Resolu\u00e7\u00e3o 55\/2024 <\/a>&#8211; Estrutura Acad\u00eamica do Proling<\/li>\n<\/ul>\n\n\n\n<p><\/p>\n\n\n\n<h4 class=\"wp-block-heading\">Estrutura Curricular 2019<\/h4>\n\n\n\n<ul class=\"wp-block-list\">\n<li><a href=\"https:\/\/www.cchla.ufpb.br\/proling\/wp-content\/uploads\/2019\/03\/RESOLU\u00c7\u00c3O-N\u00ba-49_2018.pdf\" target=\"_blank\" rel=\"noreferrer noopener\"><s>Resolu\u00e7\u00e3o  49\/2018<\/s><\/a> &#8211; <strong>(Revogada)<\/strong><\/li>\n<\/ul>\n\n\n\n<p><\/p>\n\n\n\n<h4 class=\"wp-block-heading\">Regulamento e Estrutura Curricular 2015<\/h4>\n\n\n\n<ul class=\"wp-block-list\">\n<li><a href=\"https:\/\/www.cchla.ufpb.br\/proling\/wp-content\/uploads\/2014\/04\/REGULAMENTO-GERAL-DAS-P\u00d3S-GRADUA\u00c7\u00d5ES-_UFPB_2013.pdf\" target=\"_blank\" rel=\"noreferrer noopener\"><s>Resolu\u00e7\u00e3o 79\/2013 \u2013 Regulamento Geral dos PPGs da UFPB<\/s><\/a> <strong>(Revogada)<\/strong><\/li>\n\n\n\n<li><a href=\"https:\/\/www.cchla.ufpb.br\/proling\/wp-content\/uploads\/2014\/04\/Rsep02_2015_REgulamento_Proling_18032015-1.pdf\" target=\"_blank\" rel=\"noreferrer noopener\">Resolu\u00e7\u00e3o 02\/2015 \u2013 Regulamento do Proling<\/a> <strong>(Modificada)<\/strong><\/li>\n\n\n\n<li><a href=\"https:\/\/www.cchla.ufpb.br\/proling\/wp-content\/uploads\/2014\/04\/Resoluo_65-2015-2.pdf\" target=\"_blank\" rel=\"noreferrer noopener\">Resolu\u00e7\u00e3o 65\/2015 \u2013 Modifica o Regulamento do Proling<\/a><\/li>\n\n\n\n<li><a href=\"https:\/\/sigaa.ufpb.br\/sigaa\/verProducao?idProducao=3219671&amp;key=42384d467ee6f719837604eb04a8a9a9\" target=\"_blank\" rel=\"noreferrer noopener\"><s>Ementas e C\u00f3digos das Disciplinas Estrutura Curricular 2015<\/s><\/a> <strong>(Revogada)<\/strong><\/li>\n<\/ul>\n\n\n\n<p><\/p>\n\n\n\n<h4 class=\"wp-block-heading\">Regulamento e Estrutura Curricular 2008<\/h4>\n\n\n\n<ul class=\"wp-block-list\">\n<li><a href=\"https:\/\/www.cchla.ufpb.br\/proling\/wp-content\/uploads\/2014\/04\/REGULAMENTO-GERAL-da-P\u00f3s-Gradua\u00e7\u00e3o_UFPB_2000.pdf\" target=\"_blank\" rel=\"noreferrer noopener\"><s>Resolu\u00e7\u00e3o 12\/2000 \u2013 <\/s><a href=\"https:\/\/www.cchla.ufpb.br\/proling\/wp-content\/uploads\/2014\/04\/REGULAMENTO-GERAL-DAS-P\u00d3S-GRADUA\u00c7\u00d5ES-_UFPB_2013.pdf\" target=\"_blank\" rel=\"noreferrer noopener\"><s>Regulamento Geral dos PPGs da UFPB<\/s><\/a><\/a> <strong>(Revogada)<\/strong><\/li>\n\n\n\n<li><a href=\"https:\/\/www.cchla.ufpb.br\/proling\/wp-content\/uploads\/2014\/04\/REGULAMENTO_PROLING_2008.pdf\" target=\"_blank\" rel=\"noreferrer noopener\"><s>Resolu\u00e7\u00e3o 61\/2008 \u2013 Regulamento do Proling<\/s><\/a> (<strong>Revogada)<\/strong><\/li>\n\n\n\n<li><a href=\"https:\/\/www.cchla.ufpb.br\/proling\/wp-content\/uploads\/2014\/04\/Ementas-disciplinas-proling-site_atualizado-em-22022011.pdf\" target=\"_blank\" rel=\"noreferrer noopener\"><s>Ementas das disciplinas-Estrutura Curricular 2008<\/s><\/a> (<strong>Revogada)<\/strong><\/li>\n<\/ul>\n\n\n\n<p><\/p>\n","protected":false},"excerpt":{"rendered":"<p>Regulamento e Estrutura Acad\u00eamica 2024 Estrutura Curricular 2019 Regulamento e Estrutura Curricular 2015 Regulamento e Estrutura Curricular 2008<\/p>\n","protected":false},"author":3,"featured_media":0,"parent":0,"menu_order":0,"comment_status":"closed","ping_status":"closed","template":"","meta":{"neve_meta_sidebar":"right","neve_meta_container":"","neve_meta_enable_content_width":"on","neve_meta_content_width":70,"neve_meta_title_alignment":"","neve_meta_author_avatar":"","neve_post_elements_order":"","neve_meta_disable_header":"","neve_meta_disable_footer":"","neve_meta_disable_title":"","footnotes":""},"class_list":["post-692","page","type-page","status-publish","hentry"],"featured_image_src":null,"_links":{"self":[{"href":"https:\/\/www.cchla.ufpb.br\/proling\/wp-json\/wp\/v2\/pages\/692","targetHints":{"allow":["GET"]}}],"collection":[{"href":"https:\/\/www.cchla.ufpb.br\/proling\/wp-json\/wp\/v2\/pages"}],"about":[{"href":"https:\/\/www.cchla.ufpb.br\/proling\/wp-json\/wp\/v2\/types\/page"}],"author":[{"embeddable":true,"href":"https:\/\/www.cchla.ufpb.br\/proling\/wp-json\/wp\/v2\/users\/3"}],"replies":[{"embeddable":true,"href":"https:\/\/www.cchla.ufpb.br\/proling\/wp-json\/wp\/v2\/comments?post=692"}],"version-history":[{"count":3,"href":"https:\/\/www.cchla.ufpb.br\/proling\/wp-json\/wp\/v2\/pages\/692\/revisions"}],"predecessor-version":[{"id":2488,"href":"https:\/\/www.cchla.ufpb.br\/proling\/wp-json\/wp\/v2\/pages\/692\/revisions\/2488"}],"wp:attachment":[{"href":"https:\/\/www.cchla.ufpb.br\/proling\/wp-json\/wp\/v2\/media?parent=692"}],"curies":[{"name":"wp","href":"https:\/\/api.w.org\/{rel}","templated":true}]}}