{"id":12,"date":"2025-04-01T12:10:59","date_gmt":"2025-04-01T15:10:59","guid":{"rendered":"https:\/\/www.cchla.ufpb.br\/siag\/?page_id=12"},"modified":"2025-04-15T16:08:32","modified_gmt":"2025-04-15T19:08:32","slug":"apresentacao","status":"publish","type":"page","link":"https:\/\/www.cchla.ufpb.br\/siag\/apresentacao\/","title":{"rendered":"Apresenta\u00e7\u00e3o"},"content":{"rendered":"\n<p class=\"has-cyan-bluish-gray-background-color has-background\">A Secretaria Integrada de Atendimento \u00e0 Gradua\u00e7\u00e3o do Centro de Ci\u00eancias Humanas, Letras e Artes adota um novo modelo de gest\u00e3o, cujo objetivo primordial \u00e9 a efici\u00eancia na presta\u00e7\u00e3o de servi\u00e7os \u00e0 comunidade universit\u00e1ria e ao p\u00fablico externo, visando \u00e0 racionaliza\u00e7\u00e3o das fun\u00e7\u00f5es burocr\u00e1ticas executadas pelos cursos de gradua\u00e7\u00e3o, precipuamente no que tange ao atendimento aos discentes, otimizando os recursos dispon\u00edveis para o bom cumprimento do servi\u00e7o p\u00fablico.<\/p>\n\n\n\n<p><\/p>\n","protected":false},"excerpt":{"rendered":"<p>A Secretaria Integrada de Atendimento \u00e0 Gradua\u00e7\u00e3o do Centro de Ci\u00eancias Humanas, Letras e Artes adota um novo modelo de gest\u00e3o, cujo objetivo primordial \u00e9 a efici\u00eancia na presta\u00e7\u00e3o de servi\u00e7os \u00e0 comunidade universit\u00e1ria e ao p\u00fablico externo, visando \u00e0 racionaliza\u00e7\u00e3o das fun\u00e7\u00f5es burocr\u00e1ticas executadas pelos cursos de gradua\u00e7\u00e3o, precipuamente no que tange ao atendimento aos discentes, otimizando os recursos dispon\u00edveis para o bom cumprimento do servi\u00e7o p\u00fablico.<\/p>\n","protected":false},"author":47,"featured_media":40,"parent":0,"menu_order":0,"comment_status":"closed","ping_status":"closed","template":"","meta":{"footnotes":""},"class_list":["post-12","page","type-page","status-publish","has-post-thumbnail","hentry"],"_links":{"self":[{"href":"https:\/\/www.cchla.ufpb.br\/siag\/wp-json\/wp\/v2\/pages\/12","targetHints":{"allow":["GET"]}}],"collection":[{"href":"https:\/\/www.cchla.ufpb.br\/siag\/wp-json\/wp\/v2\/pages"}],"about":[{"href":"https:\/\/www.cchla.ufpb.br\/siag\/wp-json\/wp\/v2\/types\/page"}],"author":[{"embeddable":true,"href":"https:\/\/www.cchla.ufpb.br\/siag\/wp-json\/wp\/v2\/users\/47"}],"replies":[{"embeddable":true,"href":"https:\/\/www.cchla.ufpb.br\/siag\/wp-json\/wp\/v2\/comments?post=12"}],"version-history":[{"count":7,"href":"https:\/\/www.cchla.ufpb.br\/siag\/wp-json\/wp\/v2\/pages\/12\/revisions"}],"predecessor-version":[{"id":202,"href":"https:\/\/www.cchla.ufpb.br\/siag\/wp-json\/wp\/v2\/pages\/12\/revisions\/202"}],"wp:featuredmedia":[{"embeddable":true,"href":"https:\/\/www.cchla.ufpb.br\/siag\/wp-json\/wp\/v2\/media\/40"}],"wp:attachment":[{"href":"https:\/\/www.cchla.ufpb.br\/siag\/wp-json\/wp\/v2\/media?parent=12"}],"curies":[{"name":"wp","href":"https:\/\/api.w.org\/{rel}","templated":true}]}}