{"id":123,"date":"2025-04-15T13:58:01","date_gmt":"2025-04-15T16:58:01","guid":{"rendered":"https:\/\/www.cchla.ufpb.br\/siag\/?page_id=123"},"modified":"2025-09-03T14:32:22","modified_gmt":"2025-09-03T17:32:22","slug":"formularios-referentes-ao-tcc","status":"publish","type":"page","link":"https:\/\/www.cchla.ufpb.br\/siag\/formularios-referentes-ao-tcc\/","title":{"rendered":"Formul\u00e1rios referentes ao TCC"},"content":{"rendered":"\n<div class=\"wp-block-file\"><a id=\"wp-block-file--media-e095b01c-5ff6-49fe-81ee-1a64510e1dd7\" href=\"https:\/\/www.cchla.ufpb.br\/siag\/wp-content\/uploads\/sites\/122\/sites\/277\/2025\/09\/DECLARACAO-DE-ACEITE-DE-ORIENTACAO-DE-TCC-PELO-ORIENTADOR-Atualizada.pdf\">Declara\u00e7\u00e3o de Aceite de Orienta\u00e7\u00e3o<\/a><a href=\"https:\/\/www.cchla.ufpb.br\/siag\/wp-content\/uploads\/sites\/122\/sites\/277\/2025\/09\/DECLARACAO-DE-ACEITE-DE-ORIENTACAO-DE-TCC-PELO-ORIENTADOR-Atualizada.pdf\" class=\"wp-block-file__button wp-element-button\" download aria-describedby=\"wp-block-file--media-e095b01c-5ff6-49fe-81ee-1a64510e1dd7\">Baixar<\/a><\/div>\n\n\n\n<div class=\"wp-block-file\"><a id=\"wp-block-file--media-3188dbb1-f253-4174-8b51-d3dc6a1c45e3\" href=\"https:\/\/www.cchla.ufpb.br\/siag\/wp-content\/uploads\/sites\/122\/sites\/277\/2025\/04\/atestado-de-autenticidade-do-trabalho-de-conclusao-de-curso.pdf\">Atestado de Autenticidade<\/a><a href=\"https:\/\/www.cchla.ufpb.br\/siag\/wp-content\/uploads\/sites\/122\/sites\/277\/2025\/04\/atestado-de-autenticidade-do-trabalho-de-conclusao-de-curso.pdf\" class=\"wp-block-file__button wp-element-button\" download aria-describedby=\"wp-block-file--media-3188dbb1-f253-4174-8b51-d3dc6a1c45e3\">Baixar<\/a><\/div>\n\n\n\n<div class=\"wp-block-file\"><a id=\"wp-block-file--media-1f296df4-d1ea-42ef-8c7e-5dd6f2cb02b6\" href=\"https:\/\/www.cchla.ufpb.br\/siag\/wp-content\/uploads\/sites\/122\/sites\/277\/2025\/04\/declaracao-de-finalizacao-de-trabalho-de-conclusao-de-curso-e-pronto-para-deposito-final.pdf\">Termo de Dep\u00f3sito final<\/a><a href=\"https:\/\/www.cchla.ufpb.br\/siag\/wp-content\/uploads\/sites\/122\/sites\/277\/2025\/04\/declaracao-de-finalizacao-de-trabalho-de-conclusao-de-curso-e-pronto-para-deposito-final.pdf\" class=\"wp-block-file__button wp-element-button\" download aria-describedby=\"wp-block-file--media-1f296df4-d1ea-42ef-8c7e-5dd6f2cb02b6\">Baixar<\/a><\/div>\n\n\n\n<div class=\"wp-block-file\"><a id=\"wp-block-file--media-791b80cd-5a93-416e-80a5-ea3a89b978e5\" href=\"https:\/\/www.cchla.ufpb.br\/siag\/wp-content\/uploads\/sites\/122\/sites\/277\/2025\/04\/ata-de-defesa-de-trabalho-de-conclusao-de-curso.pdf\">Modelo de ata de defesa<\/a><a href=\"https:\/\/www.cchla.ufpb.br\/siag\/wp-content\/uploads\/sites\/122\/sites\/277\/2025\/04\/ata-de-defesa-de-trabalho-de-conclusao-de-curso.pdf\" class=\"wp-block-file__button wp-element-button\" download aria-describedby=\"wp-block-file--media-791b80cd-5a93-416e-80a5-ea3a89b978e5\">Baixar<\/a><\/div>\n\n\n\n<div class=\"wp-block-file\"><a id=\"wp-block-file--media-f26a552c-8145-4d9b-ba8a-f7c50b52ab71\" href=\"https:\/\/www.cchla.ufpb.br\/siag\/wp-content\/uploads\/sites\/122\/sites\/277\/2025\/04\/termo-de-autorizacao-monografias-1.pdf\">Termo de autoriza\u00e7\u00e3o de publica\u00e7\u00e3o<\/a><a href=\"https:\/\/www.cchla.ufpb.br\/siag\/wp-content\/uploads\/sites\/122\/sites\/277\/2025\/04\/termo-de-autorizacao-monografias-1.pdf\" class=\"wp-block-file__button wp-element-button\" download aria-describedby=\"wp-block-file--media-f26a552c-8145-4d9b-ba8a-f7c50b52ab71\">Baixar<\/a><\/div>\n\n\n\n<p><\/p>\n","protected":false},"excerpt":{"rendered":"","protected":false},"author":261,"featured_media":0,"parent":0,"menu_order":0,"comment_status":"closed","ping_status":"closed","template":"","meta":{"footnotes":""},"class_list":["post-123","page","type-page","status-publish","hentry"],"_links":{"self":[{"href":"https:\/\/www.cchla.ufpb.br\/siag\/wp-json\/wp\/v2\/pages\/123","targetHints":{"allow":["GET"]}}],"collection":[{"href":"https:\/\/www.cchla.ufpb.br\/siag\/wp-json\/wp\/v2\/pages"}],"about":[{"href":"https:\/\/www.cchla.ufpb.br\/siag\/wp-json\/wp\/v2\/types\/page"}],"author":[{"embeddable":true,"href":"https:\/\/www.cchla.ufpb.br\/siag\/wp-json\/wp\/v2\/users\/261"}],"replies":[{"embeddable":true,"href":"https:\/\/www.cchla.ufpb.br\/siag\/wp-json\/wp\/v2\/comments?post=123"}],"version-history":[{"count":4,"href":"https:\/\/www.cchla.ufpb.br\/siag\/wp-json\/wp\/v2\/pages\/123\/revisions"}],"predecessor-version":[{"id":232,"href":"https:\/\/www.cchla.ufpb.br\/siag\/wp-json\/wp\/v2\/pages\/123\/revisions\/232"}],"wp:attachment":[{"href":"https:\/\/www.cchla.ufpb.br\/siag\/wp-json\/wp\/v2\/media?parent=123"}],"curies":[{"name":"wp","href":"https:\/\/api.w.org\/{rel}","templated":true}]}}