{"id":14,"date":"2025-04-01T12:11:07","date_gmt":"2025-04-01T15:11:07","guid":{"rendered":"https:\/\/www.cchla.ufpb.br\/siag\/?page_id=14"},"modified":"2025-04-15T15:57:52","modified_gmt":"2025-04-15T18:57:52","slug":"contato","status":"publish","type":"page","link":"https:\/\/www.cchla.ufpb.br\/siag\/contato\/","title":{"rendered":"Contato"},"content":{"rendered":"\n<p>Hor\u00e1rio de Funcionamento: <strong>Segunda a quinta:<\/strong> 08h00 \u00e0s 20h00 e <strong>Sexta-feira:<\/strong> 08h00 \u00e0s 19h00<\/p>\n\n\n\n<div class=\"wp-block-group is-nowrap is-layout-flex wp-container-core-group-is-layout-ad2f72ca wp-block-group-is-layout-flex\">\n<figure class=\"wp-block-image size-full is-resized\"><img loading=\"lazy\" decoding=\"async\" width=\"512\" height=\"512\" src=\"https:\/\/www.cchla.ufpb.br\/siag\/wp-content\/uploads\/sites\/122\/sites\/277\/2025\/04\/image-3.png\" alt=\"\" class=\"wp-image-197\" style=\"width:38px;height:auto\" srcset=\"https:\/\/www.cchla.ufpb.br\/siag\/wp-content\/uploads\/sites\/122\/sites\/277\/2025\/04\/image-3.png 512w, https:\/\/www.cchla.ufpb.br\/siag\/wp-content\/uploads\/sites\/122\/sites\/277\/2025\/04\/image-3-300x300.png 300w, https:\/\/www.cchla.ufpb.br\/siag\/wp-content\/uploads\/sites\/122\/sites\/277\/2025\/04\/image-3-150x150.png 150w\" sizes=\"auto, (max-width: 512px) 100vw, 512px\" \/><\/figure>\n\n\n\n<p>Email: siag@cchla.ufpb.br<\/p>\n<\/div>\n\n\n\n<p><\/p>\n\n\n\n<div class=\"wp-block-group\"><div class=\"wp-block-group__inner-container is-layout-constrained wp-block-group-is-layout-constrained\">\n<div class=\"wp-block-group\"><div class=\"wp-block-group__inner-container is-layout-constrained wp-block-group-is-layout-constrained\">\n<div class=\"wp-block-group\"><div class=\"wp-block-group__inner-container is-layout-constrained wp-block-group-is-layout-constrained\">\n<div class=\"wp-block-group is-nowrap is-layout-flex wp-container-core-group-is-layout-ad2f72ca wp-block-group-is-layout-flex\">\n<figure class=\"wp-block-image size-full is-resized\"><img loading=\"lazy\" decoding=\"async\" width=\"512\" height=\"512\" src=\"https:\/\/www.cchla.ufpb.br\/siag\/wp-content\/uploads\/sites\/122\/sites\/277\/2025\/04\/image.png\" alt=\"\" class=\"wp-image-187\" style=\"width:41px;height:auto\" srcset=\"https:\/\/www.cchla.ufpb.br\/siag\/wp-content\/uploads\/sites\/122\/sites\/277\/2025\/04\/image.png 512w, https:\/\/www.cchla.ufpb.br\/siag\/wp-content\/uploads\/sites\/122\/sites\/277\/2025\/04\/image-300x300.png 300w, https:\/\/www.cchla.ufpb.br\/siag\/wp-content\/uploads\/sites\/122\/sites\/277\/2025\/04\/image-150x150.png 150w\" sizes=\"auto, (max-width: 512px) 100vw, 512px\" \/><\/figure>\n\n\n\n<p class=\"has-text-align-right\">Telefone: 3216 7039<\/p>\n<\/div>\n\n\n\n<p><\/p>\n<\/div><\/div>\n<\/div><\/div>\n<\/div><\/div>\n\n\n\n<div class=\"wp-block-group is-nowrap is-layout-flex wp-container-core-group-is-layout-ad2f72ca wp-block-group-is-layout-flex\">\n<figure class=\"wp-block-image size-full is-resized\"><img loading=\"lazy\" decoding=\"async\" width=\"256\" height=\"256\" src=\"https:\/\/www.cchla.ufpb.br\/siag\/wp-content\/uploads\/sites\/122\/sites\/277\/2025\/04\/image-2.png\" alt=\"\" class=\"wp-image-196\" style=\"width:40px;height:auto\" srcset=\"https:\/\/www.cchla.ufpb.br\/siag\/wp-content\/uploads\/sites\/122\/sites\/277\/2025\/04\/image-2.png 256w, https:\/\/www.cchla.ufpb.br\/siag\/wp-content\/uploads\/sites\/122\/sites\/277\/2025\/04\/image-2-150x150.png 150w\" sizes=\"auto, (max-width: 256px) 100vw, 256px\" \/><\/figure>\n\n\n\n<p>Instagram: siag.cchla<\/p>\n<\/div>\n\n\n\n<p><\/p>\n","protected":false},"excerpt":{"rendered":"<p>Hor\u00e1rio de Funcionamento: Segunda a quinta: 08h00 \u00e0s 20h00 e Sexta-feira: 08h00 \u00e0s 19h00 Email: siag@cchla.ufpb.br Telefone: 3216 7039 Instagram: siag.cchla<\/p>\n","protected":false},"author":47,"featured_media":0,"parent":0,"menu_order":0,"comment_status":"closed","ping_status":"closed","template":"","meta":{"footnotes":""},"class_list":["post-14","page","type-page","status-publish","hentry"],"_links":{"self":[{"href":"https:\/\/www.cchla.ufpb.br\/siag\/wp-json\/wp\/v2\/pages\/14","targetHints":{"allow":["GET"]}}],"collection":[{"href":"https:\/\/www.cchla.ufpb.br\/siag\/wp-json\/wp\/v2\/pages"}],"about":[{"href":"https:\/\/www.cchla.ufpb.br\/siag\/wp-json\/wp\/v2\/types\/page"}],"author":[{"embeddable":true,"href":"https:\/\/www.cchla.ufpb.br\/siag\/wp-json\/wp\/v2\/users\/47"}],"replies":[{"embeddable":true,"href":"https:\/\/www.cchla.ufpb.br\/siag\/wp-json\/wp\/v2\/comments?post=14"}],"version-history":[{"count":10,"href":"https:\/\/www.cchla.ufpb.br\/siag\/wp-json\/wp\/v2\/pages\/14\/revisions"}],"predecessor-version":[{"id":198,"href":"https:\/\/www.cchla.ufpb.br\/siag\/wp-json\/wp\/v2\/pages\/14\/revisions\/198"}],"wp:attachment":[{"href":"https:\/\/www.cchla.ufpb.br\/siag\/wp-json\/wp\/v2\/media?parent=14"}],"curies":[{"name":"wp","href":"https:\/\/api.w.org\/{rel}","templated":true}]}}