{"id":16,"date":"2025-04-01T12:12:26","date_gmt":"2025-04-01T15:12:26","guid":{"rendered":"https:\/\/www.cchla.ufpb.br\/siag\/?page_id=16"},"modified":"2025-04-15T15:32:40","modified_gmt":"2025-04-15T18:32:40","slug":"sobre-nos","status":"publish","type":"page","link":"https:\/\/www.cchla.ufpb.br\/siag\/sobre-nos\/","title":{"rendered":"Sobre n\u00f3s"},"content":{"rendered":"\n<p class=\"has-cyan-bluish-gray-background-color has-background\" style=\"font-size:16px\">A Secretaria Integrada de Atendimento \u00e0 Gradua\u00e7\u00e3o (SIAG) \u00e9 o setor respons\u00e1vel por centralizar e organizar o atendimento \u00e0s demandas acad\u00eamicas de todos os cursos de gradua\u00e7\u00e3o do Centro de Ci\u00eancias Humanas, Letras e Artes (CCHLA) da UFPB. Com o objetivo de oferecer um servi\u00e7o mais eficiente e padronizado, a SIAG atua no suporte a estudantes e coordenadores, prestando orienta\u00e7\u00f5es e executando procedimentos administrativos relacionados \u00e0 vida acad\u00eamica.<br><\/p>\n\n\n\n<p class=\"has-cyan-bluish-gray-background-color has-background\" style=\"font-size:16px\">Os atendimentos podem ser realizados presencialmente na sede da secretaria, por telefone ou via e-mail institucional. Al\u00e9m disso, no site da SIAG est\u00e3o dispon\u00edveis todas as informa\u00e7\u00f5es necess\u00e1rias, como formul\u00e1rios, documentos e orienta\u00e7\u00f5es sobre os principais servi\u00e7os oferecidos.<\/p>\n\n\n\n<hr class=\"wp-block-separator has-alpha-channel-opacity\" \/>\n\n\n\n<div class=\"wp-block-file\"><a id=\"wp-block-file--media-edb6e79f-cd30-43da-a220-bdc92790ff0e\" href=\"https:\/\/www.cchla.ufpb.br\/siag\/wp-content\/uploads\/sites\/122\/sites\/277\/2025\/04\/regimento-siag.pdf\">Resolu\u00e7\u00e3o CCHLA n\u00ba 01\/2019 &#8211; Aprova o Regimento da SIAG do CCHLA<\/a><a href=\"https:\/\/www.cchla.ufpb.br\/siag\/wp-content\/uploads\/sites\/122\/sites\/277\/2025\/04\/regimento-siag.pdf\" class=\"wp-block-file__button wp-element-button\" download aria-describedby=\"wp-block-file--media-edb6e79f-cd30-43da-a220-bdc92790ff0e\">Baixar<\/a><\/div>\n\n\n\n<hr class=\"wp-block-separator has-alpha-channel-opacity\" \/>\n\n\n\n<h3 class=\"wp-block-heading\"><strong>Quem somos?<\/strong><\/h3>\n\n\n\n<ul class=\"wp-block-list\">\n<li style=\"font-size:16px\">Camila Santa Cruz Lins de Siqueira&nbsp;(Coordenadora)<\/li>\n\n\n\n<li style=\"font-size:16px\">Michelle Marinho Brasil (Vice-Coordenadora)<\/li>\n\n\n\n<li style=\"font-size:16px\">Fernando Sergio Azevedo de Almeida<\/li>\n\n\n\n<li style=\"font-size:16px\">Gabriel Tiburtino de Andrade<\/li>\n\n\n\n<li style=\"font-size:16px\">Lusinete Gomes Pereira<\/li>\n\n\n\n<li style=\"font-size:16px\">Meirylane Lopes da Silva<\/li>\n\n\n\n<li style=\"font-size:16px\">Renata Chaves Freire Falc\u00e3o<\/li>\n\n\n\n<li style=\"font-size:16px\">Gabrielle Moura de Almeida<\/li>\n<\/ul>\n\n\n\n<p><br><\/p>\n\n\n\n<p><\/p>\n","protected":false},"excerpt":{"rendered":"<p>A Secretaria Integrada de Atendimento \u00e0 Gradua\u00e7\u00e3o (SIAG) \u00e9 o setor respons\u00e1vel por centralizar e organizar o atendimento \u00e0s demandas acad\u00eamicas de todos os cursos de gradua\u00e7\u00e3o do Centro de Ci\u00eancias Humanas, Letras e Artes (CCHLA) da UFPB. Com o objetivo de oferecer um servi\u00e7o mais eficiente e padronizado, a SIAG atua no suporte a [&hellip;]<\/p>\n","protected":false},"author":47,"featured_media":0,"parent":0,"menu_order":0,"comment_status":"closed","ping_status":"closed","template":"","meta":{"footnotes":""},"class_list":["post-16","page","type-page","status-publish","hentry"],"_links":{"self":[{"href":"https:\/\/www.cchla.ufpb.br\/siag\/wp-json\/wp\/v2\/pages\/16","targetHints":{"allow":["GET"]}}],"collection":[{"href":"https:\/\/www.cchla.ufpb.br\/siag\/wp-json\/wp\/v2\/pages"}],"about":[{"href":"https:\/\/www.cchla.ufpb.br\/siag\/wp-json\/wp\/v2\/types\/page"}],"author":[{"embeddable":true,"href":"https:\/\/www.cchla.ufpb.br\/siag\/wp-json\/wp\/v2\/users\/47"}],"replies":[{"embeddable":true,"href":"https:\/\/www.cchla.ufpb.br\/siag\/wp-json\/wp\/v2\/comments?post=16"}],"version-history":[{"count":11,"href":"https:\/\/www.cchla.ufpb.br\/siag\/wp-json\/wp\/v2\/pages\/16\/revisions"}],"predecessor-version":[{"id":177,"href":"https:\/\/www.cchla.ufpb.br\/siag\/wp-json\/wp\/v2\/pages\/16\/revisions\/177"}],"wp:attachment":[{"href":"https:\/\/www.cchla.ufpb.br\/siag\/wp-json\/wp\/v2\/media?parent=16"}],"curies":[{"name":"wp","href":"https:\/\/api.w.org\/{rel}","templated":true}]}}