{"id":210,"date":"2025-04-15T16:33:46","date_gmt":"2025-04-15T19:33:46","guid":{"rendered":"https:\/\/www.cchla.ufpb.br\/siag\/?page_id=210"},"modified":"2025-04-15T16:47:54","modified_gmt":"2025-04-15T19:47:54","slug":"como-depositar-meu-tcc","status":"publish","type":"page","link":"https:\/\/www.cchla.ufpb.br\/siag\/como-depositar-meu-tcc\/","title":{"rendered":"Como depositar meu TCC?"},"content":{"rendered":"\n<p>Se voc\u00ea j\u00e1 defendeu seu TCC, parab\u00e9ns! \ud83c\udf89 Agora falta s\u00f3 mais um passo pra encerrar esse ciclo com chave de ouro: enviar a vers\u00e3o final do trabalho para a biblioteca setorial.<\/p>\n\n\n\n<p>O que voc\u00ea precisa fazer?<br>Enviar um e-mail com os seguintes arquivos em <strong>PDF<\/strong>:<\/p>\n\n\n\n<p>\u2705 Vers\u00e3o final do TCC<br>\u2705 <a href=\"https:\/\/www.cchla.ufpb.br\/siag\/wp-content\/uploads\/sites\/122\/sites\/277\/2025\/04\/declaracao-de-finalizacao-de-trabalho-de-conclusao-de-curso-e-pronto-para-deposito-final.pdf\" data-type=\"link\" data-id=\"https:\/\/www.cchla.ufpb.br\/siag\/wp-content\/uploads\/sites\/122\/sites\/277\/2025\/04\/declaracao-de-finalizacao-de-trabalho-de-conclusao-de-curso-e-pronto-para-deposito-final.pdf\">Termo de Dep\u00f3sito Final<\/a><br>\u2705<a href=\"https:\/\/www.cchla.ufpb.br\/siag\/wp-content\/uploads\/sites\/122\/sites\/277\/2025\/04\/atestado-de-autenticidade-do-trabalho-de-conclusao-de-curso.pdf\" data-type=\"link\" data-id=\"https:\/\/www.cchla.ufpb.br\/siag\/wp-content\/uploads\/sites\/122\/sites\/277\/2025\/04\/atestado-de-autenticidade-do-trabalho-de-conclusao-de-curso.pdf\"> Atestado de Autenticidade<\/a><br>\u2705 <a href=\"https:\/\/www.cchla.ufpb.br\/siag\/wp-content\/uploads\/sites\/122\/sites\/277\/2025\/04\/termo-de-autorizacao-monografias-1.pdf\">Termo de Autoriza\u00e7\u00e3o para Publica\u00e7\u00e3o<\/a><\/p>\n\n\n\n<p>\ud83d\udce7 O e-mail deve ser enviado para a Biblioteca Setorial do CCHLA (biblioteca@cchla.ufpb.br)<\/p>\n\n\n\n<p>Ah! E no assunto do e-mail, coloca algo como: <strong>&#8220;Dep\u00f3sito Final de TCC \u2013 [Seu Nome]&#8221;<\/strong>. Isso ajuda a galera da biblioteca a identificar rapidinho.<\/p>\n\n\n\n<p>Assim que a biblioteca receber tudo certinho, seu TCC vai para o reposit\u00f3rio institucional (se voc\u00ea autorizar, claro!) e o processo de conclus\u00e3o do curso segue tranquilo.<\/p>\n\n\n\n<p><\/p>\n","protected":false},"excerpt":{"rendered":"<p>Se voc\u00ea j\u00e1 defendeu seu TCC, parab\u00e9ns! \ud83c\udf89 Agora falta s\u00f3 mais um passo pra encerrar esse ciclo com chave de ouro: enviar a vers\u00e3o final do trabalho para a biblioteca setorial. O que voc\u00ea precisa fazer?Enviar um e-mail com os seguintes arquivos em PDF: \u2705 Vers\u00e3o final do TCC\u2705 Termo de Dep\u00f3sito Final\u2705 Atestado [&hellip;]<\/p>\n","protected":false},"author":261,"featured_media":0,"parent":0,"menu_order":0,"comment_status":"closed","ping_status":"closed","template":"","meta":{"footnotes":""},"class_list":["post-210","page","type-page","status-publish","hentry"],"_links":{"self":[{"href":"https:\/\/www.cchla.ufpb.br\/siag\/wp-json\/wp\/v2\/pages\/210","targetHints":{"allow":["GET"]}}],"collection":[{"href":"https:\/\/www.cchla.ufpb.br\/siag\/wp-json\/wp\/v2\/pages"}],"about":[{"href":"https:\/\/www.cchla.ufpb.br\/siag\/wp-json\/wp\/v2\/types\/page"}],"author":[{"embeddable":true,"href":"https:\/\/www.cchla.ufpb.br\/siag\/wp-json\/wp\/v2\/users\/261"}],"replies":[{"embeddable":true,"href":"https:\/\/www.cchla.ufpb.br\/siag\/wp-json\/wp\/v2\/comments?post=210"}],"version-history":[{"count":2,"href":"https:\/\/www.cchla.ufpb.br\/siag\/wp-json\/wp\/v2\/pages\/210\/revisions"}],"predecessor-version":[{"id":214,"href":"https:\/\/www.cchla.ufpb.br\/siag\/wp-json\/wp\/v2\/pages\/210\/revisions\/214"}],"wp:attachment":[{"href":"https:\/\/www.cchla.ufpb.br\/siag\/wp-json\/wp\/v2\/media?parent=210"}],"curies":[{"name":"wp","href":"https:\/\/api.w.org\/{rel}","templated":true}]}}