{"id":25,"date":"2025-04-01T12:17:21","date_gmt":"2025-04-01T15:17:21","guid":{"rendered":"https:\/\/www.cchla.ufpb.br\/siag\/?page_id=25"},"modified":"2025-04-15T16:28:15","modified_gmt":"2025-04-15T19:28:15","slug":"links-uteis","status":"publish","type":"page","link":"https:\/\/www.cchla.ufpb.br\/siag\/links-uteis\/","title":{"rendered":"Links \u00fateis"},"content":{"rendered":"\n<p style=\"font-size:20px\"><a href=\"http:\/\/www.biblioteca.ufpb.br\/biblioteca\" target=\"_blank\" rel=\"noreferrer noopener\">BIBLIOTECA CENTRAL &#8211; BC&nbsp;<\/a><\/p>\n\n\n\n<p style=\"font-size:16px\">Dar suporte informacional aos programas de ensino, pesquisa e extens\u00e3o da UFPB.<\/p>\n\n\n\n<p class=\" \"><a href=\"http:\/\/www.cchla.ufpb.br\/cchla\/contents\/menu\/institucional\/biblioteca-setorial\" target=\"_blank\" rel=\"noreferrer noopener\">BIBLIOTECA SETORIAL DO CCHLA &#8211; BS&nbsp;<\/a>&nbsp;<\/p>\n\n\n\n<p style=\"font-size:16px\">A Biblioteca Setorial Professor Vanildo Brito \u00e9 um recurso do CCHLA amplamente dispon\u00edvel aos alunos e docentes.<\/p>\n\n\n\n<p class=\" \"><a href=\"http:\/\/www.ufpb.br\/prape\" target=\"_blank\" rel=\"noreferrer noopener\">PR\u00d3-REITORIA DE ASSIST\u00caNCIA E PROMO\u00c7\u00c3O AO ESTUDANTE\u00a0\u2013\u00a0PRAPE<\/a><\/p>\n\n\n\n<p style=\"font-size:16px\">Tem a principal fun\u00e7\u00e3o de planejar, coordenar e controlar as atividades de assist\u00eancia e promo\u00e7\u00e3o ao estudante, visando sobretudo \u00e0 sua perman\u00eancia nos cursos de gradua\u00e7\u00e3o presencial da Universidade Federal da Para\u00edba.<\/p>\n\n\n\n<p class=\" \"><a href=\"http:\/\/www.prg.ufpb.br\/\" target=\"_blank\" rel=\"noreferrer noopener\">PRO-REITORIA DE GRADUA\u00c7\u00c3O &#8211; PRG<\/a>\u00a0<\/p>\n\n\n\n<p class=\"has-text-align-left\" style=\"font-size:16px\">Tem a fun\u00e7\u00e3o de planejar, coordenar e controlar as atividades de ensino de gradua\u00e7\u00e3o da&nbsp;Universidade Federal da Para\u00edba&nbsp;de forma permanentemente articulada com o Conselho Superior de Ensino, Pesquisa e Extens\u00e3o \u2013 CONSEPE, com as Pr\u00f3-Reitorias Acad\u00eamicas, com os Centros, Departamentos e Cursos desta Institui\u00e7\u00e3o.&nbsp;Compete-lhe ainda, propor e coordenar as formas de acesso aos cursos de gradua\u00e7\u00e3o da UFPB e interagir com \u00f3rg\u00e3os governamentais, com o F\u00f3rum Nacional de Pr\u00f3-Reitores de Gradua\u00e7\u00e3o e com Institui\u00e7\u00f5es de Ensino Superior, do pa\u00eds e do exterior, visando o desenvolvimento de pol\u00edticas e de parcerias que favore\u00e7am a eleva\u00e7\u00e3o da qualidade de forma\u00e7\u00e3o superior.<\/p>\n\n\n\n<p class=\" \"><a href=\"https:\/\/sigaa.ufpb.br\/sigaa\/\" target=\"_blank\" rel=\"noreferrer noopener\">SIGAA \u2013 SISTEMA INTEGRADO DE GEST\u00c3O DE ATIVIDADES ACAD\u00caMICAS<strong>\u00a0<\/strong><\/a><\/p>\n\n\n\n<p style=\"font-size:16px\">Automatiza os procedimentos da \u00e1rea acad\u00eamica atrav\u00e9s do m\u00f3dulo Gradua\u00e7\u00e3o. Com informa\u00e7\u00f5es sobre ensino, extens\u00e3o, monitoria, biblioteca, bolsas, est\u00e1gio, ambientes virtuais e outros.<\/p>\n\n\n\n<p class=\" \"><a href=\"https:\/\/sipac.ufpb.br\/sipac\/\" target=\"_blank\" rel=\"noreferrer noopener\">SIPAC &#8211; SISTEMA INTEGRADO DE PATRIM\u00d4NIO, ADMINISTRA\u00c7\u00c3O E CONTRATOS<strong>\u00a0<\/strong><\/a><\/p>\n\n\n\n<p style=\"font-size:16px\"><strong><\/strong>Sistema de processamento de informa\u00e7\u00f5es que automatiza os diversos processos da \u00e1rea administrativa<\/p>\n","protected":false},"excerpt":{"rendered":"<p>BIBLIOTECA CENTRAL &#8211; BC&nbsp; Dar suporte informacional aos programas de ensino, pesquisa e extens\u00e3o da UFPB. BIBLIOTECA SETORIAL DO CCHLA &#8211; BS&nbsp;&nbsp; A Biblioteca Setorial Professor Vanildo Brito \u00e9 um recurso do CCHLA amplamente dispon\u00edvel aos alunos e docentes. PR\u00d3-REITORIA DE ASSIST\u00caNCIA E PROMO\u00c7\u00c3O AO ESTUDANTE\u00a0\u2013\u00a0PRAPE Tem a principal fun\u00e7\u00e3o de planejar, coordenar e controlar [&hellip;]<\/p>\n","protected":false},"author":47,"featured_media":0,"parent":0,"menu_order":0,"comment_status":"closed","ping_status":"closed","template":"","meta":{"footnotes":""},"class_list":["post-25","page","type-page","status-publish","hentry"],"_links":{"self":[{"href":"https:\/\/www.cchla.ufpb.br\/siag\/wp-json\/wp\/v2\/pages\/25","targetHints":{"allow":["GET"]}}],"collection":[{"href":"https:\/\/www.cchla.ufpb.br\/siag\/wp-json\/wp\/v2\/pages"}],"about":[{"href":"https:\/\/www.cchla.ufpb.br\/siag\/wp-json\/wp\/v2\/types\/page"}],"author":[{"embeddable":true,"href":"https:\/\/www.cchla.ufpb.br\/siag\/wp-json\/wp\/v2\/users\/47"}],"replies":[{"embeddable":true,"href":"https:\/\/www.cchla.ufpb.br\/siag\/wp-json\/wp\/v2\/comments?post=25"}],"version-history":[{"count":6,"href":"https:\/\/www.cchla.ufpb.br\/siag\/wp-json\/wp\/v2\/pages\/25\/revisions"}],"predecessor-version":[{"id":209,"href":"https:\/\/www.cchla.ufpb.br\/siag\/wp-json\/wp\/v2\/pages\/25\/revisions\/209"}],"wp:attachment":[{"href":"https:\/\/www.cchla.ufpb.br\/siag\/wp-json\/wp\/v2\/media?parent=25"}],"curies":[{"name":"wp","href":"https:\/\/api.w.org\/{rel}","templated":true}]}}