{"id":27,"date":"2025-04-01T12:18:12","date_gmt":"2025-04-01T15:18:12","guid":{"rendered":"https:\/\/www.cchla.ufpb.br\/siag\/?page_id=27"},"modified":"2025-04-01T19:47:03","modified_gmt":"2025-04-01T22:47:03","slug":"principais-duvidas","status":"publish","type":"page","link":"https:\/\/www.cchla.ufpb.br\/siag\/principais-duvidas\/","title":{"rendered":"Principais D\u00favidas"},"content":{"rendered":"\n<figure class=\"wp-block-table\"><table class=\"has-fixed-layout\"><tbody><tr><td><a href=\"http:\/\/plone.ufpb.br\/siagcchla\/contents\/documentos\/esclarecimentos\/abono-de-faltas.pdf\">Abono de Falta<\/a><\/td><\/tr><tr><td><a href=\"http:\/\/www.ufpb.br\/prape\/contents\/menu\/assuntos\/apoio-em-eventos\" target=\"_blank\" rel=\"noreferrer noopener\">Apoio em Eventos<\/a><\/td><\/tr><tr><td><a href=\"http:\/\/www.ufpb.br\/prape\/colecoes\/apoio-permanencia\" target=\"_blank\" rel=\"noreferrer noopener\">Apoio Perman\u00eancia<\/a><\/td><\/tr><tr><td><a href=\"http:\/\/plone.ufpb.br\/siagcchla\/contents\/documentos\/esclarecimentos\/aproveitamento-de-estudos.pdf\">Aproveitamento de Estudos<\/a><\/td><\/tr><tr><td><a href=\"http:\/\/plone.ufpb.br\/siagcchla\/contents\/documentos\/esclarecimentos\/aproveitamento-de-optativa-de-livre-escolha.pdf\">Aproveitamento de Optativa de Livre Escolha<\/a><\/td><\/tr><tr><td><a href=\"http:\/\/www.prg.ufpb.br\/prg\/codesc\/documentos\/calendario-academico\/\" target=\"_blank\" rel=\"noreferrer noopener\">Calend\u00e1rio Acad\u00eamico<\/a><\/td><\/tr><tr><td><a href=\"http:\/\/www.prg.ufpb.br\/prg\/codesc\/documentos\/calendario-administrativo\/\" target=\"_blank\" rel=\"noreferrer noopener\">Calend\u00e1rio Administrativo<\/a><\/td><\/tr><tr><td><a href=\"http:\/\/plone.ufpb.br\/siagcchla\/contents\/documentos\/esclarecimentos\/expedicao-de-diploma.pdf\">Expedi\u00e7\u00e3o de Diploma<\/a><\/td><\/tr><tr><td><a href=\"http:\/\/plone.ufpb.br\/siagcchla\/contents\/paginas\/pasta-de-paginas-area-discente\/ingresso-de-graduados\">Ingresso de Graduado<\/a><\/td><\/tr><tr><td><a href=\"http:\/\/plone.ufpb.br\/siagcchla\/contents\/documentos\/esclarecimentos\/laurea-academica.pdf\">L\u00e1urea Acad\u00eamica<\/a><\/td><\/tr><tr><td>Prorroga\u00e7\u00e3o do Prazo para Conclus\u00e3o do Curso<\/td><\/tr><tr><td><a href=\"http:\/\/plone.ufpb.br\/siagcchla\/contents\/documentos\/esclarecimentos\/regime-de-exercicio-domiciliar.pdf\">Regime de Exerc\u00edcios Domiciliares<\/a><\/td><\/tr><tr><td><a href=\"http:\/\/plone.ufpb.br\/siagcchla\/contents\/documentos\/esclarecimentos\/reingresso.pdf\">Reingresso<\/a><\/td><\/tr><tr><td><a href=\"http:\/\/plone.ufpb.br\/siagcchla\/contents\/paginas\/pasta-de-paginas-area-discente\/reopcao-de-curso\">Reop\u00e7\u00e3o de curso<\/a><\/td><\/tr><tr><td><a href=\"http:\/\/plone.ufpb.br\/siagcchla\/contents\/documentos\/esclarecimentos\/reposicao-de-exercicio.pdf\">Reposi\u00e7\u00e3o de Atividade Acad\u00eamica<\/a><\/td><\/tr><tr><td><a href=\"http:\/\/plone.ufpb.br\/siagcchla\/contents\/documentos\/esclarecimentos\/revisao-de-rendimento-academico.pdf\">Revis\u00e3o de Exerc\u00edcio de Verifica\u00e7\u00e3o do Rendimento Acad\u00eamico<\/a><\/td><\/tr><tr><td><a href=\"http:\/\/plone.ufpb.br\/siagcchla\/contents\/documentos\/esclarecimentos\/trancamento.pdf\">Trancamento<\/a><\/td><\/tr><tr><td><a href=\"http:\/\/plone.ufpb.br\/siagcchla\/contents\/paginas\/pasta-de-paginas-area-discente\/transferencia-ex-officio\">Transfer\u00eancia ex officio<\/a><\/td><\/tr><tr><td><a href=\"http:\/\/www.prg.ufpb.br\/prg\/codesc\/processos-seletivos\/pstv\" target=\"_blank\" rel=\"noreferrer noopener\">Transfer\u00eancia Volunt\u00e1ria<\/a><\/td><\/tr><\/tbody><\/table><\/figure>\n","protected":false},"excerpt":{"rendered":"<p>Abono de Falta Apoio em Eventos Apoio Perman\u00eancia Aproveitamento de Estudos Aproveitamento de Optativa de Livre Escolha Calend\u00e1rio Acad\u00eamico Calend\u00e1rio Administrativo Expedi\u00e7\u00e3o de Diploma Ingresso de Graduado L\u00e1urea Acad\u00eamica Prorroga\u00e7\u00e3o do Prazo para Conclus\u00e3o do Curso Regime de Exerc\u00edcios Domiciliares Reingresso Reop\u00e7\u00e3o de curso Reposi\u00e7\u00e3o de Atividade Acad\u00eamica Revis\u00e3o de Exerc\u00edcio de Verifica\u00e7\u00e3o do Rendimento [&hellip;]<\/p>\n","protected":false},"author":47,"featured_media":0,"parent":0,"menu_order":0,"comment_status":"closed","ping_status":"closed","template":"","meta":{"footnotes":""},"class_list":["post-27","page","type-page","status-publish","hentry"],"_links":{"self":[{"href":"https:\/\/www.cchla.ufpb.br\/siag\/wp-json\/wp\/v2\/pages\/27","targetHints":{"allow":["GET"]}}],"collection":[{"href":"https:\/\/www.cchla.ufpb.br\/siag\/wp-json\/wp\/v2\/pages"}],"about":[{"href":"https:\/\/www.cchla.ufpb.br\/siag\/wp-json\/wp\/v2\/types\/page"}],"author":[{"embeddable":true,"href":"https:\/\/www.cchla.ufpb.br\/siag\/wp-json\/wp\/v2\/users\/47"}],"replies":[{"embeddable":true,"href":"https:\/\/www.cchla.ufpb.br\/siag\/wp-json\/wp\/v2\/comments?post=27"}],"version-history":[{"count":4,"href":"https:\/\/www.cchla.ufpb.br\/siag\/wp-json\/wp\/v2\/pages\/27\/revisions"}],"predecessor-version":[{"id":199,"href":"https:\/\/www.cchla.ufpb.br\/siag\/wp-json\/wp\/v2\/pages\/27\/revisions\/199"}],"wp:attachment":[{"href":"https:\/\/www.cchla.ufpb.br\/siag\/wp-json\/wp\/v2\/media?parent=27"}],"curies":[{"name":"wp","href":"https:\/\/api.w.org\/{rel}","templated":true}]}}