{"id":29,"date":"2025-04-01T12:18:44","date_gmt":"2025-04-01T15:18:44","guid":{"rendered":"https:\/\/www.cchla.ufpb.br\/siag\/?page_id=29"},"modified":"2025-04-15T15:40:50","modified_gmt":"2025-04-15T18:40:50","slug":"tutoriais","status":"publish","type":"page","link":"https:\/\/www.cchla.ufpb.br\/siag\/tutoriais\/","title":{"rendered":"Tutoriais"},"content":{"rendered":"\n<p class=\"has-cyan-bluish-gray-background-color has-background\" style=\"font-size:16px\">Nesta se\u00e7\u00e3o, voc\u00ea encontra tutoriais pr\u00e1ticos que v\u00e3o te acompanhar em v\u00e1rias etapas da sua jornada na gradua\u00e7\u00e3o \u2014 do primeiro acesso ao SIGAA at\u00e9 a reta final do curso. T\u00e1 com d\u00favida? A gente te ajuda! D\u00e1 uma olhada no que preparamos pra voc\u00ea:<\/p>\n\n\n\n<div class=\"wp-block-file\"><a id=\"wp-block-file--media-b6cd9d3a-7c9e-4af2-b401-31a192dd25a5\" href=\"https:\/\/www.cchla.ufpb.br\/siag\/wp-content\/uploads\/sites\/122\/sites\/277\/2025\/04\/tutorial-para-primeiro-acesso-ao-sigaa.pdf\">Como fazer seu <strong>primeiro acesso ao SIGAA<\/strong><\/a><a href=\"https:\/\/www.cchla.ufpb.br\/siag\/wp-content\/uploads\/sites\/122\/sites\/277\/2025\/04\/tutorial-para-primeiro-acesso-ao-sigaa.pdf\" class=\"wp-block-file__button wp-element-button\" download aria-describedby=\"wp-block-file--media-b6cd9d3a-7c9e-4af2-b401-31a192dd25a5\">Baixar<\/a><\/div>\n\n\n\n<div class=\"wp-block-file\"><a id=\"wp-block-file--media-a18b7429-ee1b-4985-93c1-f2483fd84203\" href=\"https:\/\/www.cchla.ufpb.br\/siag\/wp-content\/uploads\/sites\/122\/sites\/277\/2025\/04\/tutorial-para-solicitar-trancamento-de-programa.pdf\">Clica aqui para aprender a trancar o programa (trancamento de per\u00edodo)<\/a><a href=\"https:\/\/www.cchla.ufpb.br\/siag\/wp-content\/uploads\/sites\/122\/sites\/277\/2025\/04\/tutorial-para-solicitar-trancamento-de-programa.pdf\" class=\"wp-block-file__button wp-element-button\" download aria-describedby=\"wp-block-file--media-a18b7429-ee1b-4985-93c1-f2483fd84203\">Baixar<\/a><\/div>\n\n\n\n<div class=\"wp-block-file\"><a id=\"wp-block-file--media-c3d6282d-4376-489d-8da7-50bf893b92b0\" href=\"https:\/\/www.cchla.ufpb.br\/siag\/wp-content\/uploads\/sites\/122\/sites\/277\/2025\/04\/tutorial-para-solicitar-trancamento-de-componente-curricular-1.pdf\">Clica aqui para aprender a trancar um componente curricular<\/a><a href=\"https:\/\/www.cchla.ufpb.br\/siag\/wp-content\/uploads\/sites\/122\/sites\/277\/2025\/04\/tutorial-para-solicitar-trancamento-de-componente-curricular-1.pdf\" class=\"wp-block-file__button wp-element-button\" download aria-describedby=\"wp-block-file--media-c3d6282d-4376-489d-8da7-50bf893b92b0\">Baixar<\/a><\/div>\n\n\n\n<div class=\"wp-block-file\"><a id=\"wp-block-file--media-e18fa2ca-4dc3-435e-b2a7-cbecc7f82380\" href=\"https:\/\/www.cchla.ufpb.br\/siag\/wp-content\/uploads\/sites\/122\/sites\/277\/2025\/04\/tutorial-para-emissao-de-declaracao-de-nada-consta-da-biblioteca-central.pdf\">Clica aqui para aprender a emitir o nada consta da biblioteca central<\/a><a href=\"https:\/\/www.cchla.ufpb.br\/siag\/wp-content\/uploads\/sites\/122\/sites\/277\/2025\/04\/tutorial-para-emissao-de-declaracao-de-nada-consta-da-biblioteca-central.pdf\" class=\"wp-block-file__button wp-element-button\" download aria-describedby=\"wp-block-file--media-e18fa2ca-4dc3-435e-b2a7-cbecc7f82380\">Baixar<\/a><\/div>\n\n\n\n<div class=\"wp-block-file\"><a id=\"wp-block-file--media-c476ae3b-48c4-4d4c-89d1-cf2409a26fc4\" href=\"https:\/\/www.cchla.ufpb.br\/siag\/wp-content\/uploads\/sites\/122\/sites\/277\/2025\/04\/tutorial-para-confeccao-de-ficha-catalografica.pdf\">Guia para <strong>confeccionar a ficha catalogr\u00e1fica direitinh<\/strong>o<\/a><a href=\"https:\/\/www.cchla.ufpb.br\/siag\/wp-content\/uploads\/sites\/122\/sites\/277\/2025\/04\/tutorial-para-confeccao-de-ficha-catalografica.pdf\" class=\"wp-block-file__button wp-element-button\" download aria-describedby=\"wp-block-file--media-c476ae3b-48c4-4d4c-89d1-cf2409a26fc4\">Baixar<\/a><\/div>\n\n\n\n<p><\/p>\n","protected":false},"excerpt":{"rendered":"<p>Nesta se\u00e7\u00e3o, voc\u00ea encontra tutoriais pr\u00e1ticos que v\u00e3o te acompanhar em v\u00e1rias etapas da sua jornada na gradua\u00e7\u00e3o \u2014 do primeiro acesso ao SIGAA at\u00e9 a reta final do curso. T\u00e1 com d\u00favida? A gente te ajuda! D\u00e1 uma olhada no que preparamos pra voc\u00ea:<\/p>\n","protected":false},"author":47,"featured_media":0,"parent":0,"menu_order":0,"comment_status":"closed","ping_status":"closed","template":"","meta":{"footnotes":""},"class_list":["post-29","page","type-page","status-publish","hentry"],"_links":{"self":[{"href":"https:\/\/www.cchla.ufpb.br\/siag\/wp-json\/wp\/v2\/pages\/29","targetHints":{"allow":["GET"]}}],"collection":[{"href":"https:\/\/www.cchla.ufpb.br\/siag\/wp-json\/wp\/v2\/pages"}],"about":[{"href":"https:\/\/www.cchla.ufpb.br\/siag\/wp-json\/wp\/v2\/types\/page"}],"author":[{"embeddable":true,"href":"https:\/\/www.cchla.ufpb.br\/siag\/wp-json\/wp\/v2\/users\/47"}],"replies":[{"embeddable":true,"href":"https:\/\/www.cchla.ufpb.br\/siag\/wp-json\/wp\/v2\/comments?post=29"}],"version-history":[{"count":6,"href":"https:\/\/www.cchla.ufpb.br\/siag\/wp-json\/wp\/v2\/pages\/29\/revisions"}],"predecessor-version":[{"id":182,"href":"https:\/\/www.cchla.ufpb.br\/siag\/wp-json\/wp\/v2\/pages\/29\/revisions\/182"}],"wp:attachment":[{"href":"https:\/\/www.cchla.ufpb.br\/siag\/wp-json\/wp\/v2\/media?parent=29"}],"curies":[{"name":"wp","href":"https:\/\/api.w.org\/{rel}","templated":true}]}}