{"id":33,"date":"2025-04-01T12:22:03","date_gmt":"2025-04-01T15:22:03","guid":{"rendered":"https:\/\/www.cchla.ufpb.br\/siag\/?page_id=33"},"modified":"2025-04-01T12:22:03","modified_gmt":"2025-04-01T15:22:03","slug":"coordenacoes-de-graduacao","status":"publish","type":"page","link":"https:\/\/www.cchla.ufpb.br\/siag\/coordenacoes-de-graduacao\/","title":{"rendered":"Coordena\u00e7\u00f5es de Gradua\u00e7\u00e3o"},"content":{"rendered":"\n<p><a href=\"http:\/\/plone.ufpb.br\/cccs\">Coordena\u00e7\u00e3o de Gradua\u00e7\u00e3o em Ci\u00eancias Sociais<\/a><\/p>\n\n\n\n<p><a href=\"http:\/\/plone.ufpb.br\/ccmd\/index.php\">Coordena\u00e7\u00e3o de Gradua\u00e7\u00e3o em Comunica\u00e7\u00e3o e M\u00eddias Digitais<\/a><\/p>\n\n\n\n<p><a href=\"https:\/\/sigaa.ufpb.br\/sigaa\/public\/curso\/portal.jsf?lc=pt_BR&amp;id=1626711\" target=\"_blank\" rel=\"noreferrer noopener\">Coordena\u00e7\u00e3o de Gradua\u00e7\u00e3o em Filosofia<\/a><\/p>\n\n\n\n<p><a href=\"https:\/\/sigaa.ufpb.br\/sigaa\/public\/curso\/portal.jsf?lc=pt_BR&amp;id=1626832\" target=\"_blank\" rel=\"noreferrer noopener\">Coordena\u00e7\u00e3o de Gradua\u00e7\u00e3o em Hist\u00f3ria<\/a><\/p>\n\n\n\n<p><a href=\"http:\/\/www.cchla.ufpb.br\/ccl\" target=\"_blank\" rel=\"noreferrer noopener\">Coordena\u00e7\u00e3o de Gradua\u00e7\u00e3o em Letras &#8211; Portugu\u00eas<\/a><\/p>\n\n\n\n<p><a href=\"https:\/\/sigaa.ufpb.br\/sigaa\/public\/curso\/portal.jsf?id=2663749&amp;lc=pt_BR\" target=\"_blank\" rel=\"noreferrer noopener\">Coordena\u00e7\u00e3o de Gradua\u00e7\u00e3o em Letras &#8211; Ingl\u00eas<\/a><\/p>\n\n\n\n<p><a href=\"https:\/\/sigaa.ufpb.br\/sigaa\/public\/curso\/portal.jsf?id=4057805&amp;lc=pt_BR\" target=\"_blank\" rel=\"noreferrer noopener\">Coordena\u00e7\u00e3o de Gradua\u00e7\u00e3o em Letras &#8211; Franc\u00eas<\/a><\/p>\n\n\n\n<p><a href=\"https:\/\/sigaa.ufpb.br\/sigaa\/public\/curso\/portal.jsf?id=2663753&amp;lc=pt_BR\" target=\"_blank\" rel=\"noreferrer noopener\">Coordena\u00e7\u00e3o de Gradua\u00e7\u00e3o em Letras &#8211; Espanhol<\/a><\/p>\n\n\n\n<p><a href=\"http:\/\/letrasclassicas.com.br\/\" target=\"_blank\" rel=\"noreferrer noopener\">Coordena\u00e7\u00e3o de Gradua\u00e7\u00e3o em Letras Cl\u00e1ssicas<\/a><\/p>\n\n\n\n<p><a href=\"http:\/\/plone.ufpb.br\/lea\/\">Coordena\u00e7\u00e3o de Gradua\u00e7\u00e3o em L\u00ednguas Estrangeiras Aplicadas \u00e0s Negocia\u00e7\u00f5es Internacionais<\/a><\/p>\n\n\n\n<p><a href=\"https:\/\/sigaa.ufpb.br\/sigaa\/public\/curso\/portal.jsf?id=1626724&amp;lc=pt_BR\" target=\"_blank\" rel=\"noreferrer noopener\">Coordena\u00e7\u00e3o de Gradua\u00e7\u00e3o em Psicologia<\/a><\/p>\n\n\n\n<p><a href=\"http:\/\/plone.ufpb.br\/css\/\">Coordena\u00e7\u00e3o de Gradua\u00e7\u00e3o em Servi\u00e7o Social<\/a><\/p>\n\n\n\n<p><a href=\"http:\/\/plone.ufpb.br\/ctrad\/?page_id=9\">Coordena\u00e7\u00e3o de Gradua\u00e7\u00e3o em Tradu\u00e7\u00e3o<\/a><\/p>\n","protected":false},"excerpt":{"rendered":"<p>Coordena\u00e7\u00e3o de Gradua\u00e7\u00e3o em Ci\u00eancias Sociais Coordena\u00e7\u00e3o de Gradua\u00e7\u00e3o em Comunica\u00e7\u00e3o e M\u00eddias Digitais Coordena\u00e7\u00e3o de Gradua\u00e7\u00e3o em Filosofia Coordena\u00e7\u00e3o de Gradua\u00e7\u00e3o em Hist\u00f3ria Coordena\u00e7\u00e3o de Gradua\u00e7\u00e3o em Letras &#8211; Portugu\u00eas Coordena\u00e7\u00e3o de Gradua\u00e7\u00e3o em Letras &#8211; Ingl\u00eas Coordena\u00e7\u00e3o de Gradua\u00e7\u00e3o em Letras &#8211; Franc\u00eas Coordena\u00e7\u00e3o de Gradua\u00e7\u00e3o em Letras &#8211; Espanhol Coordena\u00e7\u00e3o de Gradua\u00e7\u00e3o [&hellip;]<\/p>\n","protected":false},"author":47,"featured_media":0,"parent":0,"menu_order":0,"comment_status":"closed","ping_status":"closed","template":"","meta":{"footnotes":""},"class_list":["post-33","page","type-page","status-publish","hentry"],"_links":{"self":[{"href":"https:\/\/www.cchla.ufpb.br\/siag\/wp-json\/wp\/v2\/pages\/33","targetHints":{"allow":["GET"]}}],"collection":[{"href":"https:\/\/www.cchla.ufpb.br\/siag\/wp-json\/wp\/v2\/pages"}],"about":[{"href":"https:\/\/www.cchla.ufpb.br\/siag\/wp-json\/wp\/v2\/types\/page"}],"author":[{"embeddable":true,"href":"https:\/\/www.cchla.ufpb.br\/siag\/wp-json\/wp\/v2\/users\/47"}],"replies":[{"embeddable":true,"href":"https:\/\/www.cchla.ufpb.br\/siag\/wp-json\/wp\/v2\/comments?post=33"}],"version-history":[{"count":1,"href":"https:\/\/www.cchla.ufpb.br\/siag\/wp-json\/wp\/v2\/pages\/33\/revisions"}],"predecessor-version":[{"id":34,"href":"https:\/\/www.cchla.ufpb.br\/siag\/wp-json\/wp\/v2\/pages\/33\/revisions\/34"}],"wp:attachment":[{"href":"https:\/\/www.cchla.ufpb.br\/siag\/wp-json\/wp\/v2\/media?parent=33"}],"curies":[{"name":"wp","href":"https:\/\/api.w.org\/{rel}","templated":true}]}}