{"id":76,"date":"2025-04-15T11:07:21","date_gmt":"2025-04-15T14:07:21","guid":{"rendered":"https:\/\/www.cchla.ufpb.br\/siag\/?page_id=76"},"modified":"2025-09-03T14:33:56","modified_gmt":"2025-09-03T17:33:56","slug":"formularios","status":"publish","type":"page","link":"https:\/\/www.cchla.ufpb.br\/siag\/formularios\/","title":{"rendered":"Formul\u00e1rios"},"content":{"rendered":"\n<div class=\"wp-block-file\"><a id=\"wp-block-file--media-7c670232-fd13-4256-b01e-8056f615de79\" href=\"http:\/\/www.cchla.ufpb.br\/siag\/wp-content\/uploads\/sites\/122\/sites\/277\/2025\/04\/formulario-de-atualizacao-e-correcao-de-dados-cadastrais-siag.pdf\">Atualiza\u00e7\u00e3o\/corre\u00e7\u00e3o cadastral<\/a><a href=\"http:\/\/www.cchla.ufpb.br\/siag\/wp-content\/uploads\/sites\/122\/sites\/277\/2025\/04\/formulario-de-atualizacao-e-correcao-de-dados-cadastrais-siag.pdf\" class=\"wp-block-file__button wp-element-button\" download aria-describedby=\"wp-block-file--media-7c670232-fd13-4256-b01e-8056f615de79\">Baixar<\/a><\/div>\n\n\n\n<div class=\"wp-block-file\"><a id=\"wp-block-file--media-703099de-2624-482a-929e-5d0f103b9c2e\" href=\"https:\/\/www.cchla.ufpb.br\/siag\/wp-content\/uploads\/sites\/122\/sites\/277\/2025\/04\/formulario-de-cancelamento-de-vinculo-siag-1.pdf\">Cancelamento de v\u00ednculo<\/a><a href=\"https:\/\/www.cchla.ufpb.br\/siag\/wp-content\/uploads\/sites\/122\/sites\/277\/2025\/04\/formulario-de-cancelamento-de-vinculo-siag-1.pdf\" class=\"wp-block-file__button wp-element-button\" download aria-describedby=\"wp-block-file--media-703099de-2624-482a-929e-5d0f103b9c2e\">Baixar<\/a><\/div>\n\n\n\n<div class=\"wp-block-file\"><a id=\"wp-block-file--media-c97fdd2e-93f4-4df9-8a83-c20b95e2b172\" href=\"https:\/\/www.cchla.ufpb.br\/siag\/wp-content\/uploads\/sites\/122\/sites\/277\/2025\/09\/requerimento-de-sessao-individual-de-colacao-de-grau.pdf\">Requerimento &#8211; Cola\u00e7\u00e3o de Grau Individual<\/a><a href=\"https:\/\/www.cchla.ufpb.br\/siag\/wp-content\/uploads\/sites\/122\/sites\/277\/2025\/09\/requerimento-de-sessao-individual-de-colacao-de-grau.pdf\" class=\"wp-block-file__button wp-element-button\" download aria-describedby=\"wp-block-file--media-c97fdd2e-93f4-4df9-8a83-c20b95e2b172\">Baixar<\/a><\/div>\n\n\n\n<div class=\"wp-block-file\"><a id=\"wp-block-file--media-1e0f51f3-7136-4ca6-91bb-78b23c4a9679\" href=\"https:\/\/www.cchla.ufpb.br\/siag\/wp-content\/uploads\/sites\/122\/sites\/277\/2025\/09\/requerimento-diploma-digital.pdf\">Diploma Digital <\/a><a href=\"https:\/\/www.cchla.ufpb.br\/siag\/wp-content\/uploads\/sites\/122\/sites\/277\/2025\/09\/requerimento-diploma-digital.pdf\" class=\"wp-block-file__button wp-element-button\" download aria-describedby=\"wp-block-file--media-1e0f51f3-7136-4ca6-91bb-78b23c4a9679\">Baixar<\/a><\/div>\n\n\n\n<div class=\"wp-block-file\"><a id=\"wp-block-file--media-d3f3277f-199c-46d8-9f74-c957ad9a4e8b\" href=\"http:\/\/www.cchla.ufpb.br\/siag\/wp-content\/uploads\/sites\/122\/sites\/277\/2025\/04\/requerimento-de-antecipacao-de-colacao-de-grau.pdf\">Antecipa\u00e7\u00e3o de Cola\u00e7\u00e3o de Grau<\/a><a href=\"http:\/\/www.cchla.ufpb.br\/siag\/wp-content\/uploads\/sites\/122\/sites\/277\/2025\/04\/requerimento-de-antecipacao-de-colacao-de-grau.pdf\" class=\"wp-block-file__button wp-element-button\" download aria-describedby=\"wp-block-file--media-d3f3277f-199c-46d8-9f74-c957ad9a4e8b\">Baixar<\/a><\/div>\n\n\n\n<div class=\"wp-block-file\"><a id=\"wp-block-file--media-47620ff8-4093-4aeb-ba12-b38ac742e9a1\" href=\"http:\/\/www.cchla.ufpb.br\/siag\/wp-content\/uploads\/sites\/122\/sites\/277\/2025\/04\/requerimento-para-mudanca-de-turno.pdf\">Mudan\u00e7a de turno<\/a><a href=\"http:\/\/www.cchla.ufpb.br\/siag\/wp-content\/uploads\/sites\/122\/sites\/277\/2025\/04\/requerimento-para-mudanca-de-turno.pdf\" class=\"wp-block-file__button wp-element-button\" download aria-describedby=\"wp-block-file--media-47620ff8-4093-4aeb-ba12-b38ac742e9a1\">Baixar<\/a><\/div>\n\n\n\n<div class=\"wp-block-file\"><a id=\"wp-block-file--media-eac53609-9c6d-4eb5-94ec-ebd116b391bb\" href=\"https:\/\/www.cchla.ufpb.br\/siag\/wp-content\/uploads\/sites\/122\/sites\/277\/2025\/04\/requerimento-de-abreviacao-de-prazo-para-integralizacao-curricular-1-3.pdf\">Abrevia\u00e7\u00e3o de prazo para conclus\u00e3o de curso<\/a><a href=\"https:\/\/www.cchla.ufpb.br\/siag\/wp-content\/uploads\/sites\/122\/sites\/277\/2025\/04\/requerimento-de-abreviacao-de-prazo-para-integralizacao-curricular-1-3.pdf\" class=\"wp-block-file__button wp-element-button\" download aria-describedby=\"wp-block-file--media-eac53609-9c6d-4eb5-94ec-ebd116b391bb\">Baixar<\/a><\/div>\n\n\n\n<div class=\"wp-block-file\"><a id=\"wp-block-file--media-06b2e019-5eb5-4303-8416-5fec149973c5\" href=\"http:\/\/www.cchla.ufpb.br\/siag\/wp-content\/uploads\/sites\/122\/sites\/277\/2025\/04\/aproveitamento-de-pibid-como-disciplina-optativa.pdf\">Aproveitamento de PIBID como disciplina optativa<\/a><a href=\"http:\/\/www.cchla.ufpb.br\/siag\/wp-content\/uploads\/sites\/122\/sites\/277\/2025\/04\/aproveitamento-de-pibid-como-disciplina-optativa.pdf\" class=\"wp-block-file__button wp-element-button\" download aria-describedby=\"wp-block-file--media-06b2e019-5eb5-4303-8416-5fec149973c5\">Baixar<\/a><\/div>\n\n\n\n<div class=\"wp-block-file\"><a id=\"wp-block-file--media-e213a128-30c9-4a97-9453-307c55d11b23\" href=\"https:\/\/www.cchla.ufpb.br\/siag\/wp-content\/uploads\/sites\/122\/sites\/277\/2025\/04\/requerimento-de-aproveitamento-de-conteudos-complementares-flexiveis-1-1-1.pdf\">Aproveitamento dos conte\u00fados complementares flex\u00edveis<\/a><a href=\"https:\/\/www.cchla.ufpb.br\/siag\/wp-content\/uploads\/sites\/122\/sites\/277\/2025\/04\/requerimento-de-aproveitamento-de-conteudos-complementares-flexiveis-1-1-1.pdf\" class=\"wp-block-file__button wp-element-button\" download aria-describedby=\"wp-block-file--media-e213a128-30c9-4a97-9453-307c55d11b23\">Baixar<\/a><\/div>\n\n\n\n<div class=\"wp-block-file\"><a id=\"wp-block-file--media-2ecbecbe-8f8f-484c-91e9-3ec477d45440\" href=\"https:\/\/www.cchla.ufpb.br\/siag\/wp-content\/uploads\/sites\/122\/sites\/277\/2025\/04\/requerimento-de-aproveitamento-de-optativa-de-livre-escolha-1.pdf\">Aproveitamento de optativa de livre escolha<\/a><a href=\"https:\/\/www.cchla.ufpb.br\/siag\/wp-content\/uploads\/sites\/122\/sites\/277\/2025\/04\/requerimento-de-aproveitamento-de-optativa-de-livre-escolha-1.pdf\" class=\"wp-block-file__button wp-element-button\" download aria-describedby=\"wp-block-file--media-2ecbecbe-8f8f-484c-91e9-3ec477d45440\">Baixar<\/a><\/div>\n\n\n\n<div class=\"wp-block-file\"><a id=\"wp-block-file--media-66a905f1-b4a0-4435-8b78-4a1f8b19f662\" href=\"https:\/\/www.cchla.ufpb.br\/siag\/wp-content\/uploads\/sites\/122\/sites\/277\/2025\/04\/requerimento-de-aproveitamento-de-componentes-curriculares-ou-dispensa-de-disciplina-s.pdf\">Aproveitamento\/Dispensa de disciplina<\/a><a href=\"https:\/\/www.cchla.ufpb.br\/siag\/wp-content\/uploads\/sites\/122\/sites\/277\/2025\/04\/requerimento-de-aproveitamento-de-componentes-curriculares-ou-dispensa-de-disciplina-s.pdf\" class=\"wp-block-file__button wp-element-button\" download aria-describedby=\"wp-block-file--media-66a905f1-b4a0-4435-8b78-4a1f8b19f662\">Baixar<\/a><\/div>\n\n\n\n<div class=\"wp-block-file\"><a id=\"wp-block-file--media-5dc39a8d-c373-44f5-9b36-7d3122c9a002\" href=\"https:\/\/www.cchla.ufpb.br\/siag\/wp-content\/uploads\/sites\/122\/sites\/277\/2025\/09\/Requerimento-de-reingresso.pdf\">Requerimento de Reingresso<\/a><a href=\"https:\/\/www.cchla.ufpb.br\/siag\/wp-content\/uploads\/sites\/122\/sites\/277\/2025\/09\/Requerimento-de-reingresso.pdf\" class=\"wp-block-file__button wp-element-button\" download aria-describedby=\"wp-block-file--media-5dc39a8d-c373-44f5-9b36-7d3122c9a002\">Baixar<\/a><\/div>\n\n\n\n<div class=\"wp-block-file\"><a id=\"wp-block-file--media-cf58ca57-66c3-45f6-af3f-00b51a1535ed\" href=\"https:\/\/www.cchla.ufpb.br\/siag\/wp-content\/uploads\/sites\/122\/sites\/277\/2025\/04\/requerimento-de-trancamento-de-matricula-fora-do-periodo-estabelecido-pelo-calendario-academico-1.pdf\">Trancamento de matr\u00edcula fora de prazo<\/a><a href=\"https:\/\/www.cchla.ufpb.br\/siag\/wp-content\/uploads\/sites\/122\/sites\/277\/2025\/04\/requerimento-de-trancamento-de-matricula-fora-do-periodo-estabelecido-pelo-calendario-academico-1.pdf\" class=\"wp-block-file__button wp-element-button\" download aria-describedby=\"wp-block-file--media-cf58ca57-66c3-45f6-af3f-00b51a1535ed\">Baixar<\/a><\/div>\n\n\n\n<div class=\"wp-block-file\"><a id=\"wp-block-file--media-c7a735c7-e42b-497e-99df-c5cf9faa4465\" href=\"https:\/\/www.cchla.ufpb.br\/siag\/wp-content\/uploads\/sites\/122\/sites\/277\/2025\/04\/requerimento-de-regime-de-exercicios-domiciliares-1.pdf\">Regime de exerc\u00edcio domiciliar<\/a><a href=\"https:\/\/www.cchla.ufpb.br\/siag\/wp-content\/uploads\/sites\/122\/sites\/277\/2025\/04\/requerimento-de-regime-de-exercicios-domiciliares-1.pdf\" class=\"wp-block-file__button wp-element-button\" download aria-describedby=\"wp-block-file--media-c7a735c7-e42b-497e-99df-c5cf9faa4465\">Baixar<\/a><\/div>\n\n\n\n<div class=\"wp-block-file\"><a id=\"wp-block-file--media-d1bc87ec-810e-4053-9794-dd2c10202b5c\" href=\"https:\/\/www.cchla.ufpb.br\/siag\/wp-content\/uploads\/sites\/122\/sites\/277\/2025\/04\/requerimento-de-dilatacao-de-prazo-para-integralizacao-curricular-1.pdf\">Dilata\u00e7\u00e3o de prazo para conclus\u00e3o de curso<\/a><a href=\"https:\/\/www.cchla.ufpb.br\/siag\/wp-content\/uploads\/sites\/122\/sites\/277\/2025\/04\/requerimento-de-dilatacao-de-prazo-para-integralizacao-curricular-1.pdf\" class=\"wp-block-file__button wp-element-button\" download aria-describedby=\"wp-block-file--media-d1bc87ec-810e-4053-9794-dd2c10202b5c\">Baixar<\/a><\/div>\n\n\n\n<div class=\"wp-block-file\"><a id=\"wp-block-file--media-cb40187f-b430-4e1d-a0c6-1d9abffed923\" href=\"https:\/\/www.cchla.ufpb.br\/siag\/wp-content\/uploads\/sites\/122\/sites\/277\/2025\/04\/requerimento-de-quebra-de-pre-requisito-1.pdf\">Quebra de pr\u00e9-requisito<\/a><a href=\"https:\/\/www.cchla.ufpb.br\/siag\/wp-content\/uploads\/sites\/122\/sites\/277\/2025\/04\/requerimento-de-quebra-de-pre-requisito-1.pdf\" class=\"wp-block-file__button wp-element-button\" download aria-describedby=\"wp-block-file--media-cb40187f-b430-4e1d-a0c6-1d9abffed923\">Baixar<\/a><\/div>\n\n\n\n<div class=\"wp-block-file\"><a id=\"wp-block-file--media-f0facbea-15fa-4e59-b951-43982d5beb82\" href=\"https:\/\/www.cchla.ufpb.br\/siag\/wp-content\/uploads\/sites\/122\/sites\/277\/2025\/04\/requerimento-de-inclusao-exclusao-de-nome-social.pdf\">Inclus\u00e3o\/exclus\u00e3o de nome social<\/a><a href=\"https:\/\/www.cchla.ufpb.br\/siag\/wp-content\/uploads\/sites\/122\/sites\/277\/2025\/04\/requerimento-de-inclusao-exclusao-de-nome-social.pdf\" class=\"wp-block-file__button wp-element-button\" download aria-describedby=\"wp-block-file--media-f0facbea-15fa-4e59-b951-43982d5beb82\">Baixar<\/a><\/div>\n\n\n\n<div class=\"wp-block-file\"><a id=\"wp-block-file--media-1f44a6cd-d1b4-4540-b59c-179fb3192c89\" href=\"https:\/\/www.cchla.ufpb.br\/siag\/wp-content\/uploads\/sites\/122\/sites\/277\/2025\/04\/requerimento-geral.pdf\">Requerimento geral<\/a><a href=\"https:\/\/www.cchla.ufpb.br\/siag\/wp-content\/uploads\/sites\/122\/sites\/277\/2025\/04\/requerimento-geral.pdf\" class=\"wp-block-file__button wp-element-button\" download aria-describedby=\"wp-block-file--media-1f44a6cd-d1b4-4540-b59c-179fb3192c89\">Baixar<\/a><\/div>\n\n\n\n<div class=\"wp-block-file\"><a id=\"wp-block-file--media-cd625b52-2924-4969-9cb6-0b5a1f6b251e\" href=\"https:\/\/www.cchla.ufpb.br\/siag\/wp-content\/uploads\/sites\/122\/sites\/277\/2025\/04\/requerimento-de-extrapolacao-do-limite-de-creditos-1.pdf\">Extrapola\u00e7\u00e3o do limite de cr\u00e9ditos<\/a><a href=\"https:\/\/www.cchla.ufpb.br\/siag\/wp-content\/uploads\/sites\/122\/sites\/277\/2025\/04\/requerimento-de-extrapolacao-do-limite-de-creditos-1.pdf\" class=\"wp-block-file__button wp-element-button\" download aria-describedby=\"wp-block-file--media-cd625b52-2924-4969-9cb6-0b5a1f6b251e\">Baixar<\/a><\/div>\n\n\n\n<div class=\"wp-block-file\"><a id=\"wp-block-file--media-8612f05b-81b7-48d8-8d33-d50a49e7c98d\" href=\"https:\/\/www.cchla.ufpb.br\/siag\/wp-content\/uploads\/sites\/122\/sites\/277\/2025\/04\/formulario-de-recurso-ao-consepe-formulario-padrao.pdf\">Recurso ao CONSEPE<\/a><a href=\"https:\/\/www.cchla.ufpb.br\/siag\/wp-content\/uploads\/sites\/122\/sites\/277\/2025\/04\/formulario-de-recurso-ao-consepe-formulario-padrao.pdf\" class=\"wp-block-file__button wp-element-button\" download aria-describedby=\"wp-block-file--media-8612f05b-81b7-48d8-8d33-d50a49e7c98d\">Baixar<\/a><\/div>\n\n\n\n<div class=\"wp-block-file\"><a id=\"wp-block-file--media-e7a93134-f4b0-473a-a6aa-a4b70a682e20\" href=\"https:\/\/www.cchla.ufpb.br\/siag\/wp-content\/uploads\/sites\/122\/sites\/277\/2025\/04\/requerimento-de-recurso-a-pro-reitoria-de-graduacao.pdf\">Recurso para a PRG<\/a><a href=\"https:\/\/www.cchla.ufpb.br\/siag\/wp-content\/uploads\/sites\/122\/sites\/277\/2025\/04\/requerimento-de-recurso-a-pro-reitoria-de-graduacao.pdf\" class=\"wp-block-file__button wp-element-button\" download aria-describedby=\"wp-block-file--media-e7a93134-f4b0-473a-a6aa-a4b70a682e20\">Baixar<\/a><\/div>\n\n\n\n<div class=\"wp-block-file\"><a id=\"wp-block-file--media-7a5b0d2e-a450-4d03-ac67-7417a07dbae9\" href=\"https:\/\/www.cchla.ufpb.br\/siag\/wp-content\/uploads\/sites\/122\/sites\/277\/2025\/04\/requerimento-de-recurso-ao-colegiado-do-curso.pdf\">Recurso ao colegiado de curso<\/a><a href=\"https:\/\/www.cchla.ufpb.br\/siag\/wp-content\/uploads\/sites\/122\/sites\/277\/2025\/04\/requerimento-de-recurso-ao-colegiado-do-curso.pdf\" class=\"wp-block-file__button wp-element-button\" download aria-describedby=\"wp-block-file--media-7a5b0d2e-a450-4d03-ac67-7417a07dbae9\">Baixar<\/a><\/div>\n\n\n\n<div class=\"wp-block-file\"><a id=\"wp-block-file--media-56cd156b-3153-4b92-8761-239887b54855\" href=\"https:\/\/www.cchla.ufpb.br\/siag\/wp-content\/uploads\/sites\/122\/sites\/277\/2025\/04\/requerimento-de-recurso-ao-departamento.pdf\">Recurso ao departamento<\/a><a href=\"https:\/\/www.cchla.ufpb.br\/siag\/wp-content\/uploads\/sites\/122\/sites\/277\/2025\/04\/requerimento-de-recurso-ao-departamento.pdf\" class=\"wp-block-file__button wp-element-button\" download aria-describedby=\"wp-block-file--media-56cd156b-3153-4b92-8761-239887b54855\">Baixar<\/a><\/div>\n\n\n\n<div class=\"wp-block-file\"><a id=\"wp-block-file--media-01474c3c-7a2c-4c2f-a841-c862279ebc3d\" href=\"https:\/\/www.cchla.ufpb.br\/siag\/wp-content\/uploads\/sites\/122\/sites\/277\/2025\/09\/Requerimento-Aproveitamento-Estagio-PPC-Atual-4.pdf\">Aproveitamento Est\u00e1gio &#8211; Curso de M\u00eddias Digitais<\/a><a href=\"https:\/\/www.cchla.ufpb.br\/siag\/wp-content\/uploads\/sites\/122\/sites\/277\/2025\/09\/Requerimento-Aproveitamento-Estagio-PPC-Atual-4.pdf\" class=\"wp-block-file__button wp-element-button\" download aria-describedby=\"wp-block-file--media-01474c3c-7a2c-4c2f-a841-c862279ebc3d\">Baixar<\/a><\/div>\n\n\n\n<div class=\"wp-block-file\"><a id=\"wp-block-file--media-b7a51cf4-a868-477f-9c7f-ff82512c68a8\" href=\"https:\/\/www.cchla.ufpb.br\/siag\/wp-content\/uploads\/sites\/122\/sites\/277\/2025\/09\/Tabela_Pontuao_de_HORAS_FLEXVEIS_Atividades_Complementares_2023.pdf\">Aproveitamento &#8211; Conte\u00fados flex\u00edveis &#8211; Curso de M\u00eddias Digitais<\/a><a href=\"https:\/\/www.cchla.ufpb.br\/siag\/wp-content\/uploads\/sites\/122\/sites\/277\/2025\/09\/Tabela_Pontuao_de_HORAS_FLEXVEIS_Atividades_Complementares_2023.pdf\" class=\"wp-block-file__button wp-element-button\" download aria-describedby=\"wp-block-file--media-b7a51cf4-a868-477f-9c7f-ff82512c68a8\">Baixar<\/a><\/div>\n\n\n\n<div class=\"wp-block-file\"><a id=\"wp-block-file--media-fc36e203-cb04-4790-91bd-f0e0ca154da3\" href=\"https:\/\/www.cchla.ufpb.br\/siag\/wp-content\/uploads\/sites\/122\/sites\/277\/2025\/09\/Aproveitamento_de_Optativas_-_PIBID_-_Anexo_I_-_Requerimento_-_Resol._01-2025.docx\">Aproveitamento de optativa com PIBID &#8211; Curso de Letras Franc\u00eas<\/a><a href=\"https:\/\/www.cchla.ufpb.br\/siag\/wp-content\/uploads\/sites\/122\/sites\/277\/2025\/09\/Aproveitamento_de_Optativas_-_PIBID_-_Anexo_I_-_Requerimento_-_Resol._01-2025.docx\" class=\"wp-block-file__button wp-element-button\" download aria-describedby=\"wp-block-file--media-fc36e203-cb04-4790-91bd-f0e0ca154da3\">Baixar<\/a><\/div>\n\n\n\n<p><\/p>\n","protected":false},"excerpt":{"rendered":"","protected":false},"author":261,"featured_media":0,"parent":0,"menu_order":0,"comment_status":"closed","ping_status":"closed","template":"","meta":{"footnotes":""},"class_list":["post-76","page","type-page","status-publish","hentry"],"_links":{"self":[{"href":"https:\/\/www.cchla.ufpb.br\/siag\/wp-json\/wp\/v2\/pages\/76","targetHints":{"allow":["GET"]}}],"collection":[{"href":"https:\/\/www.cchla.ufpb.br\/siag\/wp-json\/wp\/v2\/pages"}],"about":[{"href":"https:\/\/www.cchla.ufpb.br\/siag\/wp-json\/wp\/v2\/types\/page"}],"author":[{"embeddable":true,"href":"https:\/\/www.cchla.ufpb.br\/siag\/wp-json\/wp\/v2\/users\/261"}],"replies":[{"embeddable":true,"href":"https:\/\/www.cchla.ufpb.br\/siag\/wp-json\/wp\/v2\/comments?post=76"}],"version-history":[{"count":10,"href":"https:\/\/www.cchla.ufpb.br\/siag\/wp-json\/wp\/v2\/pages\/76\/revisions"}],"predecessor-version":[{"id":235,"href":"https:\/\/www.cchla.ufpb.br\/siag\/wp-json\/wp\/v2\/pages\/76\/revisions\/235"}],"wp:attachment":[{"href":"https:\/\/www.cchla.ufpb.br\/siag\/wp-json\/wp\/v2\/media?parent=76"}],"curies":[{"name":"wp","href":"https:\/\/api.w.org\/{rel}","templated":true}]}}